{"id":5317268,"date":"2026-01-19T14:49:47","date_gmt":"2026-01-19T12:49:47","guid":{"rendered":"https:\/\/gadgettravellers.eu\/shop\/adesivi-3d-di-natale-cartellina-media-25x15cm-xmasfest-113267\/"},"modified":"2026-04-22T22:53:49","modified_gmt":"2026-04-22T20:53:49","slug":"adesivi-3d-di-natale-cartellina-media-25x15cm-xmasfest-113267","status":"publish","type":"product","link":"https:\/\/gadgettravellers.eu\/it\/shop\/adesivi-3d-di-natale-cartellina-media-25x15cm-xmasfest-113267\/","title":{"rendered":"Adesivi 3D di Natale Cartellina Media 25x15cm Xmasfest 113267"},"content":{"rendered":"<p>(come da progetto) Adesivo 3D 25x15cm<\/p>\n<div class='aiseo-faq-section' style='margin-top:30px; border-top:1px solid #eee; padding-top:20px;'>\n<h3>Domande Frequenti<\/h3>\n<details style='margin-bottom:10px; padding:10px; background:#f9f9f9; border-radius:5px;'>\n<summary style='font-weight:bold; cursor:pointer;'>Qual \u00e8 la dimensione dell&#8217;adesivo?<\/summary>\n<div style='margin-top:10px; color:#555;'>L&#8217;adesivo ha dimensioni 25&#215;15 cm.<\/div>\n<\/details>\n<details style='margin-bottom:10px; padding:10px; background:#f9f9f9; border-radius:5px;'>\n<summary style='font-weight:bold; cursor:pointer;'>Che tipo di adesivo \u00e8?<\/summary>\n<div style='margin-top:10px; color:#555;'>\u00c8 un adesivo 3D (per design) con retro adesivo per una facile applicazione.<\/div>\n<\/details>\n<details style='margin-bottom:10px; padding:10px; background:#f9f9f9; border-radius:5px;'>\n<summary style='font-weight:bold; cursor:pointer;'>Dove posso applicarlo?<\/summary>\n<div style='margin-top:10px; color:#555;'>Pu\u00f2 essere attaccato a finestre, su regali e decorazioni per una rapida decorazione stagionale.<\/div>\n<\/details>\n<details style='margin-bottom:10px; padding:10px; background:#f9f9f9; border-radius:5px;'>\n<summary style='font-weight:bold; cursor:pointer;'>Viene su carta?<\/summary>\n<div style='margin-top:10px; color:#555;'>S\u00ec, viene consegnato in una scheda media 25&#215;15 cm per presentazione e facile utilizzo.<\/div>\n<\/details>\n<\/div>\n","protected":false},"excerpt":{"rendered":"<p>(come da progetto) Adesivo 3D 25x15cm Domande Frequenti Qual \u00e8 la dimensione dell&#8217;adesivo? L&#8217;adesivo ha dimensioni 25&#215;15 cm. Che tipo di adesivo \u00e8? \u00c8 un adesivo 3D (per design) con retro adesivo per una facile applicazione. Dove posso applicarlo? Pu\u00f2 essere attaccato a finestre, su regali e decorazioni per una rapida decorazione stagionale. Viene su [&hellip;]<\/p>\n","protected":false},"featured_media":5181980,"comment_status":"closed","ping_status":"open","template":"","meta":[],"product_brand":[],"product_cat":[],"product_tag":[15],"class_list":{"0":"post-5317268","1":"product","2":"type-product","3":"status-publish","4":"has-post-thumbnail","6":"product_tag-uncategorized","8":"first","9":"onbackorder","10":"purchasable","11":"product-type-simple"},"jetpack_sharing_enabled":true,"_links":{"self":[{"href":"https:\/\/gadgettravellers.eu\/it\/wp-json\/wp\/v2\/product\/5317268","targetHints":{"allow":["GET"]}}],"collection":[{"href":"https:\/\/gadgettravellers.eu\/it\/wp-json\/wp\/v2\/product"}],"about":[{"href":"https:\/\/gadgettravellers.eu\/it\/wp-json\/wp\/v2\/types\/product"}],"replies":[{"embeddable":true,"href":"https:\/\/gadgettravellers.eu\/it\/wp-json\/wp\/v2\/comments?post=5317268"}],"wp:featuredmedia":[{"embeddable":true,"href":"https:\/\/gadgettravellers.eu\/it\/wp-json\/wp\/v2\/media\/5181980"}],"wp:attachment":[{"href":"https:\/\/gadgettravellers.eu\/it\/wp-json\/wp\/v2\/media?parent=5317268"}],"wp:term":[{"taxonomy":"product_brand","embeddable":true,"href":"https:\/\/gadgettravellers.eu\/it\/wp-json\/wp\/v2\/product_brand?post=5317268"},{"taxonomy":"product_cat","embeddable":true,"href":"https:\/\/gadgettravellers.eu\/it\/wp-json\/wp\/v2\/product_cat?post=5317268"},{"taxonomy":"product_tag","embeddable":true,"href":"https:\/\/gadgettravellers.eu\/it\/wp-json\/wp\/v2\/product_tag?post=5317268"}],"curies":[{"name":"wp","href":"https:\/\/api.w.org\/{rel}","templated":true}]}}