{"id":5317272,"date":"2026-01-19T14:49:49","date_gmt":"2026-01-19T12:49:49","guid":{"rendered":"https:\/\/gadgettravellers.eu\/shop\/calendario-da-parete-in-legno-24x15cm-xmasfest-1132522\/"},"modified":"2026-04-22T22:53:51","modified_gmt":"2026-04-22T20:53:51","slug":"calendario-da-parete-in-legno-24x15cm-xmasfest-1132522","status":"publish","type":"product","link":"https:\/\/gadgettravellers.eu\/it\/shop\/calendario-da-parete-in-legno-24x15cm-xmasfest-1132522\/","title":{"rendered":"Calendario da parete in legno 24x15cm Xmasfest 1132522"},"content":{"rendered":"<p>Legno 24x15cm<\/p>\n<div class='aiseo-faq-section' style='margin-top:30px; border-top:1px solid #eee; padding-top:20px;'>\n<h3>Domande Frequenti<\/h3>\n<details style='margin-bottom:10px; padding:10px; background:#f9f9f9; border-radius:5px;'>\n<summary style='font-weight:bold; cursor:pointer;'>Di che materiale \u00e8 fatto il calendario?<\/summary>\n<div style='margin-top:10px; color:#555;'>Realizzato in legno resistente con finitura naturale.<\/div>\n<\/details>\n<details style='margin-bottom:10px; padding:10px; background:#f9f9f9; border-radius:5px;'>\n<summary style='font-weight:bold; cursor:pointer;'>Quali sono le sue dimensioni?<\/summary>\n<div style='margin-top:10px; color:#555;'>Le dimensioni sono 24&#215;15 cm.<\/div>\n<\/details>\n<details style='margin-bottom:10px; padding:10px; background:#f9f9f9; border-radius:5px;'>\n<summary style='font-weight:bold; cursor:pointer;'>Dove posso posizionarlo?<\/summary>\n<div style='margin-top:10px; color:#555;'>Si fissa al muro ed \u00e8 adatto per soggiorno, cucina o ufficio.<\/div>\n<\/details>\n<details style='margin-bottom:10px; padding:10px; background:#f9f9f9; border-radius:5px;'>\n<summary style='font-weight:bold; cursor:pointer;'>\u00c8 facile da curare?<\/summary>\n<div style='margin-top:10px; color:#555;'>S\u00ec, \u00e8 facile da pulire e progettato per un uso a lungo termine.<\/div>\n<\/details>\n<\/div>\n","protected":false},"excerpt":{"rendered":"<p>Legno 24x15cm Domande Frequenti Di che materiale \u00e8 fatto il calendario? Realizzato in legno resistente con finitura naturale. Quali sono le sue dimensioni? Le dimensioni sono 24&#215;15 cm. Dove posso posizionarlo? Si fissa al muro ed \u00e8 adatto per soggiorno, cucina o ufficio. \u00c8 facile da curare? S\u00ec, \u00e8 facile da pulire e progettato per [&hellip;]<\/p>\n","protected":false},"featured_media":5181995,"comment_status":"closed","ping_status":"open","template":"","meta":[],"product_brand":[],"product_cat":[],"product_tag":[15],"class_list":{"0":"post-5317272","1":"product","2":"type-product","3":"status-publish","4":"has-post-thumbnail","6":"product_tag-uncategorized","8":"first","9":"onbackorder","10":"purchasable","11":"product-type-simple"},"jetpack_sharing_enabled":true,"_links":{"self":[{"href":"https:\/\/gadgettravellers.eu\/it\/wp-json\/wp\/v2\/product\/5317272","targetHints":{"allow":["GET"]}}],"collection":[{"href":"https:\/\/gadgettravellers.eu\/it\/wp-json\/wp\/v2\/product"}],"about":[{"href":"https:\/\/gadgettravellers.eu\/it\/wp-json\/wp\/v2\/types\/product"}],"replies":[{"embeddable":true,"href":"https:\/\/gadgettravellers.eu\/it\/wp-json\/wp\/v2\/comments?post=5317272"}],"wp:featuredmedia":[{"embeddable":true,"href":"https:\/\/gadgettravellers.eu\/it\/wp-json\/wp\/v2\/media\/5181995"}],"wp:attachment":[{"href":"https:\/\/gadgettravellers.eu\/it\/wp-json\/wp\/v2\/media?parent=5317272"}],"wp:term":[{"taxonomy":"product_brand","embeddable":true,"href":"https:\/\/gadgettravellers.eu\/it\/wp-json\/wp\/v2\/product_brand?post=5317272"},{"taxonomy":"product_cat","embeddable":true,"href":"https:\/\/gadgettravellers.eu\/it\/wp-json\/wp\/v2\/product_cat?post=5317272"},{"taxonomy":"product_tag","embeddable":true,"href":"https:\/\/gadgettravellers.eu\/it\/wp-json\/wp\/v2\/product_tag?post=5317272"}],"curies":[{"name":"wp","href":"https:\/\/api.w.org\/{rel}","templated":true}]}}