{"id":5317273,"date":"2026-01-19T14:49:50","date_gmt":"2026-01-19T12:49:50","guid":{"rendered":"https:\/\/gadgettravellers.eu\/shop\/palle-bianche-12pz-o4cm-xmasfest-1132541\/"},"modified":"2026-04-22T22:53:51","modified_gmt":"2026-04-22T20:53:51","slug":"palle-bianche-12pz-o4cm-xmasfest-1132541","status":"publish","type":"product","link":"https:\/\/gadgettravellers.eu\/it\/shop\/palle-bianche-12pz-o4cm-xmasfest-1132541\/","title":{"rendered":"Palle Bianche 12pz \u00f84cm Xmasfest 1132541"},"content":{"rendered":"<p>Pac=12pz \u00f84cm<\/p>\n<div class='aiseo-faq-section' style='margin-top:30px; border-top:1px solid #eee; padding-top:20px;'>\n<h3>Domande Frequenti<\/h3>\n<details style='margin-bottom:10px; padding:10px; background:#f9f9f9; border-radius:5px;'>\n<summary style='font-weight:bold; cursor:pointer;'>Quanti pezzi include il set?<\/summary>\n<div style='margin-top:10px; color:#555;'>Il set include 12 palline di Natale bianche.<\/div>\n<\/details>\n<details style='margin-bottom:10px; padding:10px; background:#f9f9f9; border-radius:5px;'>\n<summary style='font-weight:bold; cursor:pointer;'>Qual \u00e8 il diametro di ogni palla?<\/summary>\n<div style='margin-top:10px; color:#555;'>Il diametro di ogni palla \u00e8 di 4 cm.<\/div>\n<\/details>\n<details style='margin-bottom:10px; padding:10px; background:#f9f9f9; border-radius:5px;'>\n<summary style='font-weight:bold; cursor:pointer;'>Dove possono essere utilizzate queste palle?<\/summary>\n<div style='margin-top:10px; color:#555;'>Sono ideali per decorare l&#8217;albero, le ghirlande, il tavolo e per una decorazione festiva generale.<\/div>\n<\/details>\n<details style='margin-bottom:10px; padding:10px; background:#f9f9f9; border-radius:5px;'>\n<summary style='font-weight:bold; cursor:pointer;'>\u00c8 difficile installarli e come appare il risultato?<\/summary>\n<div style='margin-top:10px; color:#555;'>L&#8217;installazione \u00e8 facile poich\u00e9 le palle sono leggere, offrendo un risultato elegante e uniforme.<\/div>\n<\/details>\n<\/div>\n","protected":false},"excerpt":{"rendered":"<p>Pac=12pz \u00f84cm Domande Frequenti Quanti pezzi include il set? Il set include 12 palline di Natale bianche. Qual \u00e8 il diametro di ogni palla? Il diametro di ogni palla \u00e8 di 4 cm. Dove possono essere utilizzate queste palle? Sono ideali per decorare l&#8217;albero, le ghirlande, il tavolo e per una decorazione festiva generale. \u00c8 [&hellip;]<\/p>\n","protected":false},"featured_media":5182010,"comment_status":"closed","ping_status":"open","template":"","meta":[],"product_brand":[],"product_cat":[],"product_tag":[15],"class_list":{"0":"post-5317273","1":"product","2":"type-product","3":"status-publish","4":"has-post-thumbnail","6":"product_tag-uncategorized","8":"first","9":"onbackorder","10":"purchasable","11":"product-type-simple"},"jetpack_sharing_enabled":true,"_links":{"self":[{"href":"https:\/\/gadgettravellers.eu\/it\/wp-json\/wp\/v2\/product\/5317273","targetHints":{"allow":["GET"]}}],"collection":[{"href":"https:\/\/gadgettravellers.eu\/it\/wp-json\/wp\/v2\/product"}],"about":[{"href":"https:\/\/gadgettravellers.eu\/it\/wp-json\/wp\/v2\/types\/product"}],"replies":[{"embeddable":true,"href":"https:\/\/gadgettravellers.eu\/it\/wp-json\/wp\/v2\/comments?post=5317273"}],"wp:featuredmedia":[{"embeddable":true,"href":"https:\/\/gadgettravellers.eu\/it\/wp-json\/wp\/v2\/media\/5182010"}],"wp:attachment":[{"href":"https:\/\/gadgettravellers.eu\/it\/wp-json\/wp\/v2\/media?parent=5317273"}],"wp:term":[{"taxonomy":"product_brand","embeddable":true,"href":"https:\/\/gadgettravellers.eu\/it\/wp-json\/wp\/v2\/product_brand?post=5317273"},{"taxonomy":"product_cat","embeddable":true,"href":"https:\/\/gadgettravellers.eu\/it\/wp-json\/wp\/v2\/product_cat?post=5317273"},{"taxonomy":"product_tag","embeddable":true,"href":"https:\/\/gadgettravellers.eu\/it\/wp-json\/wp\/v2\/product_tag?post=5317273"}],"curies":[{"name":"wp","href":"https:\/\/api.w.org\/{rel}","templated":true}]}}