{"id":5317284,"date":"2026-01-19T14:49:58","date_gmt":"2026-01-19T12:49:58","guid":{"rendered":"https:\/\/gadgettravellers.eu\/shop\/palle-perle-dorate-conf12pz-o4cm-xmasfest-1132562\/"},"modified":"2026-04-22T22:53:56","modified_gmt":"2026-04-22T20:53:56","slug":"palle-perle-dorate-conf12pz-o4cm-xmasfest-1132562","status":"publish","type":"product","link":"https:\/\/gadgettravellers.eu\/it\/shop\/palle-perle-dorate-conf12pz-o4cm-xmasfest-1132562\/","title":{"rendered":"Palle Perl\u00e9 Dorate conf=12pz \u00f84cm Xmasfest 1132562"},"content":{"rendered":"<p>Pac=12 pz perle \u00f84cm<\/p>\n<div class='aiseo-faq-section' style='margin-top:30px; border-top:1px solid #eee; padding-top:20px;'>\n<h3>Domande Frequenti<\/h3>\n<details style='margin-bottom:10px; padding:10px; background:#f9f9f9; border-radius:5px;'>\n<summary style='font-weight:bold; cursor:pointer;'>Quanti pezzi include il pacchetto?<\/summary>\n<div style='margin-top:10px; color:#555;'>Il pacchetto include 12 palle.<\/div>\n<\/details>\n<details style='margin-bottom:10px; padding:10px; background:#f9f9f9; border-radius:5px;'>\n<summary style='font-weight:bold; cursor:pointer;'>Qual \u00e8 il diametro di ogni palla?<\/summary>\n<div style='margin-top:10px; color:#555;'>Ogni palla ha un diametro di 4 cm.<\/div>\n<\/details>\n<details style='margin-bottom:10px; padding:10px; background:#f9f9f9; border-radius:5px;'>\n<summary style='font-weight:bold; cursor:pointer;'>Che finitura hanno le palle?<\/summary>\n<div style='margin-top:10px; color:#555;'>Hanno una finitura perlata in tonalit\u00e0 dorata.<\/div>\n<\/details>\n<details style='margin-bottom:10px; padding:10px; background:#f9f9f9; border-radius:5px;'>\n<summary style='font-weight:bold; cursor:pointer;'>Per quali applicazioni sono adatte?<\/summary>\n<div style='margin-top:10px; color:#555;'>Adatte per albero di Natale, ghirlande e corone con facile installazione.<\/div>\n<\/details>\n<\/div>\n","protected":false},"excerpt":{"rendered":"<p>Pac=12 pz perle \u00f84cm Domande Frequenti Quanti pezzi include il pacchetto? Il pacchetto include 12 palle. Qual \u00e8 il diametro di ogni palla? Ogni palla ha un diametro di 4 cm. Che finitura hanno le palle? Hanno una finitura perlata in tonalit\u00e0 dorata. Per quali applicazioni sono adatte? Adatte per albero di Natale, ghirlande e [&hellip;]<\/p>\n","protected":false},"featured_media":5182051,"comment_status":"closed","ping_status":"open","template":"","meta":[],"product_brand":[],"product_cat":[],"product_tag":[15],"class_list":{"0":"post-5317284","1":"product","2":"type-product","3":"status-publish","4":"has-post-thumbnail","6":"product_tag-uncategorized","8":"first","9":"onbackorder","10":"purchasable","11":"product-type-simple"},"jetpack_sharing_enabled":true,"_links":{"self":[{"href":"https:\/\/gadgettravellers.eu\/it\/wp-json\/wp\/v2\/product\/5317284","targetHints":{"allow":["GET"]}}],"collection":[{"href":"https:\/\/gadgettravellers.eu\/it\/wp-json\/wp\/v2\/product"}],"about":[{"href":"https:\/\/gadgettravellers.eu\/it\/wp-json\/wp\/v2\/types\/product"}],"replies":[{"embeddable":true,"href":"https:\/\/gadgettravellers.eu\/it\/wp-json\/wp\/v2\/comments?post=5317284"}],"wp:featuredmedia":[{"embeddable":true,"href":"https:\/\/gadgettravellers.eu\/it\/wp-json\/wp\/v2\/media\/5182051"}],"wp:attachment":[{"href":"https:\/\/gadgettravellers.eu\/it\/wp-json\/wp\/v2\/media?parent=5317284"}],"wp:term":[{"taxonomy":"product_brand","embeddable":true,"href":"https:\/\/gadgettravellers.eu\/it\/wp-json\/wp\/v2\/product_brand?post=5317284"},{"taxonomy":"product_cat","embeddable":true,"href":"https:\/\/gadgettravellers.eu\/it\/wp-json\/wp\/v2\/product_cat?post=5317284"},{"taxonomy":"product_tag","embeddable":true,"href":"https:\/\/gadgettravellers.eu\/it\/wp-json\/wp\/v2\/product_tag?post=5317284"}],"curies":[{"name":"wp","href":"https:\/\/api.w.org\/{rel}","templated":true}]}}