{"id":5317285,"date":"2026-01-19T14:49:59","date_gmt":"2026-01-19T12:49:59","guid":{"rendered":"https:\/\/gadgettravellers.eu\/shop\/palle-perle-bianche-pac6pz-o6cm-xmasfest-1132566\/"},"modified":"2026-04-22T22:53:56","modified_gmt":"2026-04-22T20:53:56","slug":"palle-perle-bianche-pac6pz-o6cm-xmasfest-1132566","status":"publish","type":"product","link":"https:\/\/gadgettravellers.eu\/it\/shop\/palle-perle-bianche-pac6pz-o6cm-xmasfest-1132566\/","title":{"rendered":"Palle Perl\u00e9 Bianche pac=6pz \u00f86cm Xmasfest 1132566"},"content":{"rendered":"<p>Pac=6pz perle \u00f86cm<\/p>\n<div class='aiseo-faq-section' style='margin-top:30px; border-top:1px solid #eee; padding-top:20px;'>\n<h3>Domande Frequenti<\/h3>\n<details style='margin-bottom:10px; padding:10px; background:#f9f9f9; border-radius:5px;'>\n<summary style='font-weight:bold; cursor:pointer;'>Quante palle sono incluse nel pacchetto?<\/summary>\n<div style='margin-top:10px; color:#555;'>Il pacchetto include 6 palle.<\/div>\n<\/details>\n<details style='margin-bottom:10px; padding:10px; background:#f9f9f9; border-radius:5px;'>\n<summary style='font-weight:bold; cursor:pointer;'>Qual \u00e8 il diametro di ogni palla?<\/summary>\n<div style='margin-top:10px; color:#555;'>Ogni palla ha un diametro di 6 cm.<\/div>\n<\/details>\n<details style='margin-bottom:10px; padding:10px; background:#f9f9f9; border-radius:5px;'>\n<summary style='font-weight:bold; cursor:pointer;'>Che finitura e colore hanno le palle?<\/summary>\n<div style='margin-top:10px; color:#555;'>Hanno una finitura perlata di colore bianco.<\/div>\n<\/details>\n<details style='margin-bottom:10px; padding:10px; background:#f9f9f9; border-radius:5px;'>\n<summary style='font-weight:bold; cursor:pointer;'>Per quale uso sono adatte?<\/summary>\n<div style='margin-top:10px; color:#555;'>Ideali per la decorazione dell&#8217;albero di Natale e per la decorazione interna generale, sono leggere e facili da appendere.<\/div>\n<\/details>\n<\/div>\n","protected":false},"excerpt":{"rendered":"<p>Pac=6pz perle \u00f86cm Domande Frequenti Quante palle sono incluse nel pacchetto? Il pacchetto include 6 palle. Qual \u00e8 il diametro di ogni palla? Ogni palla ha un diametro di 6 cm. Che finitura e colore hanno le palle? Hanno una finitura perlata di colore bianco. Per quale uso sono adatte? Ideali per la decorazione dell&#8217;albero [&hellip;]<\/p>\n","protected":false},"featured_media":5182067,"comment_status":"closed","ping_status":"open","template":"","meta":[],"product_brand":[],"product_cat":[],"product_tag":[15],"class_list":{"0":"post-5317285","1":"product","2":"type-product","3":"status-publish","4":"has-post-thumbnail","6":"product_tag-uncategorized","8":"first","9":"onbackorder","10":"purchasable","11":"product-type-simple"},"jetpack_sharing_enabled":true,"_links":{"self":[{"href":"https:\/\/gadgettravellers.eu\/it\/wp-json\/wp\/v2\/product\/5317285","targetHints":{"allow":["GET"]}}],"collection":[{"href":"https:\/\/gadgettravellers.eu\/it\/wp-json\/wp\/v2\/product"}],"about":[{"href":"https:\/\/gadgettravellers.eu\/it\/wp-json\/wp\/v2\/types\/product"}],"replies":[{"embeddable":true,"href":"https:\/\/gadgettravellers.eu\/it\/wp-json\/wp\/v2\/comments?post=5317285"}],"wp:featuredmedia":[{"embeddable":true,"href":"https:\/\/gadgettravellers.eu\/it\/wp-json\/wp\/v2\/media\/5182067"}],"wp:attachment":[{"href":"https:\/\/gadgettravellers.eu\/it\/wp-json\/wp\/v2\/media?parent=5317285"}],"wp:term":[{"taxonomy":"product_brand","embeddable":true,"href":"https:\/\/gadgettravellers.eu\/it\/wp-json\/wp\/v2\/product_brand?post=5317285"},{"taxonomy":"product_cat","embeddable":true,"href":"https:\/\/gadgettravellers.eu\/it\/wp-json\/wp\/v2\/product_cat?post=5317285"},{"taxonomy":"product_tag","embeddable":true,"href":"https:\/\/gadgettravellers.eu\/it\/wp-json\/wp\/v2\/product_tag?post=5317285"}],"curies":[{"name":"wp","href":"https:\/\/api.w.org\/{rel}","templated":true}]}}