{"id":5317287,"date":"2026-01-19T14:50:02","date_gmt":"2026-01-19T12:50:02","guid":{"rendered":"https:\/\/gadgettravellers.eu\/shop\/palle-perle-rosse-pac6pz-o8cm-xmasfest-1132567\/"},"modified":"2026-04-22T22:53:57","modified_gmt":"2026-04-22T20:53:57","slug":"palle-perle-rosse-pac6pz-o8cm-xmasfest-1132567","status":"publish","type":"product","link":"https:\/\/gadgettravellers.eu\/it\/shop\/palle-perle-rosse-pac6pz-o8cm-xmasfest-1132567\/","title":{"rendered":"Palle Perl\u00e9 Rosse pac=6pz \u00f88cm Xmasfest 1132567"},"content":{"rendered":"<p>Pac=6pz perle \u00f88cm<\/p>\n<div class='aiseo-faq-section' style='margin-top:30px; border-top:1px solid #eee; padding-top:20px;'>\n<h3>Domande Frequenti<\/h3>\n<details style='margin-bottom:10px; padding:10px; background:#f9f9f9; border-radius:5px;'>\n<summary style='font-weight:bold; cursor:pointer;'>Quanti pezzi include il pacchetto?<\/summary>\n<div style='margin-top:10px; color:#555;'>Il pacchetto include 6 pezzi.<\/div>\n<\/details>\n<details style='margin-bottom:10px; padding:10px; background:#f9f9f9; border-radius:5px;'>\n<summary style='font-weight:bold; cursor:pointer;'>Qual \u00e8 il diametro delle palle?<\/summary>\n<div style='margin-top:10px; color:#555;'>Ogni palla ha un diametro di 8 cm.<\/div>\n<\/details>\n<details style='margin-bottom:10px; padding:10px; background:#f9f9f9; border-radius:5px;'>\n<summary style='font-weight:bold; cursor:pointer;'>In quale finitura sono le palle e di che colore?<\/summary>\n<div style='margin-top:10px; color:#555;'>Hanno una finitura perlata e sono rosse, adatte per decorazioni natalizie e decorazioni interne.<\/div>\n<\/details>\n<\/div>\n","protected":false},"excerpt":{"rendered":"<p>Pac=6pz perle \u00f88cm Domande Frequenti Quanti pezzi include il pacchetto? Il pacchetto include 6 pezzi. Qual \u00e8 il diametro delle palle? Ogni palla ha un diametro di 8 cm. In quale finitura sono le palle e di che colore? Hanno una finitura perlata e sono rosse, adatte per decorazioni natalizie e decorazioni interne.<\/p>\n","protected":false},"featured_media":5182071,"comment_status":"closed","ping_status":"open","template":"","meta":[],"product_brand":[],"product_cat":[],"product_tag":[15],"class_list":{"0":"post-5317287","1":"product","2":"type-product","3":"status-publish","4":"has-post-thumbnail","6":"product_tag-uncategorized","8":"first","9":"onbackorder","10":"purchasable","11":"product-type-simple"},"jetpack_sharing_enabled":true,"_links":{"self":[{"href":"https:\/\/gadgettravellers.eu\/it\/wp-json\/wp\/v2\/product\/5317287","targetHints":{"allow":["GET"]}}],"collection":[{"href":"https:\/\/gadgettravellers.eu\/it\/wp-json\/wp\/v2\/product"}],"about":[{"href":"https:\/\/gadgettravellers.eu\/it\/wp-json\/wp\/v2\/types\/product"}],"replies":[{"embeddable":true,"href":"https:\/\/gadgettravellers.eu\/it\/wp-json\/wp\/v2\/comments?post=5317287"}],"wp:featuredmedia":[{"embeddable":true,"href":"https:\/\/gadgettravellers.eu\/it\/wp-json\/wp\/v2\/media\/5182071"}],"wp:attachment":[{"href":"https:\/\/gadgettravellers.eu\/it\/wp-json\/wp\/v2\/media?parent=5317287"}],"wp:term":[{"taxonomy":"product_brand","embeddable":true,"href":"https:\/\/gadgettravellers.eu\/it\/wp-json\/wp\/v2\/product_brand?post=5317287"},{"taxonomy":"product_cat","embeddable":true,"href":"https:\/\/gadgettravellers.eu\/it\/wp-json\/wp\/v2\/product_cat?post=5317287"},{"taxonomy":"product_tag","embeddable":true,"href":"https:\/\/gadgettravellers.eu\/it\/wp-json\/wp\/v2\/product_tag?post=5317287"}],"curies":[{"name":"wp","href":"https:\/\/api.w.org\/{rel}","templated":true}]}}