{"id":5317291,"date":"2026-01-19T14:50:05","date_gmt":"2026-01-19T12:50:05","guid":{"rendered":"https:\/\/gadgettravellers.eu\/shop\/corona-con-vischio-%cf%8645-45cm-xmasfest-1132570\/"},"modified":"2026-04-22T22:53:59","modified_gmt":"2026-04-22T20:53:59","slug":"corona-con-vischio-%cf%8645-45cm-xmasfest-1132570","status":"publish","type":"product","link":"https:\/\/gadgettravellers.eu\/it\/shop\/corona-con-vischio-%cf%8645-45cm-xmasfest-1132570\/","title":{"rendered":"Corona con vischio \u03c645 45cm Xmasfest 1132570"},"content":{"rendered":"<p>45cm<\/p>\n<div class='aiseo-faq-section' style='margin-top:30px; border-top:1px solid #eee; padding-top:20px;'>\n<h3>Domande Frequenti<\/h3>\n<details style='margin-bottom:10px; padding:10px; background:#f9f9f9; border-radius:5px;'>\n<summary style='font-weight:bold; cursor:pointer;'>Qual \u00e8 il diametro della corona?<\/summary>\n<div style='margin-top:10px; color:#555;'>Il diametro \u00e8 45 cm.<\/div>\n<\/details>\n<details style='margin-bottom:10px; padding:10px; background:#f9f9f9; border-radius:5px;'>\n<summary style='font-weight:bold; cursor:pointer;'>\u00c8 necessario assemblare prima di appendere?<\/summary>\n<div style='margin-top:10px; color:#555;'>No \u2014 \u00e8 pronto all&#8217;uso e basta appenderlo.<\/div>\n<\/details>\n<details style='margin-bottom:10px; padding:10px; background:#f9f9f9; border-radius:5px;'>\n<summary style='font-weight:bold; cursor:pointer;'>In quali ambienti pu\u00f2 essere posizionato?<\/summary>\n<div style='margin-top:10px; color:#555;'>Ideale per porta, parete o decorazione interna in casa, ufficio o negozio.<\/div>\n<\/details>\n<details style='margin-bottom:10px; padding:10px; background:#f9f9f9; border-radius:5px;'>\n<summary style='font-weight:bold; cursor:pointer;'>\u00c8 adatto per un uso a lungo termine?<\/summary>\n<div style='margin-top:10px; color:#555;'>S\u00ec, il prodotto \u00e8 descritto come resistente nel tempo e pronto all&#8217;uso.<\/div>\n<\/details>\n<\/div>\n","protected":false},"excerpt":{"rendered":"<p>45cm Domande Frequenti Qual \u00e8 il diametro della corona? Il diametro \u00e8 45 cm. \u00c8 necessario assemblare prima di appendere? No \u2014 \u00e8 pronto all&#8217;uso e basta appenderlo. In quali ambienti pu\u00f2 essere posizionato? Ideale per porta, parete o decorazione interna in casa, ufficio o negozio. \u00c8 adatto per un uso a lungo termine? S\u00ec, [&hellip;]<\/p>\n","protected":false},"featured_media":5182083,"comment_status":"closed","ping_status":"open","template":"","meta":[],"product_brand":[],"product_cat":[],"product_tag":[15],"class_list":{"0":"post-5317291","1":"product","2":"type-product","3":"status-publish","4":"has-post-thumbnail","6":"product_tag-uncategorized","8":"first","9":"onbackorder","10":"purchasable","11":"product-type-simple"},"jetpack_sharing_enabled":true,"_links":{"self":[{"href":"https:\/\/gadgettravellers.eu\/it\/wp-json\/wp\/v2\/product\/5317291","targetHints":{"allow":["GET"]}}],"collection":[{"href":"https:\/\/gadgettravellers.eu\/it\/wp-json\/wp\/v2\/product"}],"about":[{"href":"https:\/\/gadgettravellers.eu\/it\/wp-json\/wp\/v2\/types\/product"}],"replies":[{"embeddable":true,"href":"https:\/\/gadgettravellers.eu\/it\/wp-json\/wp\/v2\/comments?post=5317291"}],"wp:featuredmedia":[{"embeddable":true,"href":"https:\/\/gadgettravellers.eu\/it\/wp-json\/wp\/v2\/media\/5182083"}],"wp:attachment":[{"href":"https:\/\/gadgettravellers.eu\/it\/wp-json\/wp\/v2\/media?parent=5317291"}],"wp:term":[{"taxonomy":"product_brand","embeddable":true,"href":"https:\/\/gadgettravellers.eu\/it\/wp-json\/wp\/v2\/product_brand?post=5317291"},{"taxonomy":"product_cat","embeddable":true,"href":"https:\/\/gadgettravellers.eu\/it\/wp-json\/wp\/v2\/product_cat?post=5317291"},{"taxonomy":"product_tag","embeddable":true,"href":"https:\/\/gadgettravellers.eu\/it\/wp-json\/wp\/v2\/product_tag?post=5317291"}],"curies":[{"name":"wp","href":"https:\/\/api.w.org\/{rel}","templated":true}]}}