{"id":5317292,"date":"2026-01-19T14:50:05","date_gmt":"2026-01-19T12:50:05","guid":{"rendered":"https:\/\/gadgettravellers.eu\/shop\/corona-di-pigne-con-agrifoglio-o45cm-xmasfest-1132573\/"},"modified":"2026-04-22T22:54:00","modified_gmt":"2026-04-22T20:54:00","slug":"corona-di-pigne-con-agrifoglio-o45cm-xmasfest-1132573","status":"publish","type":"product","link":"https:\/\/gadgettravellers.eu\/it\/shop\/corona-di-pigne-con-agrifoglio-o45cm-xmasfest-1132573\/","title":{"rendered":"Corona di Pigne con agrifoglio \u00f845cm Xmasfest 1132573"},"content":{"rendered":"<p>\u00f845cm<\/p>\n<div class='aiseo-faq-section' style='margin-top:30px; border-top:1px solid #eee; padding-top:20px;'>\n<h3>Domande Frequenti<\/h3>\n<details style='margin-bottom:10px; padding:10px; background:#f9f9f9; border-radius:5px;'>\n<summary style='font-weight:bold; cursor:pointer;'>Dove \u00e8 adatta questa corona?<\/summary>\n<div style='margin-top:10px; color:#555;'>Ideale per porte, pareti e finestre in ambienti domestici, negozi ed eventi.<\/div>\n<\/details>\n<details style='margin-bottom:10px; padding:10px; background:#f9f9f9; border-radius:5px;'>\n<summary style='font-weight:bold; cursor:pointer;'>Qual \u00e8 il diametro della corona?<\/summary>\n<div style='margin-top:10px; color:#555;'>Il diametro \u00e8 45 cm.<\/div>\n<\/details>\n<details style='margin-bottom:10px; padding:10px; background:#f9f9f9; border-radius:5px;'>\n<summary style='font-weight:bold; cursor:pointer;'>\u00c8 necessario assemblare prima di appendere?<\/summary>\n<div style='margin-top:10px; color:#555;'>No \u2014 la corona \u00e8 pronta per essere appesa.<\/div>\n<\/details>\n<details style='margin-bottom:10px; padding:10px; background:#f9f9f9; border-radius:5px;'>\n<summary style='font-weight:bold; cursor:pointer;'>Come si effettua la manutenzione e la conservazione?<\/summary>\n<div style='margin-top:10px; color:#555;'>Richiede una manutenzione minima e si conserva facilmente in un luogo asciutto per il riutilizzo.<\/div>\n<\/details>\n<\/div>\n","protected":false},"excerpt":{"rendered":"<p>\u00f845cm Domande Frequenti Dove \u00e8 adatta questa corona? Ideale per porte, pareti e finestre in ambienti domestici, negozi ed eventi. Qual \u00e8 il diametro della corona? Il diametro \u00e8 45 cm. \u00c8 necessario assemblare prima di appendere? No \u2014 la corona \u00e8 pronta per essere appesa. Come si effettua la manutenzione e la conservazione? Richiede [&hellip;]<\/p>\n","protected":false},"featured_media":5182087,"comment_status":"closed","ping_status":"open","template":"","meta":[],"product_brand":[],"product_cat":[],"product_tag":[15],"class_list":{"0":"post-5317292","1":"product","2":"type-product","3":"status-publish","4":"has-post-thumbnail","6":"product_tag-uncategorized","8":"first","9":"onbackorder","10":"purchasable","11":"product-type-simple"},"jetpack_sharing_enabled":true,"_links":{"self":[{"href":"https:\/\/gadgettravellers.eu\/it\/wp-json\/wp\/v2\/product\/5317292","targetHints":{"allow":["GET"]}}],"collection":[{"href":"https:\/\/gadgettravellers.eu\/it\/wp-json\/wp\/v2\/product"}],"about":[{"href":"https:\/\/gadgettravellers.eu\/it\/wp-json\/wp\/v2\/types\/product"}],"replies":[{"embeddable":true,"href":"https:\/\/gadgettravellers.eu\/it\/wp-json\/wp\/v2\/comments?post=5317292"}],"wp:featuredmedia":[{"embeddable":true,"href":"https:\/\/gadgettravellers.eu\/it\/wp-json\/wp\/v2\/media\/5182087"}],"wp:attachment":[{"href":"https:\/\/gadgettravellers.eu\/it\/wp-json\/wp\/v2\/media?parent=5317292"}],"wp:term":[{"taxonomy":"product_brand","embeddable":true,"href":"https:\/\/gadgettravellers.eu\/it\/wp-json\/wp\/v2\/product_brand?post=5317292"},{"taxonomy":"product_cat","embeddable":true,"href":"https:\/\/gadgettravellers.eu\/it\/wp-json\/wp\/v2\/product_cat?post=5317292"},{"taxonomy":"product_tag","embeddable":true,"href":"https:\/\/gadgettravellers.eu\/it\/wp-json\/wp\/v2\/product_tag?post=5317292"}],"curies":[{"name":"wp","href":"https:\/\/api.w.org\/{rel}","templated":true}]}}