{"id":5317294,"date":"2026-01-19T14:50:06","date_gmt":"2026-01-19T12:50:06","guid":{"rendered":"https:\/\/gadgettravellers.eu\/shop\/ramo-con-foglie-e-agrifoglio-63x20cm-xmasfest-1132579\/"},"modified":"2026-04-22T22:54:00","modified_gmt":"2026-04-22T20:54:00","slug":"ramo-con-foglie-e-agrifoglio-63x20cm-xmasfest-1132579","status":"publish","type":"product","link":"https:\/\/gadgettravellers.eu\/it\/shop\/ramo-con-foglie-e-agrifoglio-63x20cm-xmasfest-1132579\/","title":{"rendered":"Ramo con foglie e agrifoglio 63x20cm Xmasfest 1132579"},"content":{"rendered":"<p>63x20cm<\/p>\n<div class='aiseo-faq-section' style='margin-top:30px; border-top:1px solid #eee; padding-top:20px;'>\n<h3>Domande Frequenti<\/h3>\n<details style='margin-bottom:10px; padding:10px; background:#f9f9f9; border-radius:5px;'>\n<summary style='font-weight:bold; cursor:pointer;'>Di cosa \u00e8 fatto il rametto?<\/summary>\n<div style='margin-top:10px; color:#555;'>\u00c8 realizzato in fogliame artificiale che \u00e8 leggero e resistente.<\/div>\n<\/details>\n<details style='margin-bottom:10px; padding:10px; background:#f9f9f9; border-radius:5px;'>\n<summary style='font-weight:bold; cursor:pointer;'>Per quali tipi di decorazione \u00e8 adatto?<\/summary>\n<div style='margin-top:10px; color:#555;'>\u00c8 ideale per la decorazione della casa, ghirlande, festoni e composizioni centrali.<\/div>\n<\/details>\n<details style='margin-bottom:10px; padding:10px; background:#f9f9f9; border-radius:5px;'>\n<summary style='font-weight:bold; cursor:pointer;'>Posso abbinarlo con le luci?<\/summary>\n<div style='margin-top:10px; color:#555;'>S\u00ec, il rametto \u00e8 facile da abbinare con lucine e altri ornamenti.<\/div>\n<\/details>\n<details style='margin-bottom:10px; padding:10px; background:#f9f9f9; border-radius:5px;'>\n<summary style='font-weight:bold; cursor:pointer;'>Richiede una manutenzione particolare?<\/summary>\n<div style='margin-top:10px; color:#555;'>No, offre un aspetto naturale senza necessit\u00e0 di manutenzione.<\/div>\n<\/details>\n<\/div>\n","protected":false},"excerpt":{"rendered":"<p>63x20cm Domande Frequenti Di cosa \u00e8 fatto il rametto? \u00c8 realizzato in fogliame artificiale che \u00e8 leggero e resistente. Per quali tipi di decorazione \u00e8 adatto? \u00c8 ideale per la decorazione della casa, ghirlande, festoni e composizioni centrali. Posso abbinarlo con le luci? S\u00ec, il rametto \u00e8 facile da abbinare con lucine e altri ornamenti. [&hellip;]<\/p>\n","protected":false},"featured_media":5182095,"comment_status":"closed","ping_status":"open","template":"","meta":[],"product_brand":[],"product_cat":[],"product_tag":[15],"class_list":{"0":"post-5317294","1":"product","2":"type-product","3":"status-publish","4":"has-post-thumbnail","6":"product_tag-uncategorized","8":"first","9":"onbackorder","10":"purchasable","11":"product-type-simple"},"jetpack_sharing_enabled":true,"_links":{"self":[{"href":"https:\/\/gadgettravellers.eu\/it\/wp-json\/wp\/v2\/product\/5317294","targetHints":{"allow":["GET"]}}],"collection":[{"href":"https:\/\/gadgettravellers.eu\/it\/wp-json\/wp\/v2\/product"}],"about":[{"href":"https:\/\/gadgettravellers.eu\/it\/wp-json\/wp\/v2\/types\/product"}],"replies":[{"embeddable":true,"href":"https:\/\/gadgettravellers.eu\/it\/wp-json\/wp\/v2\/comments?post=5317294"}],"wp:featuredmedia":[{"embeddable":true,"href":"https:\/\/gadgettravellers.eu\/it\/wp-json\/wp\/v2\/media\/5182095"}],"wp:attachment":[{"href":"https:\/\/gadgettravellers.eu\/it\/wp-json\/wp\/v2\/media?parent=5317294"}],"wp:term":[{"taxonomy":"product_brand","embeddable":true,"href":"https:\/\/gadgettravellers.eu\/it\/wp-json\/wp\/v2\/product_brand?post=5317294"},{"taxonomy":"product_cat","embeddable":true,"href":"https:\/\/gadgettravellers.eu\/it\/wp-json\/wp\/v2\/product_cat?post=5317294"},{"taxonomy":"product_tag","embeddable":true,"href":"https:\/\/gadgettravellers.eu\/it\/wp-json\/wp\/v2\/product_tag?post=5317294"}],"curies":[{"name":"wp","href":"https:\/\/api.w.org\/{rel}","templated":true}]}}