{"id":5317295,"date":"2026-01-19T14:50:07","date_gmt":"2026-01-19T12:50:07","guid":{"rendered":"https:\/\/gadgettravellers.eu\/shop\/ramo-di-pino-neve-con-vischio-30x15cm-xmasfest-1132580\/"},"modified":"2026-04-22T22:54:01","modified_gmt":"2026-04-22T20:54:01","slug":"ramo-di-pino-neve-con-vischio-30x15cm-xmasfest-1132580","status":"publish","type":"product","link":"https:\/\/gadgettravellers.eu\/it\/shop\/ramo-di-pino-neve-con-vischio-30x15cm-xmasfest-1132580\/","title":{"rendered":"Ramo di Pino Neve con vischio 30x15cm Xmasfest 1132580"},"content":{"rendered":"<p>30x15cm<\/p>\n<div class='aiseo-faq-section' style='margin-top:30px; border-top:1px solid #eee; padding-top:20px;'>\n<h3>Domande Frequenti<\/h3>\n<details style='margin-bottom:10px; padding:10px; background:#f9f9f9; border-radius:5px;'>\n<summary style='font-weight:bold; cursor:pointer;'>Di che materiale \u00e8 il rametto?<\/summary>\n<div style='margin-top:10px; color:#555;'>\u00c8 artificiale con una costruzione resistente e non richiede manutenzione.<\/div>\n<\/details>\n<details style='margin-bottom:10px; padding:10px; background:#f9f9f9; border-radius:5px;'>\n<summary style='font-weight:bold; cursor:pointer;'>Quali sono le sue dimensioni?<\/summary>\n<div style='margin-top:10px; color:#555;'>Le dimensioni sono 30&#215;15 cm come indicato nella descrizione.<\/div>\n<\/details>\n<details style='margin-bottom:10px; padding:10px; background:#f9f9f9; border-radius:5px;'>\n<summary style='font-weight:bold; cursor:pointer;'>Posso posizionarlo su una porta o una corona?<\/summary>\n<div style='margin-top:10px; color:#555;'>S\u00ec, \u00e8 facile da posizionare su porta, corona, tavolo o come parte di composizioni decorative pi\u00f9 grandi.<\/div>\n<\/details>\n<details style='margin-bottom:10px; padding:10px; background:#f9f9f9; border-radius:5px;'>\n<summary style='font-weight:bold; cursor:pointer;'>\u00c8 adatto per uso esterno?<\/summary>\n<div style='margin-top:10px; color:#555;'>\u00c8 progettato principalmente per uso interno; l&#8217;esposizione agli agenti atmosferici pu\u00f2 causare danni.<\/div>\n<\/details>\n<\/div>\n","protected":false},"excerpt":{"rendered":"<p>30x15cm Domande Frequenti Di che materiale \u00e8 il rametto? \u00c8 artificiale con una costruzione resistente e non richiede manutenzione. Quali sono le sue dimensioni? Le dimensioni sono 30&#215;15 cm come indicato nella descrizione. Posso posizionarlo su una porta o una corona? S\u00ec, \u00e8 facile da posizionare su porta, corona, tavolo o come parte di composizioni [&hellip;]<\/p>\n","protected":false},"featured_media":5182099,"comment_status":"closed","ping_status":"open","template":"","meta":[],"product_brand":[],"product_cat":[],"product_tag":[15],"class_list":{"0":"post-5317295","1":"product","2":"type-product","3":"status-publish","4":"has-post-thumbnail","6":"product_tag-uncategorized","8":"first","9":"onbackorder","10":"purchasable","11":"product-type-simple"},"jetpack_sharing_enabled":true,"_links":{"self":[{"href":"https:\/\/gadgettravellers.eu\/it\/wp-json\/wp\/v2\/product\/5317295","targetHints":{"allow":["GET"]}}],"collection":[{"href":"https:\/\/gadgettravellers.eu\/it\/wp-json\/wp\/v2\/product"}],"about":[{"href":"https:\/\/gadgettravellers.eu\/it\/wp-json\/wp\/v2\/types\/product"}],"replies":[{"embeddable":true,"href":"https:\/\/gadgettravellers.eu\/it\/wp-json\/wp\/v2\/comments?post=5317295"}],"wp:featuredmedia":[{"embeddable":true,"href":"https:\/\/gadgettravellers.eu\/it\/wp-json\/wp\/v2\/media\/5182099"}],"wp:attachment":[{"href":"https:\/\/gadgettravellers.eu\/it\/wp-json\/wp\/v2\/media?parent=5317295"}],"wp:term":[{"taxonomy":"product_brand","embeddable":true,"href":"https:\/\/gadgettravellers.eu\/it\/wp-json\/wp\/v2\/product_brand?post=5317295"},{"taxonomy":"product_cat","embeddable":true,"href":"https:\/\/gadgettravellers.eu\/it\/wp-json\/wp\/v2\/product_cat?post=5317295"},{"taxonomy":"product_tag","embeddable":true,"href":"https:\/\/gadgettravellers.eu\/it\/wp-json\/wp\/v2\/product_tag?post=5317295"}],"curies":[{"name":"wp","href":"https:\/\/api.w.org\/{rel}","templated":true}]}}