{"id":5317296,"date":"2026-01-19T14:50:07","date_gmt":"2026-01-19T12:50:07","guid":{"rendered":"https:\/\/gadgettravellers.eu\/shop\/pioggia-tinsel-50cm-xmasfest-113277\/"},"modified":"2026-04-22T22:54:01","modified_gmt":"2026-04-22T20:54:01","slug":"pioggia-tinsel-50cm-xmasfest-113277","status":"publish","type":"product","link":"https:\/\/gadgettravellers.eu\/it\/shop\/pioggia-tinsel-50cm-xmasfest-113277\/","title":{"rendered":"Pioggia Tinsel 50cm Xmasfest 113277"},"content":{"rendered":"<p>Pioggia 50cm<\/p>\n<div class='aiseo-faq-section' style='margin-top:30px; border-top:1px solid #eee; padding-top:20px;'>\n<h3>Domande Frequenti<\/h3>\n<details style='margin-bottom:10px; padding:10px; background:#f9f9f9; border-radius:5px;'>\n<summary style='font-weight:bold; cursor:pointer;'>Qual \u00e8 la lunghezza della pioggia di fili metallici?<\/summary>\n<div style='margin-top:10px; color:#555;'>La lunghezza \u00e8 50 cm.<\/div>\n<\/details>\n<details style='margin-bottom:10px; padding:10px; background:#f9f9f9; border-radius:5px;'>\n<summary style='font-weight:bold; cursor:pointer;'>In quali ambienti posso usarlo?<\/summary>\n<div style='margin-top:10px; color:#555;'>Ideale per alberi, ghirlande, vetrine e altri spazi interni.<\/div>\n<\/details>\n<details style='margin-bottom:10px; padding:10px; background:#f9f9f9; border-radius:5px;'>\n<summary style='font-weight:bold; cursor:pointer;'>\u00c8 facile da installare?<\/summary>\n<div style='margin-top:10px; color:#555;'>S\u00ec, \u00e8 leggera e facile da installare.<\/div>\n<\/details>\n<details style='margin-bottom:10px; padding:10px; background:#f9f9f9; border-radius:5px;'>\n<summary style='font-weight:bold; cursor:pointer;'>Posso riutilizzarla?<\/summary>\n<div style='margin-top:10px; color:#555;'>S\u00ec, \u00e8 riutilizzabile e facile da conservare.<\/div>\n<\/details>\n<\/div>\n","protected":false},"excerpt":{"rendered":"<p>Pioggia 50cm Domande Frequenti Qual \u00e8 la lunghezza della pioggia di fili metallici? La lunghezza \u00e8 50 cm. In quali ambienti posso usarlo? Ideale per alberi, ghirlande, vetrine e altri spazi interni. \u00c8 facile da installare? S\u00ec, \u00e8 leggera e facile da installare. Posso riutilizzarla? S\u00ec, \u00e8 riutilizzabile e facile da conservare.<\/p>\n","protected":false},"featured_media":5182111,"comment_status":"closed","ping_status":"open","template":"","meta":[],"product_brand":[],"product_cat":[],"product_tag":[15],"class_list":{"0":"post-5317296","1":"product","2":"type-product","3":"status-publish","4":"has-post-thumbnail","6":"product_tag-uncategorized","8":"first","9":"onbackorder","10":"purchasable","11":"product-type-simple"},"jetpack_sharing_enabled":true,"_links":{"self":[{"href":"https:\/\/gadgettravellers.eu\/it\/wp-json\/wp\/v2\/product\/5317296","targetHints":{"allow":["GET"]}}],"collection":[{"href":"https:\/\/gadgettravellers.eu\/it\/wp-json\/wp\/v2\/product"}],"about":[{"href":"https:\/\/gadgettravellers.eu\/it\/wp-json\/wp\/v2\/types\/product"}],"replies":[{"embeddable":true,"href":"https:\/\/gadgettravellers.eu\/it\/wp-json\/wp\/v2\/comments?post=5317296"}],"wp:featuredmedia":[{"embeddable":true,"href":"https:\/\/gadgettravellers.eu\/it\/wp-json\/wp\/v2\/media\/5182111"}],"wp:attachment":[{"href":"https:\/\/gadgettravellers.eu\/it\/wp-json\/wp\/v2\/media?parent=5317296"}],"wp:term":[{"taxonomy":"product_brand","embeddable":true,"href":"https:\/\/gadgettravellers.eu\/it\/wp-json\/wp\/v2\/product_brand?post=5317296"},{"taxonomy":"product_cat","embeddable":true,"href":"https:\/\/gadgettravellers.eu\/it\/wp-json\/wp\/v2\/product_cat?post=5317296"},{"taxonomy":"product_tag","embeddable":true,"href":"https:\/\/gadgettravellers.eu\/it\/wp-json\/wp\/v2\/product_tag?post=5317296"}],"curies":[{"name":"wp","href":"https:\/\/api.w.org\/{rel}","templated":true}]}}