{"id":5317297,"date":"2026-01-19T14:50:08","date_gmt":"2026-01-19T12:50:08","guid":{"rendered":"https:\/\/gadgettravellers.eu\/shop\/peluche-babbo-natale-canti-di-natale-greci-20cm-xmasfest-1132586\/"},"modified":"2026-04-22T22:54:02","modified_gmt":"2026-04-22T20:54:02","slug":"peluche-babbo-natale-canti-di-natale-greci-20cm-xmasfest-1132586","status":"publish","type":"product","link":"https:\/\/gadgettravellers.eu\/it\/shop\/peluche-babbo-natale-canti-di-natale-greci-20cm-xmasfest-1132586\/","title":{"rendered":"Peluche Babbo Natale Canti di Natale Greci 20cm Xmasfest 1132586"},"content":{"rendered":"<p>Peluche classico. Canti natalizi greci 20cm<\/p>\n<div class='aiseo-faq-section' style='margin-top:30px; border-top:1px solid #eee; padding-top:20px;'>\n<h3>Domande Frequenti<\/h3>\n<details style='margin-bottom:10px; padding:10px; background:#f9f9f9; border-radius:5px;'>\n<summary style='font-weight:bold; cursor:pointer;'>Qual \u00e8 la dimensione del peluche?<\/summary>\n<div style='margin-top:10px; color:#555;'>Il peluche \u00e8 alto 20 cm.<\/div>\n<\/details>\n<details style='margin-bottom:10px; padding:10px; background:#f9f9f9; border-radius:5px;'>\n<summary style='font-weight:bold; cursor:pointer;'>Qual \u00e8 il tema del peluche?<\/summary>\n<div style='margin-top:10px; color:#555;'>Il tema \u00e8 \u00abCanti di Natale Greci\u00bb.<\/div>\n<\/details>\n<details style='margin-bottom:10px; padding:10px; background:#f9f9f9; border-radius:5px;'>\n<summary style='font-weight:bold; cursor:pointer;'>Per quale uso \u00e8 destinato questo peluche?<\/summary>\n<div style='margin-top:10px; color:#555;'>\u00c8 ideale per la decorazione natalizia e come regalo per i bambini.<\/div>\n<\/details>\n<details style='margin-bottom:10px; padding:10px; background:#f9f9f9; border-radius:5px;'>\n<summary style='font-weight:bold; cursor:pointer;'>\u00c8 morbido il peluche?<\/summary>\n<div style='margin-top:10px; color:#555;'>S\u00ec, si tratta di un peluche morbido.<\/div>\n<\/details>\n<\/div>\n","protected":false},"excerpt":{"rendered":"<p>Peluche classico. Canti natalizi greci 20cm Domande Frequenti Qual \u00e8 la dimensione del peluche? Il peluche \u00e8 alto 20 cm. Qual \u00e8 il tema del peluche? Il tema \u00e8 \u00abCanti di Natale Greci\u00bb. Per quale uso \u00e8 destinato questo peluche? \u00c8 ideale per la decorazione natalizia e come regalo per i bambini. \u00c8 morbido il [&hellip;]<\/p>\n","protected":false},"featured_media":5182107,"comment_status":"closed","ping_status":"open","template":"","meta":[],"product_brand":[],"product_cat":[],"product_tag":[15],"class_list":{"0":"post-5317297","1":"product","2":"type-product","3":"status-publish","4":"has-post-thumbnail","6":"product_tag-uncategorized","8":"first","9":"onbackorder","10":"purchasable","11":"product-type-simple"},"jetpack_sharing_enabled":true,"_links":{"self":[{"href":"https:\/\/gadgettravellers.eu\/it\/wp-json\/wp\/v2\/product\/5317297","targetHints":{"allow":["GET"]}}],"collection":[{"href":"https:\/\/gadgettravellers.eu\/it\/wp-json\/wp\/v2\/product"}],"about":[{"href":"https:\/\/gadgettravellers.eu\/it\/wp-json\/wp\/v2\/types\/product"}],"replies":[{"embeddable":true,"href":"https:\/\/gadgettravellers.eu\/it\/wp-json\/wp\/v2\/comments?post=5317297"}],"wp:featuredmedia":[{"embeddable":true,"href":"https:\/\/gadgettravellers.eu\/it\/wp-json\/wp\/v2\/media\/5182107"}],"wp:attachment":[{"href":"https:\/\/gadgettravellers.eu\/it\/wp-json\/wp\/v2\/media?parent=5317297"}],"wp:term":[{"taxonomy":"product_brand","embeddable":true,"href":"https:\/\/gadgettravellers.eu\/it\/wp-json\/wp\/v2\/product_brand?post=5317297"},{"taxonomy":"product_cat","embeddable":true,"href":"https:\/\/gadgettravellers.eu\/it\/wp-json\/wp\/v2\/product_cat?post=5317297"},{"taxonomy":"product_tag","embeddable":true,"href":"https:\/\/gadgettravellers.eu\/it\/wp-json\/wp\/v2\/product_tag?post=5317297"}],"curies":[{"name":"wp","href":"https:\/\/api.w.org\/{rel}","templated":true}]}}