{"id":5317298,"date":"2026-01-19T14:50:09","date_gmt":"2026-01-19T12:50:09","guid":{"rendered":"https:\/\/gadgettravellers.eu\/shop\/180-luci-led-bianco-freddo-a-filo-con-programmi-ip44-12m-xmasfest-1132591\/"},"modified":"2026-04-22T22:54:02","modified_gmt":"2026-04-22T20:54:02","slug":"180-luci-led-bianco-freddo-a-filo-con-programmi-ip44-12m-xmasfest-1132591","status":"publish","type":"product","link":"https:\/\/gadgettravellers.eu\/it\/shop\/180-luci-led-bianco-freddo-a-filo-con-programmi-ip44-12m-xmasfest-1132591\/","title":{"rendered":"180 Luci LED Bianco Freddo a Filo con Programmi IP44 12m Xmasfest 1132591"},"content":{"rendered":"<p>180 LED bianco freddo con controller a 8 programmi. Per uso esterno e interno. Con cavo verde. Include il trasformatore IP44 12m<\/p>\n<div class='aiseo-faq-section' style='margin-top:30px; border-top:1px solid #eee; padding-top:20px;'>\n<h3>Domande Frequenti<\/h3>\n<details style='margin-bottom:10px; padding:10px; background:#f9f9f9; border-radius:5px;'>\n<summary style='font-weight:bold; cursor:pointer;'>Quanti LED ha la serie?<\/summary>\n<div style='margin-top:10px; color:#555;'>La serie contiene 180 LED.<\/div>\n<\/details>\n<details style='margin-bottom:10px; padding:10px; background:#f9f9f9; border-radius:5px;'>\n<summary style='font-weight:bold; cursor:pointer;'>Qual \u00e8 la lunghezza della serie?<\/summary>\n<div style='margin-top:10px; color:#555;'>La lunghezza totale \u00e8 di 12 metri.<\/div>\n<\/details>\n<details style='margin-bottom:10px; padding:10px; background:#f9f9f9; border-radius:5px;'>\n<summary style='font-weight:bold; cursor:pointer;'>Possono essere utilizzati all&#8217;aperto?<\/summary>\n<div style='margin-top:10px; color:#555;'>S\u00ec, sono adatti per uso esterno e interno e hanno protezione IP44.<\/div>\n<\/details>\n<details style='margin-bottom:10px; padding:10px; background:#f9f9f9; border-radius:5px;'>\n<summary style='font-weight:bold; cursor:pointer;'>Include un controller e un trasformatore?<\/summary>\n<div style='margin-top:10px; color:#555;'>S\u00ec, \u00e8 incluso un controller con 8 programmi e il trasformatore IP44.<\/div>\n<\/details>\n<\/div>\n","protected":false},"excerpt":{"rendered":"<p>180 LED bianco freddo con controller a 8 programmi. Per uso esterno e interno. Con cavo verde. Include il trasformatore IP44 12m Domande Frequenti Quanti LED ha la serie? La serie contiene 180 LED. Qual \u00e8 la lunghezza della serie? La lunghezza totale \u00e8 di 12 metri. Possono essere utilizzati all&#8217;aperto? S\u00ec, sono adatti per [&hellip;]<\/p>\n","protected":false},"featured_media":5182115,"comment_status":"closed","ping_status":"open","template":"","meta":[],"product_brand":[],"product_cat":[],"product_tag":[15],"class_list":{"0":"post-5317298","1":"product","2":"type-product","3":"status-publish","4":"has-post-thumbnail","6":"product_tag-uncategorized","8":"first","9":"onbackorder","10":"purchasable","11":"product-type-simple"},"jetpack_sharing_enabled":true,"_links":{"self":[{"href":"https:\/\/gadgettravellers.eu\/it\/wp-json\/wp\/v2\/product\/5317298","targetHints":{"allow":["GET"]}}],"collection":[{"href":"https:\/\/gadgettravellers.eu\/it\/wp-json\/wp\/v2\/product"}],"about":[{"href":"https:\/\/gadgettravellers.eu\/it\/wp-json\/wp\/v2\/types\/product"}],"replies":[{"embeddable":true,"href":"https:\/\/gadgettravellers.eu\/it\/wp-json\/wp\/v2\/comments?post=5317298"}],"wp:featuredmedia":[{"embeddable":true,"href":"https:\/\/gadgettravellers.eu\/it\/wp-json\/wp\/v2\/media\/5182115"}],"wp:attachment":[{"href":"https:\/\/gadgettravellers.eu\/it\/wp-json\/wp\/v2\/media?parent=5317298"}],"wp:term":[{"taxonomy":"product_brand","embeddable":true,"href":"https:\/\/gadgettravellers.eu\/it\/wp-json\/wp\/v2\/product_brand?post=5317298"},{"taxonomy":"product_cat","embeddable":true,"href":"https:\/\/gadgettravellers.eu\/it\/wp-json\/wp\/v2\/product_cat?post=5317298"},{"taxonomy":"product_tag","embeddable":true,"href":"https:\/\/gadgettravellers.eu\/it\/wp-json\/wp\/v2\/product_tag?post=5317298"}],"curies":[{"name":"wp","href":"https:\/\/api.w.org\/{rel}","templated":true}]}}