{"id":5317302,"date":"2026-01-19T14:50:12","date_gmt":"2026-01-19T12:50:12","guid":{"rendered":"https:\/\/gadgettravellers.eu\/shop\/100-led-bianchi-esterni-tenda-estensione-l-v-trasformatore-non-incluso-xmasfest-1132594\/"},"modified":"2026-04-22T22:54:04","modified_gmt":"2026-04-22T20:54:04","slug":"100-led-bianchi-esterni-tenda-estensione-l-v-trasformatore-non-incluso-xmasfest-1132594","status":"publish","type":"product","link":"https:\/\/gadgettravellers.eu\/it\/shop\/100-led-bianchi-esterni-tenda-estensione-l-v-trasformatore-non-incluso-xmasfest-1132594\/","title":{"rendered":"100 led Bianchi Esterni Tenda-Estensione l. V. (Trasformatore non incluso) Xmasfest 1132594"},"content":{"rendered":"<p>100 led bianco freddo tenda estensibile (connessione max. 5 file), illuminazione fissa. Per uso esterno e interno. Con cavo verde. Trasformatore non incluso (codice 93-2378) con cavo da 3m.<\/p>\n<div class='aiseo-faq-section' style='margin-top:30px; border-top:1px solid #eee; padding-top:20px;'>\n<h3>Domande Frequenti<\/h3>\n<details style='margin-bottom:10px; padding:10px; background:#f9f9f9; border-radius:5px;'>\n<summary style='font-weight:bold; cursor:pointer;'>Il trasformatore \u00e8 incluso?<\/summary>\n<div style='margin-top:10px; color:#555;'>No, il trasformatore (cod. 93-2378) con cavo da 3m non \u00e8 incluso.<\/div>\n<\/details>\n<details style='margin-bottom:10px; padding:10px; background:#f9f9f9; border-radius:5px;'>\n<summary style='font-weight:bold; cursor:pointer;'>Pu\u00f2 essere utilizzato all&#8217;aperto?<\/summary>\n<div style='margin-top:10px; color:#555;'>S\u00ec, il prodotto \u00e8 adatto per uso esterno e interno.<\/div>\n<\/details>\n<details style='margin-bottom:10px; padding:10px; background:#f9f9f9; border-radius:5px;'>\n<summary style='font-weight:bold; cursor:pointer;'>Quanti LED ha e che colore di luce fornisce?<\/summary>\n<div style='margin-top:10px; color:#555;'>Ha 100 LED e emette una luce bianca fredda.<\/div>\n<\/details>\n<details style='margin-bottom:10px; padding:10px; background:#f9f9f9; border-radius:5px;'>\n<summary style='font-weight:bold; cursor:pointer;'>Possono essere collegate tra loro pi\u00f9 serie?<\/summary>\n<div style='margin-top:10px; color:#555;'>S\u00ec, le serie sono espandibili e si collegano fino a 5 serie.<\/div>\n<\/details>\n<\/div>\n","protected":false},"excerpt":{"rendered":"<p>100 led bianco freddo tenda estensibile (connessione max. 5 file), illuminazione fissa. Per uso esterno e interno. Con cavo verde. Trasformatore non incluso (codice 93-2378) con cavo da 3m. Domande Frequenti Il trasformatore \u00e8 incluso? No, il trasformatore (cod. 93-2378) con cavo da 3m non \u00e8 incluso. Pu\u00f2 essere utilizzato all&#8217;aperto? S\u00ec, il prodotto \u00e8 [&hellip;]<\/p>\n","protected":false},"featured_media":5182127,"comment_status":"closed","ping_status":"open","template":"","meta":[],"product_brand":[],"product_cat":[],"product_tag":[15],"class_list":{"0":"post-5317302","1":"product","2":"type-product","3":"status-publish","4":"has-post-thumbnail","6":"product_tag-uncategorized","8":"first","9":"onbackorder","10":"purchasable","11":"product-type-simple"},"jetpack_sharing_enabled":true,"_links":{"self":[{"href":"https:\/\/gadgettravellers.eu\/it\/wp-json\/wp\/v2\/product\/5317302","targetHints":{"allow":["GET"]}}],"collection":[{"href":"https:\/\/gadgettravellers.eu\/it\/wp-json\/wp\/v2\/product"}],"about":[{"href":"https:\/\/gadgettravellers.eu\/it\/wp-json\/wp\/v2\/types\/product"}],"replies":[{"embeddable":true,"href":"https:\/\/gadgettravellers.eu\/it\/wp-json\/wp\/v2\/comments?post=5317302"}],"wp:featuredmedia":[{"embeddable":true,"href":"https:\/\/gadgettravellers.eu\/it\/wp-json\/wp\/v2\/media\/5182127"}],"wp:attachment":[{"href":"https:\/\/gadgettravellers.eu\/it\/wp-json\/wp\/v2\/media?parent=5317302"}],"wp:term":[{"taxonomy":"product_brand","embeddable":true,"href":"https:\/\/gadgettravellers.eu\/it\/wp-json\/wp\/v2\/product_brand?post=5317302"},{"taxonomy":"product_cat","embeddable":true,"href":"https:\/\/gadgettravellers.eu\/it\/wp-json\/wp\/v2\/product_cat?post=5317302"},{"taxonomy":"product_tag","embeddable":true,"href":"https:\/\/gadgettravellers.eu\/it\/wp-json\/wp\/v2\/product_tag?post=5317302"}],"curies":[{"name":"wp","href":"https:\/\/api.w.org\/{rel}","templated":true}]}}