{"id":5317303,"date":"2026-01-19T14:50:12","date_gmt":"2026-01-19T12:50:12","guid":{"rendered":"https:\/\/gadgettravellers.eu\/shop\/stivale-di-natale-rosso-con-paillettes-44cm-xmasfest-1132605\/"},"modified":"2026-04-22T22:54:04","modified_gmt":"2026-04-22T20:54:04","slug":"stivale-di-natale-rosso-con-paillettes-44cm-xmasfest-1132605","status":"publish","type":"product","link":"https:\/\/gadgettravellers.eu\/it\/shop\/stivale-di-natale-rosso-con-paillettes-44cm-xmasfest-1132605\/","title":{"rendered":"Stivale di Natale Rosso con Paillettes 44cm Xmasfest 1132605"},"content":{"rendered":"<p>Con paillettes magiche che cambiano colore 44cm<\/p>\n<div class='aiseo-faq-section' style='margin-top:30px; border-top:1px solid #eee; padding-top:20px;'>\n<h3>Domande Frequenti<\/h3>\n<details style='margin-bottom:10px; padding:10px; background:#f9f9f9; border-radius:5px;'>\n<summary style='font-weight:bold; cursor:pointer;'>Qual \u00e8 la misura dello stivale?<\/summary>\n<div style='margin-top:10px; color:#555;'>L&#8217;altezza dello stivale \u00e8 di 44 cm.<\/div>\n<\/details>\n<details style='margin-bottom:10px; padding:10px; background:#f9f9f9; border-radius:5px;'>\n<summary style='font-weight:bold; cursor:pointer;'>Cosa hanno di speciale le pedine?<\/summary>\n<div style='margin-top:10px; color:#555;'>Nella descrizione si afferma che si tratta di &#8216;paillettes magiche&#8217; che cambiano colore.<\/div>\n<\/details>\n<details style='margin-bottom:10px; padding:10px; background:#f9f9f9; border-radius:5px;'>\n<summary style='font-weight:bold; cursor:pointer;'>Pu\u00f2 essere appeso al camino?<\/summary>\n<div style='margin-top:10px; color:#555;'>S\u00ec, lo stivale \u00e8 ideale per essere appeso al camino secondo la breve descrizione.<\/div>\n<\/details>\n<details style='margin-bottom:10px; padding:10px; background:#f9f9f9; border-radius:5px;'>\n<summary style='font-weight:bold; cursor:pointer;'>Pu\u00f2 essere usato come regalo?<\/summary>\n<div style='margin-top:10px; color:#555;'>S\u00ec, \u00e8 consigliato come regalo decorativo.<\/div>\n<\/details>\n<\/div>\n","protected":false},"excerpt":{"rendered":"<p>Con paillettes magiche che cambiano colore 44cm Domande Frequenti Qual \u00e8 la misura dello stivale? L&#8217;altezza dello stivale \u00e8 di 44 cm. Cosa hanno di speciale le pedine? Nella descrizione si afferma che si tratta di &#8216;paillettes magiche&#8217; che cambiano colore. Pu\u00f2 essere appeso al camino? S\u00ec, lo stivale \u00e8 ideale per essere appeso al [&hellip;]<\/p>\n","protected":false},"featured_media":5182135,"comment_status":"closed","ping_status":"open","template":"","meta":[],"product_brand":[],"product_cat":[],"product_tag":[15],"class_list":{"0":"post-5317303","1":"product","2":"type-product","3":"status-publish","4":"has-post-thumbnail","6":"product_tag-uncategorized","8":"first","9":"onbackorder","10":"purchasable","11":"product-type-simple"},"jetpack_sharing_enabled":true,"_links":{"self":[{"href":"https:\/\/gadgettravellers.eu\/it\/wp-json\/wp\/v2\/product\/5317303","targetHints":{"allow":["GET"]}}],"collection":[{"href":"https:\/\/gadgettravellers.eu\/it\/wp-json\/wp\/v2\/product"}],"about":[{"href":"https:\/\/gadgettravellers.eu\/it\/wp-json\/wp\/v2\/types\/product"}],"replies":[{"embeddable":true,"href":"https:\/\/gadgettravellers.eu\/it\/wp-json\/wp\/v2\/comments?post=5317303"}],"wp:featuredmedia":[{"embeddable":true,"href":"https:\/\/gadgettravellers.eu\/it\/wp-json\/wp\/v2\/media\/5182135"}],"wp:attachment":[{"href":"https:\/\/gadgettravellers.eu\/it\/wp-json\/wp\/v2\/media?parent=5317303"}],"wp:term":[{"taxonomy":"product_brand","embeddable":true,"href":"https:\/\/gadgettravellers.eu\/it\/wp-json\/wp\/v2\/product_brand?post=5317303"},{"taxonomy":"product_cat","embeddable":true,"href":"https:\/\/gadgettravellers.eu\/it\/wp-json\/wp\/v2\/product_cat?post=5317303"},{"taxonomy":"product_tag","embeddable":true,"href":"https:\/\/gadgettravellers.eu\/it\/wp-json\/wp\/v2\/product_tag?post=5317303"}],"curies":[{"name":"wp","href":"https:\/\/api.w.org\/{rel}","templated":true}]}}