{"id":5317308,"date":"2026-01-19T14:50:17","date_gmt":"2026-01-19T12:50:17","guid":{"rendered":"https:\/\/gadgettravellers.eu\/shop\/albero-da-parete-mezzo-con-base-metallica-180cm-xmasfest-1132599\/"},"modified":"2026-04-22T22:54:06","modified_gmt":"2026-04-22T20:54:06","slug":"albero-da-parete-mezzo-con-base-metallica-180cm-xmasfest-1132599","status":"publish","type":"product","link":"https:\/\/gadgettravellers.eu\/it\/shop\/albero-da-parete-mezzo-con-base-metallica-180cm-xmasfest-1132599\/","title":{"rendered":"Albero da Parete Mezzo con Base Metallica 180cm Xmasfest 1132599"},"content":{"rendered":"<p>Albero da parete met\u00e0 con base metallica a treppiede (42x38cm). 400 rami 180cm<\/p>\n<div class='aiseo-faq-section' style='margin-top:30px; border-top:1px solid #eee; padding-top:20px;'>\n<h3>Domande Frequenti<\/h3>\n<details style='margin-bottom:10px; padding:10px; background:#f9f9f9; border-radius:5px;'>\n<summary style='font-weight:bold; cursor:pointer;'>Qual \u00e8 l&#8217;altezza dell&#8217;albero?<\/summary>\n<div style='margin-top:10px; color:#555;'>L&#8217;altezza \u00e8 180 cm.<\/div>\n<\/details>\n<details style='margin-bottom:10px; padding:10px; background:#f9f9f9; border-radius:5px;'>\n<summary style='font-weight:bold; cursor:pointer;'>Quanti rami ha l&#8217;albero?<\/summary>\n<div style='margin-top:10px; color:#555;'>Dispone di 400 filiali.<\/div>\n<\/details>\n<details style='margin-bottom:10px; padding:10px; background:#f9f9f9; border-radius:5px;'>\n<summary style='font-weight:bold; cursor:pointer;'>Che tipo di base include il prodotto?<\/summary>\n<div style='margin-top:10px; color:#555;'>Ha una base metallica a treppiede di dimensioni 42&#215;38 cm.<\/div>\n<\/details>\n<details style='margin-bottom:10px; padding:10px; background:#f9f9f9; border-radius:5px;'>\n<summary style='font-weight:bold; cursor:pointer;'>\u00c8 adatto per pareti e angoli stretti?<\/summary>\n<div style='margin-top:10px; color:#555;'>S\u00ec, \u00e8 un semialbero da parete con facile installazione, ideale per angoli stretti.<\/div>\n<\/details>\n<\/div>\n","protected":false},"excerpt":{"rendered":"<p>Albero da parete met\u00e0 con base metallica a treppiede (42x38cm). 400 rami 180cm Domande Frequenti Qual \u00e8 l&#8217;altezza dell&#8217;albero? L&#8217;altezza \u00e8 180 cm. Quanti rami ha l&#8217;albero? Dispone di 400 filiali. Che tipo di base include il prodotto? Ha una base metallica a treppiede di dimensioni 42&#215;38 cm. \u00c8 adatto per pareti e angoli stretti? [&hellip;]<\/p>\n","protected":false},"featured_media":5182131,"comment_status":"closed","ping_status":"open","template":"","meta":[],"product_brand":[],"product_cat":[],"product_tag":[15],"class_list":{"0":"post-5317308","1":"product","2":"type-product","3":"status-publish","4":"has-post-thumbnail","6":"product_tag-uncategorized","8":"first","9":"onbackorder","10":"purchasable","11":"product-type-simple"},"jetpack_sharing_enabled":true,"_links":{"self":[{"href":"https:\/\/gadgettravellers.eu\/it\/wp-json\/wp\/v2\/product\/5317308","targetHints":{"allow":["GET"]}}],"collection":[{"href":"https:\/\/gadgettravellers.eu\/it\/wp-json\/wp\/v2\/product"}],"about":[{"href":"https:\/\/gadgettravellers.eu\/it\/wp-json\/wp\/v2\/types\/product"}],"replies":[{"embeddable":true,"href":"https:\/\/gadgettravellers.eu\/it\/wp-json\/wp\/v2\/comments?post=5317308"}],"wp:featuredmedia":[{"embeddable":true,"href":"https:\/\/gadgettravellers.eu\/it\/wp-json\/wp\/v2\/media\/5182131"}],"wp:attachment":[{"href":"https:\/\/gadgettravellers.eu\/it\/wp-json\/wp\/v2\/media?parent=5317308"}],"wp:term":[{"taxonomy":"product_brand","embeddable":true,"href":"https:\/\/gadgettravellers.eu\/it\/wp-json\/wp\/v2\/product_brand?post=5317308"},{"taxonomy":"product_cat","embeddable":true,"href":"https:\/\/gadgettravellers.eu\/it\/wp-json\/wp\/v2\/product_cat?post=5317308"},{"taxonomy":"product_tag","embeddable":true,"href":"https:\/\/gadgettravellers.eu\/it\/wp-json\/wp\/v2\/product_tag?post=5317308"}],"curies":[{"name":"wp","href":"https:\/\/api.w.org\/{rel}","templated":true}]}}