{"id":5317309,"date":"2026-01-19T14:50:18","date_gmt":"2026-01-19T12:50:18","guid":{"rendered":"https:\/\/gadgettravellers.eu\/shop\/palloncino-metallizzato-babbo-natale-62x45cm-xmasfest-1132689\/"},"modified":"2026-04-22T22:54:07","modified_gmt":"2026-04-22T20:54:07","slug":"palloncino-metallizzato-babbo-natale-62x45cm-xmasfest-1132689","status":"publish","type":"product","link":"https:\/\/gadgettravellers.eu\/it\/shop\/palloncino-metallizzato-babbo-natale-62x45cm-xmasfest-1132689\/","title":{"rendered":"Palloncino Metallizzato Babbo Natale 62x45cm Xmasfest 1132689"},"content":{"rendered":"<p>Foil 62x45cm<\/p>\n<div class='aiseo-faq-section' style='margin-top:30px; border-top:1px solid #eee; padding-top:20px;'>\n<h3>Domande Frequenti<\/h3>\n<details style='margin-bottom:10px; padding:10px; background:#f9f9f9; border-radius:5px;'>\n<summary style='font-weight:bold; cursor:pointer;'>Di che materiale \u00e8 fatto il palloncino?<\/summary>\n<div style='margin-top:10px; color:#555;'>\u00c8 realizzato in materiale foil (metallico) che offre colori vivaci e una forma stabile.<\/div>\n<\/details>\n<details style='margin-bottom:10px; padding:10px; background:#f9f9f9; border-radius:5px;'>\n<summary style='font-weight:bold; cursor:pointer;'>Qual \u00e8 la dimensione del palloncino?<\/summary>\n<div style='margin-top:10px; color:#555;'>Il palloncino ha una dimensione di 62&#215;45 cm.<\/div>\n<\/details>\n<details style='margin-bottom:10px; padding:10px; background:#f9f9f9; border-radius:5px;'>\n<summary style='font-weight:bold; cursor:pointer;'>Pu\u00f2 essere utilizzato all&#8217;aperto?<\/summary>\n<div style='margin-top:10px; color:#555;'>\u00c8 adatto principalmente per ambienti interni e non \u00e8 consigliato per un uso prolungato all&#8217;esterno.<\/div>\n<\/details>\n<details style='margin-bottom:10px; padding:10px; background:#f9f9f9; border-radius:5px;'>\n<summary style='font-weight:bold; cursor:pointer;'>\u00c8 facile da gonfiare e da posizionare?<\/summary>\n<div style='margin-top:10px; color:#555;'>S\u00ec, \u00e8 facile da gonfiare e pu\u00f2 essere posizionato su aste o su mazzi di palloncini.<\/div>\n<\/details>\n<details style='margin-bottom:10px; padding:10px; background:#f9f9f9; border-radius:5px;'>\n<summary style='font-weight:bold; cursor:pointer;'>Cosa devo fare attenzione nella conservazione?<\/summary>\n<div style='margin-top:10px; color:#555;'>Si consiglia di prestare attenzione alla temperatura e alla conservazione per una maggiore durata.<\/div>\n<\/details>\n<\/div>\n","protected":false},"excerpt":{"rendered":"<p>Foil 62x45cm Domande Frequenti Di che materiale \u00e8 fatto il palloncino? \u00c8 realizzato in materiale foil (metallico) che offre colori vivaci e una forma stabile. Qual \u00e8 la dimensione del palloncino? Il palloncino ha una dimensione di 62&#215;45 cm. Pu\u00f2 essere utilizzato all&#8217;aperto? \u00c8 adatto principalmente per ambienti interni e non \u00e8 consigliato per un [&hellip;]<\/p>\n","protected":false},"featured_media":5182169,"comment_status":"closed","ping_status":"open","template":"","meta":[],"product_brand":[],"product_cat":[],"product_tag":[15],"class_list":{"0":"post-5317309","1":"product","2":"type-product","3":"status-publish","4":"has-post-thumbnail","6":"product_tag-uncategorized","8":"first","9":"onbackorder","10":"purchasable","11":"product-type-simple"},"jetpack_sharing_enabled":true,"_links":{"self":[{"href":"https:\/\/gadgettravellers.eu\/it\/wp-json\/wp\/v2\/product\/5317309","targetHints":{"allow":["GET"]}}],"collection":[{"href":"https:\/\/gadgettravellers.eu\/it\/wp-json\/wp\/v2\/product"}],"about":[{"href":"https:\/\/gadgettravellers.eu\/it\/wp-json\/wp\/v2\/types\/product"}],"replies":[{"embeddable":true,"href":"https:\/\/gadgettravellers.eu\/it\/wp-json\/wp\/v2\/comments?post=5317309"}],"wp:featuredmedia":[{"embeddable":true,"href":"https:\/\/gadgettravellers.eu\/it\/wp-json\/wp\/v2\/media\/5182169"}],"wp:attachment":[{"href":"https:\/\/gadgettravellers.eu\/it\/wp-json\/wp\/v2\/media?parent=5317309"}],"wp:term":[{"taxonomy":"product_brand","embeddable":true,"href":"https:\/\/gadgettravellers.eu\/it\/wp-json\/wp\/v2\/product_brand?post=5317309"},{"taxonomy":"product_cat","embeddable":true,"href":"https:\/\/gadgettravellers.eu\/it\/wp-json\/wp\/v2\/product_cat?post=5317309"},{"taxonomy":"product_tag","embeddable":true,"href":"https:\/\/gadgettravellers.eu\/it\/wp-json\/wp\/v2\/product_tag?post=5317309"}],"curies":[{"name":"wp","href":"https:\/\/api.w.org\/{rel}","templated":true}]}}