{"id":5317311,"date":"2026-01-19T14:50:19","date_gmt":"2026-01-19T12:50:19","guid":{"rendered":"https:\/\/gadgettravellers.eu\/shop\/ghirlanda-pal-colore-tinsel-o11cm-a2m-xmasfest-1132682\/"},"modified":"2026-04-22T22:54:08","modified_gmt":"2026-04-22T20:54:08","slug":"ghirlanda-pal-colore-tinsel-o11cm-a2m-xmasfest-1132682","status":"publish","type":"product","link":"https:\/\/gadgettravellers.eu\/it\/shop\/ghirlanda-pal-colore-tinsel-o11cm-a2m-xmasfest-1132682\/","title":{"rendered":"Ghirlanda pal Colore Tinsel \u00f8:11cm A:2m Xmasfest 1132682"},"content":{"rendered":"<p>(per colore) \u00f8:11cm A:2m<\/p>\n<div class='aiseo-faq-section' style='margin-top:30px; border-top:1px solid #eee; padding-top:20px;'>\n<h3>Domande Frequenti<\/h3>\n<details style='margin-bottom:10px; padding:10px; background:#f9f9f9; border-radius:5px;'>\n<summary style='font-weight:bold; cursor:pointer;'>Qual \u00e8 la lunghezza e il diametro della ghirlanda?<\/summary>\n<div style='margin-top:10px; color:#555;'>La lunghezza \u00e8 di 2 metri e il diametro \u00e8 di circa 11 centimetri.<\/div>\n<\/details>\n<details style='margin-bottom:10px; padding:10px; background:#f9f9f9; border-radius:5px;'>\n<summary style='font-weight:bold; cursor:pointer;'>Di che colore \u00e8 la ghirlanda?<\/summary>\n<div style='margin-top:10px; color:#555;'>\u00c8 indicato come tonalit\u00e0 pallida.<\/div>\n<\/details>\n<details style='margin-bottom:10px; padding:10px; background:#f9f9f9; border-radius:5px;'>\n<summary style='font-weight:bold; cursor:pointer;'>Dove pu\u00f2 essere utilizzata questa ghirlanda?<\/summary>\n<div style='margin-top:10px; color:#555;'>Ideale per decorare alberi di Natale e spazi generali.<\/div>\n<\/details>\n<details style='margin-bottom:10px; padding:10px; background:#f9f9f9; border-radius:5px;'>\n<summary style='font-weight:bold; cursor:pointer;'>\u00c8 difficile l&#8217;installazione?<\/summary>\n<div style='margin-top:10px; color:#555;'>No, ha un&#8217;installazione facile e offre una finitura luminosa.<\/div>\n<\/details>\n<\/div>\n","protected":false},"excerpt":{"rendered":"<p>(per colore) \u00f8:11cm A:2m Domande Frequenti Qual \u00e8 la lunghezza e il diametro della ghirlanda? La lunghezza \u00e8 di 2 metri e il diametro \u00e8 di circa 11 centimetri. Di che colore \u00e8 la ghirlanda? \u00c8 indicato come tonalit\u00e0 pallida. Dove pu\u00f2 essere utilizzata questa ghirlanda? Ideale per decorare alberi di Natale e spazi generali. [&hellip;]<\/p>\n","protected":false},"featured_media":5182162,"comment_status":"closed","ping_status":"open","template":"","meta":[],"product_brand":[],"product_cat":[],"product_tag":[15],"class_list":{"0":"post-5317311","1":"product","2":"type-product","3":"status-publish","4":"has-post-thumbnail","6":"product_tag-uncategorized","8":"first","9":"onbackorder","10":"purchasable","11":"product-type-simple"},"jetpack_sharing_enabled":true,"_links":{"self":[{"href":"https:\/\/gadgettravellers.eu\/it\/wp-json\/wp\/v2\/product\/5317311","targetHints":{"allow":["GET"]}}],"collection":[{"href":"https:\/\/gadgettravellers.eu\/it\/wp-json\/wp\/v2\/product"}],"about":[{"href":"https:\/\/gadgettravellers.eu\/it\/wp-json\/wp\/v2\/types\/product"}],"replies":[{"embeddable":true,"href":"https:\/\/gadgettravellers.eu\/it\/wp-json\/wp\/v2\/comments?post=5317311"}],"wp:featuredmedia":[{"embeddable":true,"href":"https:\/\/gadgettravellers.eu\/it\/wp-json\/wp\/v2\/media\/5182162"}],"wp:attachment":[{"href":"https:\/\/gadgettravellers.eu\/it\/wp-json\/wp\/v2\/media?parent=5317311"}],"wp:term":[{"taxonomy":"product_brand","embeddable":true,"href":"https:\/\/gadgettravellers.eu\/it\/wp-json\/wp\/v2\/product_brand?post=5317311"},{"taxonomy":"product_cat","embeddable":true,"href":"https:\/\/gadgettravellers.eu\/it\/wp-json\/wp\/v2\/product_cat?post=5317311"},{"taxonomy":"product_tag","embeddable":true,"href":"https:\/\/gadgettravellers.eu\/it\/wp-json\/wp\/v2\/product_tag?post=5317311"}],"curies":[{"name":"wp","href":"https:\/\/api.w.org\/{rel}","templated":true}]}}