{"id":5317313,"date":"2026-01-19T14:50:20","date_gmt":"2026-01-19T12:50:20","guid":{"rendered":"https:\/\/gadgettravellers.eu\/shop\/casetta-con-camino-per-foto-11x11x5cm-xmasfest-1132697\/"},"modified":"2026-04-22T22:54:08","modified_gmt":"2026-04-22T20:54:08","slug":"casetta-con-camino-per-foto-11x11x5cm-xmasfest-1132697","status":"publish","type":"product","link":"https:\/\/gadgettravellers.eu\/it\/shop\/casetta-con-camino-per-foto-11x11x5cm-xmasfest-1132697\/","title":{"rendered":"Casetta con Camino per Foto 11x11x5cm Xmasfest 1132697"},"content":{"rendered":"<p>Casetta in legno cornice per foto 4,5&#215;4,5cm 11x11x5cm<\/p>\n<div class='aiseo-faq-section' style='margin-top:30px; border-top:1px solid #eee; padding-top:20px;'>\n<h3>Domande Frequenti<\/h3>\n<details style='margin-bottom:10px; padding:10px; background:#f9f9f9; border-radius:5px;'>\n<summary style='font-weight:bold; cursor:pointer;'>Quali sono le dimensioni esterne del prodotto?<\/summary>\n<div style='margin-top:10px; color:#555;'>Le dimensioni esterne sono 11x11x5cm.<\/div>\n<\/details>\n<details style='margin-bottom:10px; padding:10px; background:#f9f9f9; border-radius:5px;'>\n<summary style='font-weight:bold; cursor:pointer;'>Che dimensione di foto entra nella cornice?<\/summary>\n<div style='margin-top:10px; color:#555;'>Si adatta una foto 4,5&#215;4,5cm.<\/div>\n<\/details>\n<details style='margin-bottom:10px; padding:10px; background:#f9f9f9; border-radius:5px;'>\n<summary style='font-weight:bold; cursor:pointer;'>Di che materiale \u00e8 fatto?<\/summary>\n<div style='margin-top:10px; color:#555;'>\u00c8 una casetta in legno-portafoto.<\/div>\n<\/details>\n<details style='margin-bottom:10px; padding:10px; background:#f9f9f9; border-radius:5px;'>\n<summary style='font-weight:bold; cursor:pointer;'>\u00c8 adatto come decorazione natalizia o regalo?<\/summary>\n<div style='margin-top:10px; color:#555;'>S\u00ec, \u00e8 un ideale ornamento natalizio e un piccolo regalo.<\/div>\n<\/details>\n<\/div>\n","protected":false},"excerpt":{"rendered":"<p>Casetta in legno cornice per foto 4,5&#215;4,5cm 11x11x5cm Domande Frequenti Quali sono le dimensioni esterne del prodotto? Le dimensioni esterne sono 11x11x5cm. Che dimensione di foto entra nella cornice? Si adatta una foto 4,5&#215;4,5cm. Di che materiale \u00e8 fatto? \u00c8 una casetta in legno-portafoto. \u00c8 adatto come decorazione natalizia o regalo? S\u00ec, \u00e8 un ideale [&hellip;]<\/p>\n","protected":false},"featured_media":5182187,"comment_status":"closed","ping_status":"open","template":"","meta":[],"product_brand":[],"product_cat":[],"product_tag":[15],"class_list":{"0":"post-5317313","1":"product","2":"type-product","3":"status-publish","4":"has-post-thumbnail","6":"product_tag-uncategorized","8":"first","9":"onbackorder","10":"purchasable","11":"product-type-simple"},"jetpack_sharing_enabled":true,"_links":{"self":[{"href":"https:\/\/gadgettravellers.eu\/it\/wp-json\/wp\/v2\/product\/5317313","targetHints":{"allow":["GET"]}}],"collection":[{"href":"https:\/\/gadgettravellers.eu\/it\/wp-json\/wp\/v2\/product"}],"about":[{"href":"https:\/\/gadgettravellers.eu\/it\/wp-json\/wp\/v2\/types\/product"}],"replies":[{"embeddable":true,"href":"https:\/\/gadgettravellers.eu\/it\/wp-json\/wp\/v2\/comments?post=5317313"}],"wp:featuredmedia":[{"embeddable":true,"href":"https:\/\/gadgettravellers.eu\/it\/wp-json\/wp\/v2\/media\/5182187"}],"wp:attachment":[{"href":"https:\/\/gadgettravellers.eu\/it\/wp-json\/wp\/v2\/media?parent=5317313"}],"wp:term":[{"taxonomy":"product_brand","embeddable":true,"href":"https:\/\/gadgettravellers.eu\/it\/wp-json\/wp\/v2\/product_brand?post=5317313"},{"taxonomy":"product_cat","embeddable":true,"href":"https:\/\/gadgettravellers.eu\/it\/wp-json\/wp\/v2\/product_cat?post=5317313"},{"taxonomy":"product_tag","embeddable":true,"href":"https:\/\/gadgettravellers.eu\/it\/wp-json\/wp\/v2\/product_tag?post=5317313"}],"curies":[{"name":"wp","href":"https:\/\/api.w.org\/{rel}","templated":true}]}}