{"id":5317314,"date":"2026-01-19T14:50:22","date_gmt":"2026-01-19T12:50:22","guid":{"rendered":"https:\/\/gadgettravellers.eu\/shop\/cestino-con-manico-in-legno-11x10x55cm-xmasfest-1132696\/"},"modified":"2026-04-22T22:54:09","modified_gmt":"2026-04-22T20:54:09","slug":"cestino-con-manico-in-legno-11x10x55cm-xmasfest-1132696","status":"publish","type":"product","link":"https:\/\/gadgettravellers.eu\/it\/shop\/cestino-con-manico-in-legno-11x10x55cm-xmasfest-1132696\/","title":{"rendered":"Cestino con Manico in Legno 11x10x5,5cm Xmasfest 1132696"},"content":{"rendered":"<p>Cestino 11x10x5,5cm<\/p>\n<div class='aiseo-faq-section' style='margin-top:30px; border-top:1px solid #eee; padding-top:20px;'>\n<h3>Domande Frequenti<\/h3>\n<details style='margin-bottom:10px; padding:10px; background:#f9f9f9; border-radius:5px;'>\n<summary style='font-weight:bold; cursor:pointer;'>Quali sono le dimensioni del prodotto?<\/summary>\n<div style='margin-top:10px; color:#555;'>Il cestino ha dimensioni 11x10x5,5 cm.<\/div>\n<\/details>\n<details style='margin-bottom:10px; padding:10px; background:#f9f9f9; border-radius:5px;'>\n<summary style='font-weight:bold; cursor:pointer;'>Di che materiale \u00e8 fatto?<\/summary>\n<div style='margin-top:10px; color:#555;'>\u00c8 un cestino di legno.<\/div>\n<\/details>\n<details style='margin-bottom:10px; padding:10px; background:#f9f9f9; border-radius:5px;'>\n<summary style='font-weight:bold; cursor:pointer;'>Ha una maniglia?<\/summary>\n<div style='margin-top:10px; color:#555;'>S\u00ec, include una maniglia come indicato nel nome e nella breve descrizione.<\/div>\n<\/details>\n<details style='margin-bottom:10px; padding:10px; background:#f9f9f9; border-radius:5px;'>\n<summary style='font-weight:bold; cursor:pointer;'>Dove pu\u00f2 essere utilizzato?<\/summary>\n<div style='margin-top:10px; color:#555;'>Ideale per decorazioni, per confezionare regali e per conservare piccoli oggetti.<\/div>\n<\/details>\n<\/div>\n","protected":false},"excerpt":{"rendered":"<p>Cestino 11x10x5,5cm Domande Frequenti Quali sono le dimensioni del prodotto? Il cestino ha dimensioni 11x10x5,5 cm. Di che materiale \u00e8 fatto? \u00c8 un cestino di legno. Ha una maniglia? S\u00ec, include una maniglia come indicato nel nome e nella breve descrizione. Dove pu\u00f2 essere utilizzato? Ideale per decorazioni, per confezionare regali e per conservare piccoli [&hellip;]<\/p>\n","protected":false},"featured_media":5182180,"comment_status":"closed","ping_status":"open","template":"","meta":[],"product_brand":[],"product_cat":[],"product_tag":[15],"class_list":{"0":"post-5317314","1":"product","2":"type-product","3":"status-publish","4":"has-post-thumbnail","6":"product_tag-uncategorized","8":"first","9":"onbackorder","10":"purchasable","11":"product-type-simple"},"jetpack_sharing_enabled":true,"_links":{"self":[{"href":"https:\/\/gadgettravellers.eu\/it\/wp-json\/wp\/v2\/product\/5317314","targetHints":{"allow":["GET"]}}],"collection":[{"href":"https:\/\/gadgettravellers.eu\/it\/wp-json\/wp\/v2\/product"}],"about":[{"href":"https:\/\/gadgettravellers.eu\/it\/wp-json\/wp\/v2\/types\/product"}],"replies":[{"embeddable":true,"href":"https:\/\/gadgettravellers.eu\/it\/wp-json\/wp\/v2\/comments?post=5317314"}],"wp:featuredmedia":[{"embeddable":true,"href":"https:\/\/gadgettravellers.eu\/it\/wp-json\/wp\/v2\/media\/5182180"}],"wp:attachment":[{"href":"https:\/\/gadgettravellers.eu\/it\/wp-json\/wp\/v2\/media?parent=5317314"}],"wp:term":[{"taxonomy":"product_brand","embeddable":true,"href":"https:\/\/gadgettravellers.eu\/it\/wp-json\/wp\/v2\/product_brand?post=5317314"},{"taxonomy":"product_cat","embeddable":true,"href":"https:\/\/gadgettravellers.eu\/it\/wp-json\/wp\/v2\/product_cat?post=5317314"},{"taxonomy":"product_tag","embeddable":true,"href":"https:\/\/gadgettravellers.eu\/it\/wp-json\/wp\/v2\/product_tag?post=5317314"}],"curies":[{"name":"wp","href":"https:\/\/api.w.org\/{rel}","templated":true}]}}