{"id":5317319,"date":"2026-01-19T14:50:27","date_gmt":"2026-01-19T12:50:27","guid":{"rendered":"https:\/\/gadgettravellers.eu\/shop\/punta-stella-cadente-glitter-25cm-xmasfest-11347\/"},"modified":"2026-04-22T22:54:11","modified_gmt":"2026-04-22T20:54:11","slug":"punta-stella-cadente-glitter-25cm-xmasfest-11347","status":"publish","type":"product","link":"https:\/\/gadgettravellers.eu\/it\/shop\/punta-stella-cadente-glitter-25cm-xmasfest-11347\/","title":{"rendered":"Punta Stella Cadente Glitter 25cm Xmasfest 11347"},"content":{"rendered":"<p>Glitter 25cm<\/p>\n<div class='aiseo-faq-section' style='margin-top:30px; border-top:1px solid #eee; padding-top:20px;'>\n<h3>Domande Frequenti<\/h3>\n<details style='margin-bottom:10px; padding:10px; background:#f9f9f9; border-radius:5px;'>\n<summary style='font-weight:bold; cursor:pointer;'>Per quale dimensione di albero \u00e8 adatta questa cima?<\/summary>\n<div style='margin-top:10px; color:#555;'>Adatto per alberi di medie dimensioni.<\/div>\n<\/details>\n<details style='margin-bottom:10px; padding:10px; background:#f9f9f9; border-radius:5px;'>\n<summary style='font-weight:bold; cursor:pointer;'>Pu\u00f2 essere usato esternamente?<\/summary>\n<div style='margin-top:10px; color:#555;'>Destinato per uso interno.<\/div>\n<\/details>\n<details style='margin-bottom:10px; padding:10px; background:#f9f9f9; border-radius:5px;'>\n<summary style='font-weight:bold; cursor:pointer;'>\u00c8 difficile da installare?<\/summary>\n<div style='margin-top:10px; color:#555;'>No, sono leggere e facili da fissare.<\/div>\n<\/details>\n<details style='margin-bottom:10px; padding:10px; background:#f9f9f9; border-radius:5px;'>\n<summary style='font-weight:bold; cursor:pointer;'>Pu\u00f2 essere riutilizzato?<\/summary>\n<div style='margin-top:10px; color:#555;'>S\u00ec, \u00e8 riutilizzabile.<\/div>\n<\/details>\n<\/div>\n","protected":false},"excerpt":{"rendered":"<p>Glitter 25cm Domande Frequenti Per quale dimensione di albero \u00e8 adatta questa cima? Adatto per alberi di medie dimensioni. Pu\u00f2 essere usato esternamente? Destinato per uso interno. \u00c8 difficile da installare? No, sono leggere e facili da fissare. Pu\u00f2 essere riutilizzato? S\u00ec, \u00e8 riutilizzabile.<\/p>\n","protected":false},"featured_media":5182224,"comment_status":"closed","ping_status":"open","template":"","meta":[],"product_brand":[],"product_cat":[],"product_tag":[15],"class_list":{"0":"post-5317319","1":"product","2":"type-product","3":"status-publish","4":"has-post-thumbnail","6":"product_tag-uncategorized","8":"first","9":"onbackorder","10":"purchasable","11":"product-type-simple"},"jetpack_sharing_enabled":true,"_links":{"self":[{"href":"https:\/\/gadgettravellers.eu\/it\/wp-json\/wp\/v2\/product\/5317319","targetHints":{"allow":["GET"]}}],"collection":[{"href":"https:\/\/gadgettravellers.eu\/it\/wp-json\/wp\/v2\/product"}],"about":[{"href":"https:\/\/gadgettravellers.eu\/it\/wp-json\/wp\/v2\/types\/product"}],"replies":[{"embeddable":true,"href":"https:\/\/gadgettravellers.eu\/it\/wp-json\/wp\/v2\/comments?post=5317319"}],"wp:featuredmedia":[{"embeddable":true,"href":"https:\/\/gadgettravellers.eu\/it\/wp-json\/wp\/v2\/media\/5182224"}],"wp:attachment":[{"href":"https:\/\/gadgettravellers.eu\/it\/wp-json\/wp\/v2\/media?parent=5317319"}],"wp:term":[{"taxonomy":"product_brand","embeddable":true,"href":"https:\/\/gadgettravellers.eu\/it\/wp-json\/wp\/v2\/product_brand?post=5317319"},{"taxonomy":"product_cat","embeddable":true,"href":"https:\/\/gadgettravellers.eu\/it\/wp-json\/wp\/v2\/product_cat?post=5317319"},{"taxonomy":"product_tag","embeddable":true,"href":"https:\/\/gadgettravellers.eu\/it\/wp-json\/wp\/v2\/product_tag?post=5317319"}],"curies":[{"name":"wp","href":"https:\/\/api.w.org\/{rel}","templated":true}]}}