{"id":5317320,"date":"2026-01-19T14:50:27","date_gmt":"2026-01-19T12:50:27","guid":{"rendered":"https:\/\/gadgettravellers.eu\/shop\/stivale-di-natale-classico-34x24cm-xmasfest-1132723\/"},"modified":"2026-04-22T22:54:12","modified_gmt":"2026-04-22T20:54:12","slug":"stivale-di-natale-classico-34x24cm-xmasfest-1132723","status":"publish","type":"product","link":"https:\/\/gadgettravellers.eu\/it\/shop\/stivale-di-natale-classico-34x24cm-xmasfest-1132723\/","title":{"rendered":"Stivale di Natale Classico 34x24cm Xmasfest 1132723"},"content":{"rendered":"<p>(abbinate) 34x24cm<\/p>\n<div class='aiseo-faq-section' style='margin-top:30px; border-top:1px solid #eee; padding-top:20px;'>\n<h3>Domande Frequenti<\/h3>\n<details style='margin-bottom:10px; padding:10px; background:#f9f9f9; border-radius:5px;'>\n<summary style='font-weight:bold; cursor:pointer;'>Quali sono le dimensioni dello stivale?<\/summary>\n<div style='margin-top:10px; color:#555;'>Le dimensioni sono 34&#215;24 cm.<\/div>\n<\/details>\n<details style='margin-bottom:10px; padding:10px; background:#f9f9f9; border-radius:5px;'>\n<summary style='font-weight:bold; cursor:pointer;'>In quale ambiente \u00e8 destinato il suo utilizzo?<\/summary>\n<div style='margin-top:10px; color:#555;'>Ideale per decorare e appendere al camino o alle scale.<\/div>\n<\/details>\n<details style='margin-bottom:10px; padding:10px; background:#f9f9f9; border-radius:5px;'>\n<summary style='font-weight:bold; cursor:pointer;'>Cosa significa \u00ababbinato\u00bb nei colori?<\/summary>\n<div style='margin-top:10px; color:#555;'>Disponibile in vari colori\/design per adattarsi a diverse decorazioni.<\/div>\n<\/details>\n<details style='margin-bottom:10px; padding:10px; background:#f9f9f9; border-radius:5px;'>\n<summary style='font-weight:bold; cursor:pointer;'>\u00c8 adatto come regalo?<\/summary>\n<div style='margin-top:10px; color:#555;'>S\u00ec, \u00e8 facile da usare, decorativa e adatta come piccolo regalo.<\/div>\n<\/details>\n<\/div>\n","protected":false},"excerpt":{"rendered":"<p>(abbinate) 34x24cm Domande Frequenti Quali sono le dimensioni dello stivale? Le dimensioni sono 34&#215;24 cm. In quale ambiente \u00e8 destinato il suo utilizzo? Ideale per decorare e appendere al camino o alle scale. Cosa significa \u00ababbinato\u00bb nei colori? Disponibile in vari colori\/design per adattarsi a diverse decorazioni. \u00c8 adatto come regalo? S\u00ec, \u00e8 facile da [&hellip;]<\/p>\n","protected":false},"featured_media":5182231,"comment_status":"closed","ping_status":"open","template":"","meta":[],"product_brand":[],"product_cat":[],"product_tag":[15],"class_list":{"0":"post-5317320","1":"product","2":"type-product","3":"status-publish","4":"has-post-thumbnail","6":"product_tag-uncategorized","8":"first","9":"onbackorder","10":"purchasable","11":"product-type-simple"},"jetpack_sharing_enabled":true,"_links":{"self":[{"href":"https:\/\/gadgettravellers.eu\/it\/wp-json\/wp\/v2\/product\/5317320","targetHints":{"allow":["GET"]}}],"collection":[{"href":"https:\/\/gadgettravellers.eu\/it\/wp-json\/wp\/v2\/product"}],"about":[{"href":"https:\/\/gadgettravellers.eu\/it\/wp-json\/wp\/v2\/types\/product"}],"replies":[{"embeddable":true,"href":"https:\/\/gadgettravellers.eu\/it\/wp-json\/wp\/v2\/comments?post=5317320"}],"wp:featuredmedia":[{"embeddable":true,"href":"https:\/\/gadgettravellers.eu\/it\/wp-json\/wp\/v2\/media\/5182231"}],"wp:attachment":[{"href":"https:\/\/gadgettravellers.eu\/it\/wp-json\/wp\/v2\/media?parent=5317320"}],"wp:term":[{"taxonomy":"product_brand","embeddable":true,"href":"https:\/\/gadgettravellers.eu\/it\/wp-json\/wp\/v2\/product_brand?post=5317320"},{"taxonomy":"product_cat","embeddable":true,"href":"https:\/\/gadgettravellers.eu\/it\/wp-json\/wp\/v2\/product_cat?post=5317320"},{"taxonomy":"product_tag","embeddable":true,"href":"https:\/\/gadgettravellers.eu\/it\/wp-json\/wp\/v2\/product_tag?post=5317320"}],"curies":[{"name":"wp","href":"https:\/\/api.w.org\/{rel}","templated":true}]}}