{"id":5317321,"date":"2026-01-19T14:50:29","date_gmt":"2026-01-19T12:50:29","guid":{"rendered":"https:\/\/gadgettravellers.eu\/shop\/albero-bianco-fibre-ottiche-led-90cm-xmasfest-1132644\/"},"modified":"2026-04-22T22:54:12","modified_gmt":"2026-04-22T20:54:12","slug":"albero-bianco-fibre-ottiche-led-90cm-xmasfest-1132644","status":"publish","type":"product","link":"https:\/\/gadgettravellers.eu\/it\/shop\/albero-bianco-fibre-ottiche-led-90cm-xmasfest-1132644\/","title":{"rendered":"Albero Bianco Fibre Ottiche LED 90cm Xmasfest 1132644"},"content":{"rendered":"<p>Con fibre ottiche e LED. Base metallica. Include trasformatore 90cm<\/p>\n<div class='aiseo-faq-section' style='margin-top:30px; border-top:1px solid #eee; padding-top:20px;'>\n<h3>Domande Frequenti<\/h3>\n<details style='margin-bottom:10px; padding:10px; background:#f9f9f9; border-radius:5px;'>\n<summary style='font-weight:bold; cursor:pointer;'>Qual \u00e8 l&#8217;altezza dell&#8217;albero?<\/summary>\n<div style='margin-top:10px; color:#555;'>L&#8217;albero ha un&#8217;altezza di 90 cm.<\/div>\n<\/details>\n<details style='margin-bottom:10px; padding:10px; background:#f9f9f9; border-radius:5px;'>\n<summary style='font-weight:bold; cursor:pointer;'>Che tipo di illuminazione viene utilizzata?<\/summary>\n<div style='margin-top:10px; color:#555;'>Utilizza fibre ottiche con LED integrati.<\/div>\n<\/details>\n<details style='margin-bottom:10px; padding:10px; background:#f9f9f9; border-radius:5px;'>\n<summary style='font-weight:bold; cursor:pointer;'>Il trasformatore \u00e8 incluso?<\/summary>\n<div style='margin-top:10px; color:#555;'>S\u00ec, il trasformatore \u00e8 incluso nella confezione.<\/div>\n<\/details>\n<details style='margin-bottom:10px; padding:10px; background:#f9f9f9; border-radius:5px;'>\n<summary style='font-weight:bold; cursor:pointer;'>Che tipo di base ha l&#8217;albero?<\/summary>\n<div style='margin-top:10px; color:#555;'>Ha una base metallica stabile.<\/div>\n<\/details>\n<\/div>\n","protected":false},"excerpt":{"rendered":"<p>Con fibre ottiche e LED. Base metallica. Include trasformatore 90cm Domande Frequenti Qual \u00e8 l&#8217;altezza dell&#8217;albero? L&#8217;albero ha un&#8217;altezza di 90 cm. Che tipo di illuminazione viene utilizzata? Utilizza fibre ottiche con LED integrati. Il trasformatore \u00e8 incluso? S\u00ec, il trasformatore \u00e8 incluso nella confezione. Che tipo di base ha l&#8217;albero? Ha una base metallica [&hellip;]<\/p>\n","protected":false},"featured_media":5182154,"comment_status":"closed","ping_status":"open","template":"","meta":[],"product_brand":[],"product_cat":[],"product_tag":[15],"class_list":{"0":"post-5317321","1":"product","2":"type-product","3":"status-publish","4":"has-post-thumbnail","6":"product_tag-uncategorized","8":"first","9":"onbackorder","10":"purchasable","11":"product-type-simple"},"jetpack_sharing_enabled":true,"_links":{"self":[{"href":"https:\/\/gadgettravellers.eu\/it\/wp-json\/wp\/v2\/product\/5317321","targetHints":{"allow":["GET"]}}],"collection":[{"href":"https:\/\/gadgettravellers.eu\/it\/wp-json\/wp\/v2\/product"}],"about":[{"href":"https:\/\/gadgettravellers.eu\/it\/wp-json\/wp\/v2\/types\/product"}],"replies":[{"embeddable":true,"href":"https:\/\/gadgettravellers.eu\/it\/wp-json\/wp\/v2\/comments?post=5317321"}],"wp:featuredmedia":[{"embeddable":true,"href":"https:\/\/gadgettravellers.eu\/it\/wp-json\/wp\/v2\/media\/5182154"}],"wp:attachment":[{"href":"https:\/\/gadgettravellers.eu\/it\/wp-json\/wp\/v2\/media?parent=5317321"}],"wp:term":[{"taxonomy":"product_brand","embeddable":true,"href":"https:\/\/gadgettravellers.eu\/it\/wp-json\/wp\/v2\/product_brand?post=5317321"},{"taxonomy":"product_cat","embeddable":true,"href":"https:\/\/gadgettravellers.eu\/it\/wp-json\/wp\/v2\/product_cat?post=5317321"},{"taxonomy":"product_tag","embeddable":true,"href":"https:\/\/gadgettravellers.eu\/it\/wp-json\/wp\/v2\/product_tag?post=5317321"}],"curies":[{"name":"wp","href":"https:\/\/api.w.org\/{rel}","templated":true}]}}