{"id":5317322,"date":"2026-01-19T14:50:31","date_gmt":"2026-01-19T12:50:31","guid":{"rendered":"https:\/\/gadgettravellers.eu\/shop\/villaggio-di-natale-di-brina-75x35cm-xmasfest-1132715\/"},"modified":"2026-04-22T22:54:13","modified_gmt":"2026-04-22T20:54:13","slug":"villaggio-di-natale-di-brina-75x35cm-xmasfest-1132715","status":"publish","type":"product","link":"https:\/\/gadgettravellers.eu\/it\/shop\/villaggio-di-natale-di-brina-75x35cm-xmasfest-1132715\/","title":{"rendered":"Villaggio di Natale di Brina 75x35cm Xmasfest 1132715"},"content":{"rendered":"<p>Da brina 75x35cm<\/p>\n<div class='aiseo-faq-section' style='margin-top:30px; border-top:1px solid #eee; padding-top:20px;'>\n<h3>Domande Frequenti<\/h3>\n<details style='margin-bottom:10px; padding:10px; background:#f9f9f9; border-radius:5px;'>\n<summary style='font-weight:bold; cursor:pointer;'>Di che materiale \u00e8 il prodotto?<\/summary>\n<div style='margin-top:10px; color:#555;'>Il villaggio \u00e8 fatto di brina.<\/div>\n<\/details>\n<details style='margin-bottom:10px; padding:10px; background:#f9f9f9; border-radius:5px;'>\n<summary style='font-weight:bold; cursor:pointer;'>Quali sono le dimensioni?<\/summary>\n<div style='margin-top:10px; color:#555;'>Le dimensioni sono 75x35cm.<\/div>\n<\/details>\n<details style='margin-bottom:10px; padding:10px; background:#f9f9f9; border-radius:5px;'>\n<summary style='font-weight:bold; cursor:pointer;'>Pu\u00f2 essere posizionato all&#8217;aperto?<\/summary>\n<div style='margin-top:10px; color:#555;'>Non \u00e8 consigliato per uso esterno \u2014 ideale per ambienti interni.<\/div>\n<\/details>\n<details style='margin-bottom:10px; padding:10px; background:#f9f9f9; border-radius:5px;'>\n<summary style='font-weight:bold; cursor:pointer;'>Posso usarlo come pezzo centrale su un tavolo?<\/summary>\n<div style='margin-top:10px; color:#555;'>S\u00ec, \u00e8 facile da disporre e adatto come pezzo centrale su un tavolo o una mensola.<\/div>\n<\/details>\n<\/div>\n","protected":false},"excerpt":{"rendered":"<p>Da brina 75x35cm Domande Frequenti Di che materiale \u00e8 il prodotto? Il villaggio \u00e8 fatto di brina. Quali sono le dimensioni? Le dimensioni sono 75x35cm. Pu\u00f2 essere posizionato all&#8217;aperto? Non \u00e8 consigliato per uso esterno \u2014 ideale per ambienti interni. Posso usarlo come pezzo centrale su un tavolo? S\u00ec, \u00e8 facile da disporre e adatto [&hellip;]<\/p>\n","protected":false},"featured_media":5182216,"comment_status":"closed","ping_status":"open","template":"","meta":[],"product_brand":[],"product_cat":[],"product_tag":[15],"class_list":{"0":"post-5317322","1":"product","2":"type-product","3":"status-publish","4":"has-post-thumbnail","6":"product_tag-uncategorized","8":"first","9":"onbackorder","10":"purchasable","11":"product-type-simple"},"jetpack_sharing_enabled":true,"_links":{"self":[{"href":"https:\/\/gadgettravellers.eu\/it\/wp-json\/wp\/v2\/product\/5317322","targetHints":{"allow":["GET"]}}],"collection":[{"href":"https:\/\/gadgettravellers.eu\/it\/wp-json\/wp\/v2\/product"}],"about":[{"href":"https:\/\/gadgettravellers.eu\/it\/wp-json\/wp\/v2\/types\/product"}],"replies":[{"embeddable":true,"href":"https:\/\/gadgettravellers.eu\/it\/wp-json\/wp\/v2\/comments?post=5317322"}],"wp:featuredmedia":[{"embeddable":true,"href":"https:\/\/gadgettravellers.eu\/it\/wp-json\/wp\/v2\/media\/5182216"}],"wp:attachment":[{"href":"https:\/\/gadgettravellers.eu\/it\/wp-json\/wp\/v2\/media?parent=5317322"}],"wp:term":[{"taxonomy":"product_brand","embeddable":true,"href":"https:\/\/gadgettravellers.eu\/it\/wp-json\/wp\/v2\/product_brand?post=5317322"},{"taxonomy":"product_cat","embeddable":true,"href":"https:\/\/gadgettravellers.eu\/it\/wp-json\/wp\/v2\/product_cat?post=5317322"},{"taxonomy":"product_tag","embeddable":true,"href":"https:\/\/gadgettravellers.eu\/it\/wp-json\/wp\/v2\/product_tag?post=5317322"}],"curies":[{"name":"wp","href":"https:\/\/api.w.org\/{rel}","templated":true}]}}