{"id":5317323,"date":"2026-01-19T14:50:31","date_gmt":"2026-01-19T12:50:31","guid":{"rendered":"https:\/\/gadgettravellers.eu\/shop\/cesto-in-feltro-xmas-villaggio-20x15x11cm-xmasfest-1132724\/"},"modified":"2026-04-22T22:54:13","modified_gmt":"2026-04-22T20:54:13","slug":"cesto-in-feltro-xmas-villaggio-20x15x11cm-xmasfest-1132724","status":"publish","type":"product","link":"https:\/\/gadgettravellers.eu\/it\/shop\/cesto-in-feltro-xmas-villaggio-20x15x11cm-xmasfest-1132724\/","title":{"rendered":"Cesto in Feltro Xmas Villaggio 20x15x11cm Xmasfest 1132724"},"content":{"rendered":"<p>Panno 20x15x11cm<\/p>\n<div class='aiseo-faq-section' style='margin-top:30px; border-top:1px solid #eee; padding-top:20px;'>\n<h3>Domande Frequenti<\/h3>\n<details style='margin-bottom:10px; padding:10px; background:#f9f9f9; border-radius:5px;'>\n<summary style='font-weight:bold; cursor:pointer;'>Di che materiale \u00e8 fatto il cestino?<\/summary>\n<div style='margin-top:10px; color:#555;'>Il cestino \u00e8 di feltro.<\/div>\n<\/details>\n<details style='margin-bottom:10px; padding:10px; background:#f9f9f9; border-radius:5px;'>\n<summary style='font-weight:bold; cursor:pointer;'>Quali sono le sue dimensioni?<\/summary>\n<div style='margin-top:10px; color:#555;'>Le dimensioni sono 20x15x11 cm.<\/div>\n<\/details>\n<details style='margin-bottom:10px; padding:10px; background:#f9f9f9; border-radius:5px;'>\n<summary style='font-weight:bold; cursor:pointer;'>Qual \u00e8 l&#8217;uso consigliato del prodotto?<\/summary>\n<div style='margin-top:10px; color:#555;'>\u00c8 ideale per la decorazione natalizia e l&#8217;imballaggio dei regali.<\/div>\n<\/details>\n<details style='margin-bottom:10px; padding:10px; background:#f9f9f9; border-radius:5px;'>\n<summary style='font-weight:bold; cursor:pointer;'>\u00c8 leggero e resistente?<\/summary>\n<div style='margin-top:10px; color:#555;'>S\u00ec, il prodotto \u00e8 descritto come leggero e resistente.<\/div>\n<\/details>\n<\/div>\n","protected":false},"excerpt":{"rendered":"<p>Panno 20x15x11cm Domande Frequenti Di che materiale \u00e8 fatto il cestino? Il cestino \u00e8 di feltro. Quali sono le sue dimensioni? Le dimensioni sono 20x15x11 cm. Qual \u00e8 l&#8217;uso consigliato del prodotto? \u00c8 ideale per la decorazione natalizia e l&#8217;imballaggio dei regali. \u00c8 leggero e resistente? S\u00ec, il prodotto \u00e8 descritto come leggero e resistente.<\/p>\n","protected":false},"featured_media":5182238,"comment_status":"closed","ping_status":"open","template":"","meta":[],"product_brand":[],"product_cat":[],"product_tag":[15],"class_list":{"0":"post-5317323","1":"product","2":"type-product","3":"status-publish","4":"has-post-thumbnail","6":"product_tag-uncategorized","8":"first","9":"onbackorder","10":"purchasable","11":"product-type-simple"},"jetpack_sharing_enabled":true,"_links":{"self":[{"href":"https:\/\/gadgettravellers.eu\/it\/wp-json\/wp\/v2\/product\/5317323","targetHints":{"allow":["GET"]}}],"collection":[{"href":"https:\/\/gadgettravellers.eu\/it\/wp-json\/wp\/v2\/product"}],"about":[{"href":"https:\/\/gadgettravellers.eu\/it\/wp-json\/wp\/v2\/types\/product"}],"replies":[{"embeddable":true,"href":"https:\/\/gadgettravellers.eu\/it\/wp-json\/wp\/v2\/comments?post=5317323"}],"wp:featuredmedia":[{"embeddable":true,"href":"https:\/\/gadgettravellers.eu\/it\/wp-json\/wp\/v2\/media\/5182238"}],"wp:attachment":[{"href":"https:\/\/gadgettravellers.eu\/it\/wp-json\/wp\/v2\/media?parent=5317323"}],"wp:term":[{"taxonomy":"product_brand","embeddable":true,"href":"https:\/\/gadgettravellers.eu\/it\/wp-json\/wp\/v2\/product_brand?post=5317323"},{"taxonomy":"product_cat","embeddable":true,"href":"https:\/\/gadgettravellers.eu\/it\/wp-json\/wp\/v2\/product_cat?post=5317323"},{"taxonomy":"product_tag","embeddable":true,"href":"https:\/\/gadgettravellers.eu\/it\/wp-json\/wp\/v2\/product_tag?post=5317323"}],"curies":[{"name":"wp","href":"https:\/\/api.w.org\/{rel}","templated":true}]}}