{"id":5317324,"date":"2026-01-19T14:50:32","date_gmt":"2026-01-19T12:50:32","guid":{"rendered":"https:\/\/gadgettravellers.eu\/shop\/albero-data-18cm-xmasfest-113291\/"},"modified":"2026-04-22T22:54:14","modified_gmt":"2026-04-22T20:54:14","slug":"albero-data-18cm-xmasfest-113291","status":"publish","type":"product","link":"https:\/\/gadgettravellers.eu\/it\/shop\/albero-data-18cm-xmasfest-113291\/","title":{"rendered":"Albero Data 18cm Xmasfest 113291"},"content":{"rendered":"<p>18cm<\/p>\n<div class='aiseo-faq-section' style='margin-top:30px; border-top:1px solid #eee; padding-top:20px;'>\n<h3>Domande Frequenti<\/h3>\n<details style='margin-bottom:10px; padding:10px; background:#f9f9f9; border-radius:5px;'>\n<summary style='font-weight:bold; cursor:pointer;'>Qual \u00e8 l&#8217;altezza dell&#8217;albero?<\/summary>\n<div style='margin-top:10px; color:#555;'>L&#8217;altezza dell&#8217;albero \u00e8 18 cm.<\/div>\n<\/details>\n<details style='margin-bottom:10px; padding:10px; background:#f9f9f9; border-radius:5px;'>\n<summary style='font-weight:bold; cursor:pointer;'>In quali ambienti si adatta questo albero?<\/summary>\n<div style='margin-top:10px; color:#555;'>\u00c8 ideale per tavoli, scrivanie, scaffali e altri spazi piccoli.<\/div>\n<\/details>\n<details style='margin-bottom:10px; padding:10px; background:#f9f9f9; border-radius:5px;'>\n<summary style='font-weight:bold; cursor:pointer;'>Richiede un&#8217;installazione permanente?<\/summary>\n<div style='margin-top:10px; color:#555;'>No \u2014 \u00e8 leggero, compatto e non richiede un&#8217;installazione permanente.<\/div>\n<\/details>\n<details style='margin-bottom:10px; padding:10px; background:#f9f9f9; border-radius:5px;'>\n<summary style='font-weight:bold; cursor:pointer;'>Posso decorare l&#8217;albero con luci e palline?<\/summary>\n<div style='margin-top:10px; color:#555;'>S\u00ec, si abbina con piccole luci, palline e decorazioni per una decorazione immediata.<\/div>\n<\/details>\n<\/div>\n","protected":false},"excerpt":{"rendered":"<p>18cm Domande Frequenti Qual \u00e8 l&#8217;altezza dell&#8217;albero? L&#8217;altezza dell&#8217;albero \u00e8 18 cm. In quali ambienti si adatta questo albero? \u00c8 ideale per tavoli, scrivanie, scaffali e altri spazi piccoli. Richiede un&#8217;installazione permanente? No \u2014 \u00e8 leggero, compatto e non richiede un&#8217;installazione permanente. Posso decorare l&#8217;albero con luci e palline? S\u00ec, si abbina con piccole luci, [&hellip;]<\/p>\n","protected":false},"featured_media":5182242,"comment_status":"closed","ping_status":"open","template":"","meta":[],"product_brand":[],"product_cat":[],"product_tag":[15],"class_list":{"0":"post-5317324","1":"product","2":"type-product","3":"status-publish","4":"has-post-thumbnail","6":"product_tag-uncategorized","8":"first","9":"onbackorder","10":"purchasable","11":"product-type-simple"},"jetpack_sharing_enabled":true,"_links":{"self":[{"href":"https:\/\/gadgettravellers.eu\/it\/wp-json\/wp\/v2\/product\/5317324","targetHints":{"allow":["GET"]}}],"collection":[{"href":"https:\/\/gadgettravellers.eu\/it\/wp-json\/wp\/v2\/product"}],"about":[{"href":"https:\/\/gadgettravellers.eu\/it\/wp-json\/wp\/v2\/types\/product"}],"replies":[{"embeddable":true,"href":"https:\/\/gadgettravellers.eu\/it\/wp-json\/wp\/v2\/comments?post=5317324"}],"wp:featuredmedia":[{"embeddable":true,"href":"https:\/\/gadgettravellers.eu\/it\/wp-json\/wp\/v2\/media\/5182242"}],"wp:attachment":[{"href":"https:\/\/gadgettravellers.eu\/it\/wp-json\/wp\/v2\/media?parent=5317324"}],"wp:term":[{"taxonomy":"product_brand","embeddable":true,"href":"https:\/\/gadgettravellers.eu\/it\/wp-json\/wp\/v2\/product_brand?post=5317324"},{"taxonomy":"product_cat","embeddable":true,"href":"https:\/\/gadgettravellers.eu\/it\/wp-json\/wp\/v2\/product_cat?post=5317324"},{"taxonomy":"product_tag","embeddable":true,"href":"https:\/\/gadgettravellers.eu\/it\/wp-json\/wp\/v2\/product_tag?post=5317324"}],"curies":[{"name":"wp","href":"https:\/\/api.w.org\/{rel}","templated":true}]}}