{"id":5317329,"date":"2026-01-19T14:50:35","date_gmt":"2026-01-19T12:50:35","guid":{"rendered":"https:\/\/gadgettravellers.eu\/shop\/anno-3-colori-grande-15x7cm-xmasfest-113294\/"},"modified":"2026-04-22T22:54:16","modified_gmt":"2026-04-22T20:54:16","slug":"anno-3-colori-grande-15x7cm-xmasfest-113294","status":"publish","type":"product","link":"https:\/\/gadgettravellers.eu\/it\/shop\/anno-3-colori-grande-15x7cm-xmasfest-113294\/","title":{"rendered":"Anno 3 Colori Grande 15x7cm Xmasfest 113294"},"content":{"rendered":"<p>(per colore) 15x7cm<\/p>\n<div class='aiseo-faq-section' style='margin-top:30px; border-top:1px solid #eee; padding-top:20px;'>\n<h3>Domande Frequenti<\/h3>\n<details style='margin-bottom:10px; padding:10px; background:#f9f9f9; border-radius:5px;'>\n<summary style='font-weight:bold; cursor:pointer;'>Qual \u00e8 la dimensione dell&#8217;ornamento?<\/summary>\n<div style='margin-top:10px; color:#555;'>L&#8217;ornamento ha dimensioni 15x7cm.<\/div>\n<\/details>\n<details style='margin-bottom:10px; padding:10px; background:#f9f9f9; border-radius:5px;'>\n<summary style='font-weight:bold; cursor:pointer;'>In quante colorazioni \u00e8 disponibile?<\/summary>\n<div style='margin-top:10px; color:#555;'>Disponibile in 3 colori diversi.<\/div>\n<\/details>\n<details style='margin-bottom:10px; padding:10px; background:#f9f9f9; border-radius:5px;'>\n<summary style='font-weight:bold; cursor:pointer;'>Dove \u00e8 destinato a essere utilizzato questo ornamento?<\/summary>\n<div style='margin-top:10px; color:#555;'>\u00c8 ideale per l&#8217;albero di Natale e per la decorazione interna.<\/div>\n<\/details>\n<details style='margin-bottom:10px; padding:10px; background:#f9f9f9; border-radius:5px;'>\n<summary style='font-weight:bold; cursor:pointer;'>\u00c8 facile da appendere e adatto come regalo?<\/summary>\n<div style='margin-top:10px; color:#555;'>S\u00ec, \u00e8 facile da appendere e adatto come regalo.<\/div>\n<\/details>\n<\/div>\n","protected":false},"excerpt":{"rendered":"<p>(per colore) 15x7cm Domande Frequenti Qual \u00e8 la dimensione dell&#8217;ornamento? L&#8217;ornamento ha dimensioni 15x7cm. In quante colorazioni \u00e8 disponibile? Disponibile in 3 colori diversi. Dove \u00e8 destinato a essere utilizzato questo ornamento? \u00c8 ideale per l&#8217;albero di Natale e per la decorazione interna. \u00c8 facile da appendere e adatto come regalo? S\u00ec, \u00e8 facile da [&hellip;]<\/p>\n","protected":false},"featured_media":5182269,"comment_status":"closed","ping_status":"open","template":"","meta":[],"product_brand":[],"product_cat":[],"product_tag":[15],"class_list":{"0":"post-5317329","1":"product","2":"type-product","3":"status-publish","4":"has-post-thumbnail","6":"product_tag-uncategorized","8":"first","9":"onbackorder","10":"purchasable","11":"product-type-simple"},"jetpack_sharing_enabled":true,"_links":{"self":[{"href":"https:\/\/gadgettravellers.eu\/it\/wp-json\/wp\/v2\/product\/5317329","targetHints":{"allow":["GET"]}}],"collection":[{"href":"https:\/\/gadgettravellers.eu\/it\/wp-json\/wp\/v2\/product"}],"about":[{"href":"https:\/\/gadgettravellers.eu\/it\/wp-json\/wp\/v2\/types\/product"}],"replies":[{"embeddable":true,"href":"https:\/\/gadgettravellers.eu\/it\/wp-json\/wp\/v2\/comments?post=5317329"}],"wp:featuredmedia":[{"embeddable":true,"href":"https:\/\/gadgettravellers.eu\/it\/wp-json\/wp\/v2\/media\/5182269"}],"wp:attachment":[{"href":"https:\/\/gadgettravellers.eu\/it\/wp-json\/wp\/v2\/media?parent=5317329"}],"wp:term":[{"taxonomy":"product_brand","embeddable":true,"href":"https:\/\/gadgettravellers.eu\/it\/wp-json\/wp\/v2\/product_brand?post=5317329"},{"taxonomy":"product_cat","embeddable":true,"href":"https:\/\/gadgettravellers.eu\/it\/wp-json\/wp\/v2\/product_cat?post=5317329"},{"taxonomy":"product_tag","embeddable":true,"href":"https:\/\/gadgettravellers.eu\/it\/wp-json\/wp\/v2\/product_tag?post=5317329"}],"curies":[{"name":"wp","href":"https:\/\/api.w.org\/{rel}","templated":true}]}}