{"id":5317333,"date":"2026-01-19T14:50:37","date_gmt":"2026-01-19T12:50:37","guid":{"rendered":"https:\/\/gadgettravellers.eu\/shop\/palle-in-rilievo-pac6pz-o6cm-xmasfest-1132773\/"},"modified":"2026-04-22T22:54:18","modified_gmt":"2026-04-22T20:54:18","slug":"palle-in-rilievo-pac6pz-o6cm-xmasfest-1132773","status":"publish","type":"product","link":"https:\/\/gadgettravellers.eu\/it\/shop\/palle-in-rilievo-pac6pz-o6cm-xmasfest-1132773\/","title":{"rendered":"Palle in rilievo pac=6pz \u00f86cm Xmasfest 1132773"},"content":{"rendered":"<p>Pac=6 pz (assortiti 2 modelli) \u00f86cm<\/p>\n<div class='aiseo-faq-section' style='margin-top:30px; border-top:1px solid #eee; padding-top:20px;'>\n<h3>Domande Frequenti<\/h3>\n<details style='margin-bottom:10px; padding:10px; background:#f9f9f9; border-radius:5px;'>\n<summary style='font-weight:bold; cursor:pointer;'>Quanti pezzi sono inclusi nella confezione?<\/summary>\n<div style='margin-top:10px; color:#555;'>Il set include 6 pezzi.<\/div>\n<\/details>\n<details style='margin-bottom:10px; padding:10px; background:#f9f9f9; border-radius:5px;'>\n<summary style='font-weight:bold; cursor:pointer;'>Qual \u00e8 il diametro delle palle?<\/summary>\n<div style='margin-top:10px; color:#555;'>Il diametro di ogni palla \u00e8 di 6 cm.<\/div>\n<\/details>\n<details style='margin-bottom:10px; padding:10px; background:#f9f9f9; border-radius:5px;'>\n<summary style='font-weight:bold; cursor:pointer;'>In quanti e quali modelli sono disponibili?<\/summary>\n<div style='margin-top:10px; color:#555;'>Sono disponibili in 2 design assortiti e sono in rilievo.<\/div>\n<\/details>\n<details style='margin-bottom:10px; padding:10px; background:#f9f9f9; border-radius:5px;'>\n<summary style='font-weight:bold; cursor:pointer;'>Dove sono destinati all&#8217;uso?<\/summary>\n<div style='margin-top:10px; color:#555;'>Ideali per decorare l&#8217;albero di Natale e per la decorazione festiva interna.<\/div>\n<\/details>\n<\/div>\n","protected":false},"excerpt":{"rendered":"<p>Pac=6 pz (assortiti 2 modelli) \u00f86cm Domande Frequenti Quanti pezzi sono inclusi nella confezione? Il set include 6 pezzi. Qual \u00e8 il diametro delle palle? Il diametro di ogni palla \u00e8 di 6 cm. In quanti e quali modelli sono disponibili? Sono disponibili in 2 design assortiti e sono in rilievo. Dove sono destinati all&#8217;uso? [&hellip;]<\/p>\n","protected":false},"featured_media":5182285,"comment_status":"closed","ping_status":"open","template":"","meta":[],"product_brand":[],"product_cat":[],"product_tag":[15],"class_list":{"0":"post-5317333","1":"product","2":"type-product","3":"status-publish","4":"has-post-thumbnail","6":"product_tag-uncategorized","8":"first","9":"onbackorder","10":"purchasable","11":"product-type-simple"},"jetpack_sharing_enabled":true,"_links":{"self":[{"href":"https:\/\/gadgettravellers.eu\/it\/wp-json\/wp\/v2\/product\/5317333","targetHints":{"allow":["GET"]}}],"collection":[{"href":"https:\/\/gadgettravellers.eu\/it\/wp-json\/wp\/v2\/product"}],"about":[{"href":"https:\/\/gadgettravellers.eu\/it\/wp-json\/wp\/v2\/types\/product"}],"replies":[{"embeddable":true,"href":"https:\/\/gadgettravellers.eu\/it\/wp-json\/wp\/v2\/comments?post=5317333"}],"wp:featuredmedia":[{"embeddable":true,"href":"https:\/\/gadgettravellers.eu\/it\/wp-json\/wp\/v2\/media\/5182285"}],"wp:attachment":[{"href":"https:\/\/gadgettravellers.eu\/it\/wp-json\/wp\/v2\/media?parent=5317333"}],"wp:term":[{"taxonomy":"product_brand","embeddable":true,"href":"https:\/\/gadgettravellers.eu\/it\/wp-json\/wp\/v2\/product_brand?post=5317333"},{"taxonomy":"product_cat","embeddable":true,"href":"https:\/\/gadgettravellers.eu\/it\/wp-json\/wp\/v2\/product_cat?post=5317333"},{"taxonomy":"product_tag","embeddable":true,"href":"https:\/\/gadgettravellers.eu\/it\/wp-json\/wp\/v2\/product_tag?post=5317333"}],"curies":[{"name":"wp","href":"https:\/\/api.w.org\/{rel}","templated":true}]}}