{"id":5317339,"date":"2026-01-19T14:50:43","date_gmt":"2026-01-19T12:50:43","guid":{"rendered":"https:\/\/gadgettravellers.eu\/shop\/alberello-di-natale-decorato-26cm-xmasfest-1132815\/"},"modified":"2026-04-22T22:54:20","modified_gmt":"2026-04-22T20:54:20","slug":"alberello-di-natale-decorato-26cm-xmasfest-1132815","status":"publish","type":"product","link":"https:\/\/gadgettravellers.eu\/it\/shop\/alberello-di-natale-decorato-26cm-xmasfest-1132815\/","title":{"rendered":"Alberello di Natale Decorato 26cm Xmasfest 1132815"},"content":{"rendered":"<p>26cm<\/p>\n<div class='aiseo-faq-section' style='margin-top:30px; border-top:1px solid #eee; padding-top:20px;'>\n<h3>Domande Frequenti<\/h3>\n<details style='margin-bottom:10px; padding:10px; background:#f9f9f9; border-radius:5px;'>\n<summary style='font-weight:bold; cursor:pointer;'>Qual \u00e8 l&#8217;altezza dell&#8217;alberello?<\/summary>\n<div style='margin-top:10px; color:#555;'>L&#8217;alberello ha un&#8217;altezza di 26 cm.<\/div>\n<\/details>\n<details style='margin-bottom:10px; padding:10px; background:#f9f9f9; border-radius:5px;'>\n<summary style='font-weight:bold; cursor:pointer;'>Ha bisogno di ulteriori decorazioni prima dell&#8217;uso?<\/summary>\n<div style='margin-top:10px; color:#555;'>No \u2014 l&#8217;alberello \u00e8 pronto e decorato e pu\u00f2 essere utilizzato immediatamente.<\/div>\n<\/details>\n<details style='margin-bottom:10px; padding:10px; background:#f9f9f9; border-radius:5px;'>\n<summary style='font-weight:bold; cursor:pointer;'>Dove si adatta questo piccolo alberello?<\/summary>\n<div style='margin-top:10px; color:#555;'>\u00c8 ideale per tavolo, scaffale, scrivania o in generale piccoli spazi dove non c&#8217;\u00e8 posto per un albero grande.<\/div>\n<\/details>\n<details style='margin-bottom:10px; padding:10px; background:#f9f9f9; border-radius:5px;'>\n<summary style='font-weight:bold; cursor:pointer;'>\u00c8 facile da trasportare e installare?<\/summary>\n<div style='margin-top:10px; color:#555;'>S\u00ec, \u00e8 facile da installare e trasportare, offrendo una soluzione pratica per la decorazione.<\/div>\n<\/details>\n<\/div>\n","protected":false},"excerpt":{"rendered":"<p>26cm Domande Frequenti Qual \u00e8 l&#8217;altezza dell&#8217;alberello? L&#8217;alberello ha un&#8217;altezza di 26 cm. Ha bisogno di ulteriori decorazioni prima dell&#8217;uso? No \u2014 l&#8217;alberello \u00e8 pronto e decorato e pu\u00f2 essere utilizzato immediatamente. Dove si adatta questo piccolo alberello? \u00c8 ideale per tavolo, scaffale, scrivania o in generale piccoli spazi dove non c&#8217;\u00e8 posto per un [&hellip;]<\/p>\n","protected":false},"featured_media":5182320,"comment_status":"closed","ping_status":"open","template":"","meta":[],"product_brand":[],"product_cat":[],"product_tag":[15],"class_list":{"0":"post-5317339","1":"product","2":"type-product","3":"status-publish","4":"has-post-thumbnail","6":"product_tag-uncategorized","8":"first","9":"onbackorder","10":"purchasable","11":"product-type-simple"},"jetpack_sharing_enabled":true,"_links":{"self":[{"href":"https:\/\/gadgettravellers.eu\/it\/wp-json\/wp\/v2\/product\/5317339","targetHints":{"allow":["GET"]}}],"collection":[{"href":"https:\/\/gadgettravellers.eu\/it\/wp-json\/wp\/v2\/product"}],"about":[{"href":"https:\/\/gadgettravellers.eu\/it\/wp-json\/wp\/v2\/types\/product"}],"replies":[{"embeddable":true,"href":"https:\/\/gadgettravellers.eu\/it\/wp-json\/wp\/v2\/comments?post=5317339"}],"wp:featuredmedia":[{"embeddable":true,"href":"https:\/\/gadgettravellers.eu\/it\/wp-json\/wp\/v2\/media\/5182320"}],"wp:attachment":[{"href":"https:\/\/gadgettravellers.eu\/it\/wp-json\/wp\/v2\/media?parent=5317339"}],"wp:term":[{"taxonomy":"product_brand","embeddable":true,"href":"https:\/\/gadgettravellers.eu\/it\/wp-json\/wp\/v2\/product_brand?post=5317339"},{"taxonomy":"product_cat","embeddable":true,"href":"https:\/\/gadgettravellers.eu\/it\/wp-json\/wp\/v2\/product_cat?post=5317339"},{"taxonomy":"product_tag","embeddable":true,"href":"https:\/\/gadgettravellers.eu\/it\/wp-json\/wp\/v2\/product_tag?post=5317339"}],"curies":[{"name":"wp","href":"https:\/\/api.w.org\/{rel}","templated":true}]}}