{"id":5317341,"date":"2026-01-19T14:50:45","date_gmt":"2026-01-19T12:50:45","guid":{"rendered":"https:\/\/gadgettravellers.eu\/shop\/palle-4-bianche-2-dorate-%cf%867-o7cm-xmasfest-1132780\/"},"modified":"2026-04-22T22:54:21","modified_gmt":"2026-04-22T20:54:21","slug":"palle-4-bianche-2-dorate-%cf%867-o7cm-xmasfest-1132780","status":"publish","type":"product","link":"https:\/\/gadgettravellers.eu\/it\/shop\/palle-4-bianche-2-dorate-%cf%867-o7cm-xmasfest-1132780\/","title":{"rendered":"Palle 4 Bianche &#038; 2 Dorate \u03c67 \u00f87cm Xmasfest 1132780"},"content":{"rendered":"<p>Pacco=6 pezzi (4 bianchi &#038; 2 dorati) \u00f87cm<\/p>\n<div class='aiseo-faq-section' style='margin-top:30px; border-top:1px solid #eee; padding-top:20px;'>\n<h3>Domande Frequenti<\/h3>\n<details style='margin-bottom:10px; padding:10px; background:#f9f9f9; border-radius:5px;'>\n<summary style='font-weight:bold; cursor:pointer;'>Cosa include il set?<\/summary>\n<div style='margin-top:10px; color:#555;'>Set da 6 pezzi: 4 palline di Natale bianche e 2 dorate.<\/div>\n<\/details>\n<details style='margin-bottom:10px; padding:10px; background:#f9f9f9; border-radius:5px;'>\n<summary style='font-weight:bold; cursor:pointer;'>Qual \u00e8 il diametro delle palle?<\/summary>\n<div style='margin-top:10px; color:#555;'>Diametro \u00f87 cm (circa 7 cm).<\/div>\n<\/details>\n<details style='margin-bottom:10px; padding:10px; background:#f9f9f9; border-radius:5px;'>\n<summary style='font-weight:bold; cursor:pointer;'>Per quali usi sono adatti?<\/summary>\n<div style='margin-top:10px; color:#555;'>Ideali per decorare l&#8217;albero di Natale, le ghirlande e le decorazioni festive in ambienti domestici o professionali.<\/div>\n<\/details>\n<\/div>\n","protected":false},"excerpt":{"rendered":"<p>Pacco=6 pezzi (4 bianchi &#038; 2 dorati) \u00f87cm Domande Frequenti Cosa include il set? Set da 6 pezzi: 4 palline di Natale bianche e 2 dorate. Qual \u00e8 il diametro delle palle? Diametro \u00f87 cm (circa 7 cm). Per quali usi sono adatti? Ideali per decorare l&#8217;albero di Natale, le ghirlande e le decorazioni festive [&hellip;]<\/p>\n","protected":false},"featured_media":5182305,"comment_status":"closed","ping_status":"open","template":"","meta":[],"product_brand":[],"product_cat":[],"product_tag":[15],"class_list":{"0":"post-5317341","1":"product","2":"type-product","3":"status-publish","4":"has-post-thumbnail","6":"product_tag-uncategorized","8":"first","9":"onbackorder","10":"purchasable","11":"product-type-simple"},"jetpack_sharing_enabled":true,"_links":{"self":[{"href":"https:\/\/gadgettravellers.eu\/it\/wp-json\/wp\/v2\/product\/5317341","targetHints":{"allow":["GET"]}}],"collection":[{"href":"https:\/\/gadgettravellers.eu\/it\/wp-json\/wp\/v2\/product"}],"about":[{"href":"https:\/\/gadgettravellers.eu\/it\/wp-json\/wp\/v2\/types\/product"}],"replies":[{"embeddable":true,"href":"https:\/\/gadgettravellers.eu\/it\/wp-json\/wp\/v2\/comments?post=5317341"}],"wp:featuredmedia":[{"embeddable":true,"href":"https:\/\/gadgettravellers.eu\/it\/wp-json\/wp\/v2\/media\/5182305"}],"wp:attachment":[{"href":"https:\/\/gadgettravellers.eu\/it\/wp-json\/wp\/v2\/media?parent=5317341"}],"wp:term":[{"taxonomy":"product_brand","embeddable":true,"href":"https:\/\/gadgettravellers.eu\/it\/wp-json\/wp\/v2\/product_brand?post=5317341"},{"taxonomy":"product_cat","embeddable":true,"href":"https:\/\/gadgettravellers.eu\/it\/wp-json\/wp\/v2\/product_cat?post=5317341"},{"taxonomy":"product_tag","embeddable":true,"href":"https:\/\/gadgettravellers.eu\/it\/wp-json\/wp\/v2\/product_tag?post=5317341"}],"curies":[{"name":"wp","href":"https:\/\/api.w.org\/{rel}","templated":true}]}}