{"id":5317345,"date":"2026-01-19T14:50:49","date_gmt":"2026-01-19T12:50:49","guid":{"rendered":"https:\/\/gadgettravellers.eu\/shop\/san-nanos-gigante-pieghevole-56cm-xmasfest-1132833\/"},"modified":"2026-04-22T22:54:23","modified_gmt":"2026-04-22T20:54:23","slug":"san-nanos-gigante-pieghevole-56cm-xmasfest-1132833","status":"publish","type":"product","link":"https:\/\/gadgettravellers.eu\/it\/shop\/san-nanos-gigante-pieghevole-56cm-xmasfest-1132833\/","title":{"rendered":"San Nanos Gigante Pieghevole 56cm Xmasfest 1132833"},"content":{"rendered":"<p>Sta in piedi, gambe telescopiche 56cm<\/p>\n<div class='aiseo-faq-section' style='margin-top:30px; border-top:1px solid #eee; padding-top:20px;'>\n<h3>Domande Frequenti<\/h3>\n<details style='margin-bottom:10px; padding:10px; background:#f9f9f9; border-radius:5px;'>\n<summary style='font-weight:bold; cursor:pointer;'>Qual \u00e8 l&#8217;altezza di San Nano?<\/summary>\n<div style='margin-top:10px; color:#555;'>Ha un&#8217;altezza di 56 cm con gambe telescopiche.<\/div>\n<\/details>\n<details style='margin-bottom:10px; padding:10px; background:#f9f9f9; border-radius:5px;'>\n<summary style='font-weight:bold; cursor:pointer;'>Pu\u00f2 stare in piedi senza supporto?<\/summary>\n<div style='margin-top:10px; color:#555;'>S\u00ec, sta in piedi grazie alle sue gambe telescopiche.<\/div>\n<\/details>\n<details style='margin-bottom:10px; padding:10px; background:#f9f9f9; border-radius:5px;'>\n<summary style='font-weight:bold; cursor:pointer;'>\u00c8 adatto per uso esterno?<\/summary>\n<div style='margin-top:10px; color:#555;'>\u00c8 ideale per ambienti interni e spazi esterni coperti, non per l&#8217;esposizione diretta agli agenti atmosferici.<\/div>\n<\/details>\n<details style='margin-bottom:10px; padding:10px; background:#f9f9f9; border-radius:5px;'>\n<summary style='font-weight:bold; cursor:pointer;'>\u00c8 facile da conservare e trasportare?<\/summary>\n<div style='margin-top:10px; color:#555;'>S\u00ec, \u00e8 pieghevole per una facile conservazione e trasporto.<\/div>\n<\/details>\n<\/div>\n","protected":false},"excerpt":{"rendered":"<p>Sta in piedi, gambe telescopiche 56cm Domande Frequenti Qual \u00e8 l&#8217;altezza di San Nano? Ha un&#8217;altezza di 56 cm con gambe telescopiche. Pu\u00f2 stare in piedi senza supporto? S\u00ec, sta in piedi grazie alle sue gambe telescopiche. \u00c8 adatto per uso esterno? \u00c8 ideale per ambienti interni e spazi esterni coperti, non per l&#8217;esposizione diretta [&hellip;]<\/p>\n","protected":false},"featured_media":5182331,"comment_status":"closed","ping_status":"open","template":"","meta":[],"product_brand":[],"product_cat":[],"product_tag":[15],"class_list":{"0":"post-5317345","1":"product","2":"type-product","3":"status-publish","4":"has-post-thumbnail","6":"product_tag-uncategorized","8":"first","9":"onbackorder","10":"purchasable","11":"product-type-simple"},"jetpack_sharing_enabled":true,"_links":{"self":[{"href":"https:\/\/gadgettravellers.eu\/it\/wp-json\/wp\/v2\/product\/5317345","targetHints":{"allow":["GET"]}}],"collection":[{"href":"https:\/\/gadgettravellers.eu\/it\/wp-json\/wp\/v2\/product"}],"about":[{"href":"https:\/\/gadgettravellers.eu\/it\/wp-json\/wp\/v2\/types\/product"}],"replies":[{"embeddable":true,"href":"https:\/\/gadgettravellers.eu\/it\/wp-json\/wp\/v2\/comments?post=5317345"}],"wp:featuredmedia":[{"embeddable":true,"href":"https:\/\/gadgettravellers.eu\/it\/wp-json\/wp\/v2\/media\/5182331"}],"wp:attachment":[{"href":"https:\/\/gadgettravellers.eu\/it\/wp-json\/wp\/v2\/media?parent=5317345"}],"wp:term":[{"taxonomy":"product_brand","embeddable":true,"href":"https:\/\/gadgettravellers.eu\/it\/wp-json\/wp\/v2\/product_brand?post=5317345"},{"taxonomy":"product_cat","embeddable":true,"href":"https:\/\/gadgettravellers.eu\/it\/wp-json\/wp\/v2\/product_cat?post=5317345"},{"taxonomy":"product_tag","embeddable":true,"href":"https:\/\/gadgettravellers.eu\/it\/wp-json\/wp\/v2\/product_tag?post=5317345"}],"curies":[{"name":"wp","href":"https:\/\/api.w.org\/{rel}","templated":true}]}}