{"id":5317347,"date":"2026-01-19T14:50:50","date_gmt":"2026-01-19T12:50:50","guid":{"rendered":"https:\/\/gadgettravellers.eu\/shop\/palle-3-disegni-dorati-conf6pz-o8cm-xmasfest-1132841\/"},"modified":"2026-04-22T22:54:24","modified_gmt":"2026-04-22T20:54:24","slug":"palle-3-disegni-dorati-conf6pz-o8cm-xmasfest-1132841","status":"publish","type":"product","link":"https:\/\/gadgettravellers.eu\/it\/shop\/palle-3-disegni-dorati-conf6pz-o8cm-xmasfest-1132841\/","title":{"rendered":"Palle 3 Disegni Dorati conf=6pz \u00f88cm Xmasfest 1132841"},"content":{"rendered":"<p>Pac=6 pz (assortiti 3 modelli) \u00f88cm<\/p>\n<div class='aiseo-faq-section' style='margin-top:30px; border-top:1px solid #eee; padding-top:20px;'>\n<h3>Domande Frequenti<\/h3>\n<details style='margin-bottom:10px; padding:10px; background:#f9f9f9; border-radius:5px;'>\n<summary style='font-weight:bold; cursor:pointer;'>Quante palle sono incluse nel pacchetto?<\/summary>\n<div style='margin-top:10px; color:#555;'>Il set include 6 pezzi.<\/div>\n<\/details>\n<details style='margin-bottom:10px; padding:10px; background:#f9f9f9; border-radius:5px;'>\n<summary style='font-weight:bold; cursor:pointer;'>Qual \u00e8 il diametro delle palle?<\/summary>\n<div style='margin-top:10px; color:#555;'>Ogni palla ha un diametro \u00d88 cm.<\/div>\n<\/details>\n<details style='margin-bottom:10px; padding:10px; background:#f9f9f9; border-radius:5px;'>\n<summary style='font-weight:bold; cursor:pointer;'>Quanti disegni include il set?<\/summary>\n<div style='margin-top:10px; color:#555;'>Il pacchetto contiene 3 diversi disegni dorati (assortiti).<\/div>\n<\/details>\n<details style='margin-bottom:10px; padding:10px; background:#f9f9f9; border-radius:5px;'>\n<summary style='font-weight:bold; cursor:pointer;'>Sono adatte per decorare l&#8217;albero?<\/summary>\n<div style='margin-top:10px; color:#555;'>S\u00ec, sono progettate per la decorazione dell&#8217;albero di Natale e di altri spazi e dispongono di un sistema di sospensione facile.<\/div>\n<\/details>\n<\/div>\n","protected":false},"excerpt":{"rendered":"<p>Pac=6 pz (assortiti 3 modelli) \u00f88cm Domande Frequenti Quante palle sono incluse nel pacchetto? Il set include 6 pezzi. Qual \u00e8 il diametro delle palle? Ogni palla ha un diametro \u00d88 cm. Quanti disegni include il set? Il pacchetto contiene 3 diversi disegni dorati (assortiti). Sono adatte per decorare l&#8217;albero? S\u00ec, sono progettate per la [&hellip;]<\/p>\n","protected":false},"featured_media":5182342,"comment_status":"closed","ping_status":"open","template":"","meta":[],"product_brand":[],"product_cat":[],"product_tag":[15],"class_list":{"0":"post-5317347","1":"product","2":"type-product","3":"status-publish","4":"has-post-thumbnail","6":"product_tag-uncategorized","8":"first","9":"onbackorder","10":"purchasable","11":"product-type-simple"},"jetpack_sharing_enabled":true,"_links":{"self":[{"href":"https:\/\/gadgettravellers.eu\/it\/wp-json\/wp\/v2\/product\/5317347","targetHints":{"allow":["GET"]}}],"collection":[{"href":"https:\/\/gadgettravellers.eu\/it\/wp-json\/wp\/v2\/product"}],"about":[{"href":"https:\/\/gadgettravellers.eu\/it\/wp-json\/wp\/v2\/types\/product"}],"replies":[{"embeddable":true,"href":"https:\/\/gadgettravellers.eu\/it\/wp-json\/wp\/v2\/comments?post=5317347"}],"wp:featuredmedia":[{"embeddable":true,"href":"https:\/\/gadgettravellers.eu\/it\/wp-json\/wp\/v2\/media\/5182342"}],"wp:attachment":[{"href":"https:\/\/gadgettravellers.eu\/it\/wp-json\/wp\/v2\/media?parent=5317347"}],"wp:term":[{"taxonomy":"product_brand","embeddable":true,"href":"https:\/\/gadgettravellers.eu\/it\/wp-json\/wp\/v2\/product_brand?post=5317347"},{"taxonomy":"product_cat","embeddable":true,"href":"https:\/\/gadgettravellers.eu\/it\/wp-json\/wp\/v2\/product_cat?post=5317347"},{"taxonomy":"product_tag","embeddable":true,"href":"https:\/\/gadgettravellers.eu\/it\/wp-json\/wp\/v2\/product_tag?post=5317347"}],"curies":[{"name":"wp","href":"https:\/\/api.w.org\/{rel}","templated":true}]}}