{"id":5317349,"date":"2026-01-19T14:50:51","date_gmt":"2026-01-19T12:50:51","guid":{"rendered":"https:\/\/gadgettravellers.eu\/shop\/palle-decor-rosso-oro-conf6pz-o6cm-o6cm-xmasfest-1132843\/"},"modified":"2026-04-22T22:54:25","modified_gmt":"2026-04-22T20:54:25","slug":"palle-decor-rosso-oro-conf6pz-o6cm-o6cm-xmasfest-1132843","status":"publish","type":"product","link":"https:\/\/gadgettravellers.eu\/it\/shop\/palle-decor-rosso-oro-conf6pz-o6cm-o6cm-xmasfest-1132843\/","title":{"rendered":"Palle Decor Rosso-Oro conf=6pz \u00f86cm \u00f86cm Xmasfest 1132843"},"content":{"rendered":"<p>Pac=6 pz (assortiti) \u00f86cm<\/p>\n<div class='aiseo-faq-section' style='margin-top:30px; border-top:1px solid #eee; padding-top:20px;'>\n<h3>Domande Frequenti<\/h3>\n<details style='margin-bottom:10px; padding:10px; background:#f9f9f9; border-radius:5px;'>\n<summary style='font-weight:bold; cursor:pointer;'>Cosa include il pacchetto?<\/summary>\n<div style='margin-top:10px; color:#555;'>Confezione da 6 pezzi di palline decorative assortite in rosso-oro.<\/div>\n<\/details>\n<details style='margin-bottom:10px; padding:10px; background:#f9f9f9; border-radius:5px;'>\n<summary style='font-weight:bold; cursor:pointer;'>Qual \u00e8 il diametro delle palle?<\/summary>\n<div style='margin-top:10px; color:#555;'>Ogni palla ha un diametro di 6 cm (\u00f86cm).<\/div>\n<\/details>\n<details style='margin-bottom:10px; padding:10px; background:#f9f9f9; border-radius:5px;'>\n<summary style='font-weight:bold; cursor:pointer;'>Per quali ambienti sono adatte?<\/summary>\n<div style='margin-top:10px; color:#555;'>Ideali per decorare l&#8217;albero di Natale e per la decorazione degli interni.<\/div>\n<\/details>\n<details style='margin-bottom:10px; padding:10px; background:#f9f9f9; border-radius:5px;'>\n<summary style='font-weight:bold; cursor:pointer;'>\u00c8 facile da installare?<\/summary>\n<div style='margin-top:10px; color:#555;'>S\u00ec, sono leggere e abbinate per una facile decorazione.<\/div>\n<\/details>\n<\/div>\n","protected":false},"excerpt":{"rendered":"<p>Pac=6 pz (assortiti) \u00f86cm Domande Frequenti Cosa include il pacchetto? Confezione da 6 pezzi di palline decorative assortite in rosso-oro. Qual \u00e8 il diametro delle palle? Ogni palla ha un diametro di 6 cm (\u00f86cm). Per quali ambienti sono adatte? Ideali per decorare l&#8217;albero di Natale e per la decorazione degli interni. \u00c8 facile da [&hellip;]<\/p>\n","protected":false},"featured_media":5182350,"comment_status":"closed","ping_status":"open","template":"","meta":[],"product_brand":[],"product_cat":[],"product_tag":[15],"class_list":{"0":"post-5317349","1":"product","2":"type-product","3":"status-publish","4":"has-post-thumbnail","6":"product_tag-uncategorized","8":"first","9":"onbackorder","10":"purchasable","11":"product-type-simple"},"jetpack_sharing_enabled":true,"_links":{"self":[{"href":"https:\/\/gadgettravellers.eu\/it\/wp-json\/wp\/v2\/product\/5317349","targetHints":{"allow":["GET"]}}],"collection":[{"href":"https:\/\/gadgettravellers.eu\/it\/wp-json\/wp\/v2\/product"}],"about":[{"href":"https:\/\/gadgettravellers.eu\/it\/wp-json\/wp\/v2\/types\/product"}],"replies":[{"embeddable":true,"href":"https:\/\/gadgettravellers.eu\/it\/wp-json\/wp\/v2\/comments?post=5317349"}],"wp:featuredmedia":[{"embeddable":true,"href":"https:\/\/gadgettravellers.eu\/it\/wp-json\/wp\/v2\/media\/5182350"}],"wp:attachment":[{"href":"https:\/\/gadgettravellers.eu\/it\/wp-json\/wp\/v2\/media?parent=5317349"}],"wp:term":[{"taxonomy":"product_brand","embeddable":true,"href":"https:\/\/gadgettravellers.eu\/it\/wp-json\/wp\/v2\/product_brand?post=5317349"},{"taxonomy":"product_cat","embeddable":true,"href":"https:\/\/gadgettravellers.eu\/it\/wp-json\/wp\/v2\/product_cat?post=5317349"},{"taxonomy":"product_tag","embeddable":true,"href":"https:\/\/gadgettravellers.eu\/it\/wp-json\/wp\/v2\/product_tag?post=5317349"}],"curies":[{"name":"wp","href":"https:\/\/api.w.org\/{rel}","templated":true}]}}