{"id":5317353,"date":"2026-01-19T14:50:55","date_gmt":"2026-01-19T12:50:55","guid":{"rendered":"https:\/\/gadgettravellers.eu\/shop\/palle-3-disegni-rosso-pac6pz-o7cm-o7cm-xmasfest-1132848\/"},"modified":"2026-04-22T22:54:27","modified_gmt":"2026-04-22T20:54:27","slug":"palle-3-disegni-rosso-pac6pz-o7cm-o7cm-xmasfest-1132848","status":"publish","type":"product","link":"https:\/\/gadgettravellers.eu\/it\/shop\/palle-3-disegni-rosso-pac6pz-o7cm-o7cm-xmasfest-1132848\/","title":{"rendered":"Palle 3 Disegni Rosso pac=6pz \u00f87cm \u00f87cm Xmasfest 1132848"},"content":{"rendered":"<p>Pac=6 pz (assortiti 3 modelli) \u00f87cm<\/p>\n<div class='aiseo-faq-section' style='margin-top:30px; border-top:1px solid #eee; padding-top:20px;'>\n<h3>Domande Frequenti<\/h3>\n<details style='margin-bottom:10px; padding:10px; background:#f9f9f9; border-radius:5px;'>\n<summary style='font-weight:bold; cursor:pointer;'>Quanti pezzi include il pacchetto?<\/summary>\n<div style='margin-top:10px; color:#555;'>Il pacchetto include 6 pezzi.<\/div>\n<\/details>\n<details style='margin-bottom:10px; padding:10px; background:#f9f9f9; border-radius:5px;'>\n<summary style='font-weight:bold; cursor:pointer;'>Qual \u00e8 il diametro delle palle?<\/summary>\n<div style='margin-top:10px; color:#555;'>Ogni palla ha un diametro di 7 cm.<\/div>\n<\/details>\n<details style='margin-bottom:10px; padding:10px; background:#f9f9f9; border-radius:5px;'>\n<summary style='font-weight:bold; cursor:pointer;'>Di che colore e con quali disegni sono le palle?<\/summary>\n<div style='margin-top:10px; color:#555;'>Set di colore rosso intenso in 3 diversi modelli.<\/div>\n<\/details>\n<details style='margin-bottom:10px; padding:10px; background:#f9f9f9; border-radius:5px;'>\n<summary style='font-weight:bold; cursor:pointer;'>Per quali ambienti sono destinati?<\/summary>\n<div style='margin-top:10px; color:#555;'>Ideali per decorare l&#8217;albero di Natale e per gli spazi interni.<\/div>\n<\/details>\n<\/div>\n","protected":false},"excerpt":{"rendered":"<p>Pac=6 pz (assortiti 3 modelli) \u00f87cm Domande Frequenti Quanti pezzi include il pacchetto? Il pacchetto include 6 pezzi. Qual \u00e8 il diametro delle palle? Ogni palla ha un diametro di 7 cm. Di che colore e con quali disegni sono le palle? Set di colore rosso intenso in 3 diversi modelli. Per quali ambienti sono [&hellip;]<\/p>\n","protected":false},"featured_media":5182370,"comment_status":"closed","ping_status":"open","template":"","meta":[],"product_brand":[],"product_cat":[],"product_tag":[15],"class_list":{"0":"post-5317353","1":"product","2":"type-product","3":"status-publish","4":"has-post-thumbnail","6":"product_tag-uncategorized","8":"first","9":"onbackorder","10":"purchasable","11":"product-type-simple"},"jetpack_sharing_enabled":true,"_links":{"self":[{"href":"https:\/\/gadgettravellers.eu\/it\/wp-json\/wp\/v2\/product\/5317353","targetHints":{"allow":["GET"]}}],"collection":[{"href":"https:\/\/gadgettravellers.eu\/it\/wp-json\/wp\/v2\/product"}],"about":[{"href":"https:\/\/gadgettravellers.eu\/it\/wp-json\/wp\/v2\/types\/product"}],"replies":[{"embeddable":true,"href":"https:\/\/gadgettravellers.eu\/it\/wp-json\/wp\/v2\/comments?post=5317353"}],"wp:featuredmedia":[{"embeddable":true,"href":"https:\/\/gadgettravellers.eu\/it\/wp-json\/wp\/v2\/media\/5182370"}],"wp:attachment":[{"href":"https:\/\/gadgettravellers.eu\/it\/wp-json\/wp\/v2\/media?parent=5317353"}],"wp:term":[{"taxonomy":"product_brand","embeddable":true,"href":"https:\/\/gadgettravellers.eu\/it\/wp-json\/wp\/v2\/product_brand?post=5317353"},{"taxonomy":"product_cat","embeddable":true,"href":"https:\/\/gadgettravellers.eu\/it\/wp-json\/wp\/v2\/product_cat?post=5317353"},{"taxonomy":"product_tag","embeddable":true,"href":"https:\/\/gadgettravellers.eu\/it\/wp-json\/wp\/v2\/product_tag?post=5317353"}],"curies":[{"name":"wp","href":"https:\/\/api.w.org\/{rel}","templated":true}]}}