{"id":5317356,"date":"2026-01-19T14:50:57","date_gmt":"2026-01-19T12:50:57","guid":{"rendered":"https:\/\/gadgettravellers.eu\/shop\/ramo-di-pino-con-vischio-e-palline-innevate-55x18cm-xmasfest-1132852\/"},"modified":"2026-04-22T22:54:29","modified_gmt":"2026-04-22T20:54:29","slug":"ramo-di-pino-con-vischio-e-palline-innevate-55x18cm-xmasfest-1132852","status":"publish","type":"product","link":"https:\/\/gadgettravellers.eu\/it\/shop\/ramo-di-pino-con-vischio-e-palline-innevate-55x18cm-xmasfest-1132852\/","title":{"rendered":"Ramo di Pino con vischio e Palline innevate 55x18cm Xmasfest 1132852"},"content":{"rendered":"<p>55x18cm<\/p>\n<div class='aiseo-faq-section' style='margin-top:30px; border-top:1px solid #eee; padding-top:20px;'>\n<h3>Domande Frequenti<\/h3>\n<details style='margin-bottom:10px; padding:10px; background:#f9f9f9; border-radius:5px;'>\n<summary style='font-weight:bold; cursor:pointer;'>\u00c8 adatto per esterni?<\/summary>\n<div style='margin-top:10px; color:#555;'>S\u00ec, \u00e8 adatto per ambienti interni e spazi esterni protetti.<\/div>\n<\/details>\n<details style='margin-bottom:10px; padding:10px; background:#f9f9f9; border-radius:5px;'>\n<summary style='font-weight:bold; cursor:pointer;'>\u00c8 necessario assemblare prima dell&#8217;uso?<\/summary>\n<div style='margin-top:10px; color:#555;'>No, il prodotto \u00e8 pronto per l&#8217;uso senza assemblaggio aggiuntivo.<\/div>\n<\/details>\n<details style='margin-bottom:10px; padding:10px; background:#f9f9f9; border-radius:5px;'>\n<summary style='font-weight:bold; cursor:pointer;'>Di quali materiali \u00e8 fatto?<\/summary>\n<div style='margin-top:10px; color:#555;'>Realizzato con materiali sintetici resistenti che mantengono la forma e il colore per un uso prolungato.<\/div>\n<\/details>\n<\/div>\n","protected":false},"excerpt":{"rendered":"<p>55x18cm Domande Frequenti \u00c8 adatto per esterni? S\u00ec, \u00e8 adatto per ambienti interni e spazi esterni protetti. \u00c8 necessario assemblare prima dell&#8217;uso? No, il prodotto \u00e8 pronto per l&#8217;uso senza assemblaggio aggiuntivo. Di quali materiali \u00e8 fatto? Realizzato con materiali sintetici resistenti che mantengono la forma e il colore per un uso prolungato.<\/p>\n","protected":false},"featured_media":5182382,"comment_status":"closed","ping_status":"open","template":"","meta":[],"product_brand":[],"product_cat":[],"product_tag":[15],"class_list":{"0":"post-5317356","1":"product","2":"type-product","3":"status-publish","4":"has-post-thumbnail","6":"product_tag-uncategorized","8":"first","9":"onbackorder","10":"purchasable","11":"product-type-simple"},"jetpack_sharing_enabled":true,"_links":{"self":[{"href":"https:\/\/gadgettravellers.eu\/it\/wp-json\/wp\/v2\/product\/5317356","targetHints":{"allow":["GET"]}}],"collection":[{"href":"https:\/\/gadgettravellers.eu\/it\/wp-json\/wp\/v2\/product"}],"about":[{"href":"https:\/\/gadgettravellers.eu\/it\/wp-json\/wp\/v2\/types\/product"}],"replies":[{"embeddable":true,"href":"https:\/\/gadgettravellers.eu\/it\/wp-json\/wp\/v2\/comments?post=5317356"}],"wp:featuredmedia":[{"embeddable":true,"href":"https:\/\/gadgettravellers.eu\/it\/wp-json\/wp\/v2\/media\/5182382"}],"wp:attachment":[{"href":"https:\/\/gadgettravellers.eu\/it\/wp-json\/wp\/v2\/media?parent=5317356"}],"wp:term":[{"taxonomy":"product_brand","embeddable":true,"href":"https:\/\/gadgettravellers.eu\/it\/wp-json\/wp\/v2\/product_brand?post=5317356"},{"taxonomy":"product_cat","embeddable":true,"href":"https:\/\/gadgettravellers.eu\/it\/wp-json\/wp\/v2\/product_cat?post=5317356"},{"taxonomy":"product_tag","embeddable":true,"href":"https:\/\/gadgettravellers.eu\/it\/wp-json\/wp\/v2\/product_tag?post=5317356"}],"curies":[{"name":"wp","href":"https:\/\/api.w.org\/{rel}","templated":true}]}}