{"id":5317357,"date":"2026-01-19T14:50:58","date_gmt":"2026-01-19T12:50:58","guid":{"rendered":"https:\/\/gadgettravellers.eu\/shop\/ramoscello-con-mela-alberello-30x12cm-xmasfest-1132855\/"},"modified":"2026-04-22T22:54:29","modified_gmt":"2026-04-22T20:54:29","slug":"ramoscello-con-mela-alberello-30x12cm-xmasfest-1132855","status":"publish","type":"product","link":"https:\/\/gadgettravellers.eu\/it\/shop\/ramoscello-con-mela-alberello-30x12cm-xmasfest-1132855\/","title":{"rendered":"Ramoscello con Mela &#038; Alberello 30x12cm Xmasfest 1132855"},"content":{"rendered":"<p>30x12cm<\/p>\n<div class='aiseo-faq-section' style='margin-top:30px; border-top:1px solid #eee; padding-top:20px;'>\n<h3>Domande Frequenti<\/h3>\n<details style='margin-bottom:10px; padding:10px; background:#f9f9f9; border-radius:5px;'>\n<summary style='font-weight:bold; cursor:pointer;'>Di che materiale \u00e8 il rametto?<\/summary>\n<div style='margin-top:10px; color:#555;'>\u00c8 artificiale e leggero, adatto per uso interno.<\/div>\n<\/details>\n<details style='margin-bottom:10px; padding:10px; background:#f9f9f9; border-radius:5px;'>\n<summary style='font-weight:bold; cursor:pointer;'>Quali sono le dimensioni del prodotto?<\/summary>\n<div style='margin-top:10px; color:#555;'>Le dimensioni sono 30&#215;12 cm.<\/div>\n<\/details>\n<details style='margin-bottom:10px; padding:10px; background:#f9f9f9; border-radius:5px;'>\n<summary style='font-weight:bold; cursor:pointer;'>Posso usarlo in corone o ghirlande?<\/summary>\n<div style='margin-top:10px; color:#555;'>S\u00ec, \u00e8 ideale per corone, ghirlande e tavole di Natale.<\/div>\n<\/details>\n<details style='margin-bottom:10px; padding:10px; background:#f9f9f9; border-radius:5px;'>\n<summary style='font-weight:bold; cursor:pointer;'>Pu\u00f2 essere lasciato all&#8217;aperto?<\/summary>\n<div style='margin-top:10px; color:#555;'>Destinato all&#8217;uso interno e non raccomandato per esposizione prolungata all&#8217;esterno.<\/div>\n<\/details>\n<\/div>\n","protected":false},"excerpt":{"rendered":"<p>30x12cm Domande Frequenti Di che materiale \u00e8 il rametto? \u00c8 artificiale e leggero, adatto per uso interno. Quali sono le dimensioni del prodotto? Le dimensioni sono 30&#215;12 cm. Posso usarlo in corone o ghirlande? S\u00ec, \u00e8 ideale per corone, ghirlande e tavole di Natale. Pu\u00f2 essere lasciato all&#8217;aperto? Destinato all&#8217;uso interno e non raccomandato per [&hellip;]<\/p>\n","protected":false},"featured_media":5182386,"comment_status":"closed","ping_status":"open","template":"","meta":[],"product_brand":[],"product_cat":[],"product_tag":[15],"class_list":{"0":"post-5317357","1":"product","2":"type-product","3":"status-publish","4":"has-post-thumbnail","6":"product_tag-uncategorized","8":"first","9":"onbackorder","10":"purchasable","11":"product-type-simple"},"jetpack_sharing_enabled":true,"_links":{"self":[{"href":"https:\/\/gadgettravellers.eu\/it\/wp-json\/wp\/v2\/product\/5317357","targetHints":{"allow":["GET"]}}],"collection":[{"href":"https:\/\/gadgettravellers.eu\/it\/wp-json\/wp\/v2\/product"}],"about":[{"href":"https:\/\/gadgettravellers.eu\/it\/wp-json\/wp\/v2\/types\/product"}],"replies":[{"embeddable":true,"href":"https:\/\/gadgettravellers.eu\/it\/wp-json\/wp\/v2\/comments?post=5317357"}],"wp:featuredmedia":[{"embeddable":true,"href":"https:\/\/gadgettravellers.eu\/it\/wp-json\/wp\/v2\/media\/5182386"}],"wp:attachment":[{"href":"https:\/\/gadgettravellers.eu\/it\/wp-json\/wp\/v2\/media?parent=5317357"}],"wp:term":[{"taxonomy":"product_brand","embeddable":true,"href":"https:\/\/gadgettravellers.eu\/it\/wp-json\/wp\/v2\/product_brand?post=5317357"},{"taxonomy":"product_cat","embeddable":true,"href":"https:\/\/gadgettravellers.eu\/it\/wp-json\/wp\/v2\/product_cat?post=5317357"},{"taxonomy":"product_tag","embeddable":true,"href":"https:\/\/gadgettravellers.eu\/it\/wp-json\/wp\/v2\/product_tag?post=5317357"}],"curies":[{"name":"wp","href":"https:\/\/api.w.org\/{rel}","templated":true}]}}