{"id":5317358,"date":"2026-01-19T14:50:59","date_gmt":"2026-01-19T12:50:59","guid":{"rendered":"https:\/\/gadgettravellers.eu\/shop\/corona-con-vischio-rametti-bianchi-o40cm-xmasfest-1132857\/"},"modified":"2026-04-22T22:54:30","modified_gmt":"2026-04-22T20:54:30","slug":"corona-con-vischio-rametti-bianchi-o40cm-xmasfest-1132857","status":"publish","type":"product","link":"https:\/\/gadgettravellers.eu\/it\/shop\/corona-con-vischio-rametti-bianchi-o40cm-xmasfest-1132857\/","title":{"rendered":"Corona con vischio &#038; Rametti bianchi \u00f840cm Xmasfest 1132857"},"content":{"rendered":"<p>\u00f840cm<\/p>\n<div class='aiseo-faq-section' style='margin-top:30px; border-top:1px solid #eee; padding-top:20px;'>\n<h3>Domande Frequenti<\/h3>\n<details style='margin-bottom:10px; padding:10px; background:#f9f9f9; border-radius:5px;'>\n<summary style='font-weight:bold; cursor:pointer;'>Dove pu\u00f2 essere posizionato la corona?<\/summary>\n<div style='margin-top:10px; color:#555;'>Pu\u00f2 essere appeso a porte e pareti o posizionato su tavoli come decorazione da tavolo.<\/div>\n<\/details>\n<details style='margin-bottom:10px; padding:10px; background:#f9f9f9; border-radius:5px;'>\n<summary style='font-weight:bold; cursor:pointer;'>\u00c8 necessario assemblare prima dell&#8217;uso?<\/summary>\n<div style='margin-top:10px; color:#555;'>No, la corona \u00e8 pronta per essere appesa e non richiede ulteriore assemblaggio.<\/div>\n<\/details>\n<details style='margin-bottom:10px; padding:10px; background:#f9f9f9; border-radius:5px;'>\n<summary style='font-weight:bold; cursor:pointer;'>Com&#8217;\u00e8 la sua manutenzione?<\/summary>\n<div style='margin-top:10px; color:#555;'>\u00c8 facile da mantenere e si conserva facilmente grazie al suo design leggero e resistente.<\/div>\n<\/details>\n<\/div>\n","protected":false},"excerpt":{"rendered":"<p>\u00f840cm Domande Frequenti Dove pu\u00f2 essere posizionato la corona? Pu\u00f2 essere appeso a porte e pareti o posizionato su tavoli come decorazione da tavolo. \u00c8 necessario assemblare prima dell&#8217;uso? No, la corona \u00e8 pronta per essere appesa e non richiede ulteriore assemblaggio. Com&#8217;\u00e8 la sua manutenzione? \u00c8 facile da mantenere e si conserva facilmente grazie [&hellip;]<\/p>\n","protected":false},"featured_media":5182390,"comment_status":"closed","ping_status":"open","template":"","meta":[],"product_brand":[],"product_cat":[],"product_tag":[15],"class_list":{"0":"post-5317358","1":"product","2":"type-product","3":"status-publish","4":"has-post-thumbnail","6":"product_tag-uncategorized","8":"first","9":"onbackorder","10":"purchasable","11":"product-type-simple"},"jetpack_sharing_enabled":true,"_links":{"self":[{"href":"https:\/\/gadgettravellers.eu\/it\/wp-json\/wp\/v2\/product\/5317358","targetHints":{"allow":["GET"]}}],"collection":[{"href":"https:\/\/gadgettravellers.eu\/it\/wp-json\/wp\/v2\/product"}],"about":[{"href":"https:\/\/gadgettravellers.eu\/it\/wp-json\/wp\/v2\/types\/product"}],"replies":[{"embeddable":true,"href":"https:\/\/gadgettravellers.eu\/it\/wp-json\/wp\/v2\/comments?post=5317358"}],"wp:featuredmedia":[{"embeddable":true,"href":"https:\/\/gadgettravellers.eu\/it\/wp-json\/wp\/v2\/media\/5182390"}],"wp:attachment":[{"href":"https:\/\/gadgettravellers.eu\/it\/wp-json\/wp\/v2\/media?parent=5317358"}],"wp:term":[{"taxonomy":"product_brand","embeddable":true,"href":"https:\/\/gadgettravellers.eu\/it\/wp-json\/wp\/v2\/product_brand?post=5317358"},{"taxonomy":"product_cat","embeddable":true,"href":"https:\/\/gadgettravellers.eu\/it\/wp-json\/wp\/v2\/product_cat?post=5317358"},{"taxonomy":"product_tag","embeddable":true,"href":"https:\/\/gadgettravellers.eu\/it\/wp-json\/wp\/v2\/product_tag?post=5317358"}],"curies":[{"name":"wp","href":"https:\/\/api.w.org\/{rel}","templated":true}]}}