{"id":5317360,"date":"2026-01-19T14:51:01","date_gmt":"2026-01-19T12:51:01","guid":{"rendered":"https:\/\/gadgettravellers.eu\/shop\/corona-con-vischio-e-pigne-o40cm-xmasfest-1132859\/"},"modified":"2026-04-22T22:54:30","modified_gmt":"2026-04-22T20:54:30","slug":"corona-con-vischio-e-pigne-o40cm-xmasfest-1132859","status":"publish","type":"product","link":"https:\/\/gadgettravellers.eu\/it\/shop\/corona-con-vischio-e-pigne-o40cm-xmasfest-1132859\/","title":{"rendered":"Corona con vischio e pigne \u00f840cm Xmasfest 1132859"},"content":{"rendered":"<p>\u00f840cm<\/p>\n<div class='aiseo-faq-section' style='margin-top:30px; border-top:1px solid #eee; padding-top:20px;'>\n<h3>Domande Frequenti<\/h3>\n<details style='margin-bottom:10px; padding:10px; background:#f9f9f9; border-radius:5px;'>\n<summary style='font-weight:bold; cursor:pointer;'>Qual \u00e8 il diametro della corona?<\/summary>\n<div style='margin-top:10px; color:#555;'>Il diametro \u00e8 40 cm.<\/div>\n<\/details>\n<details style='margin-bottom:10px; padding:10px; background:#f9f9f9; border-radius:5px;'>\n<summary style='font-weight:bold; cursor:pointer;'>Pu\u00f2 essere appeso alla porta?<\/summary>\n<div style='margin-top:10px; color:#555;'>S\u00ec, \u00e8 pronto per essere appeso alla porta.<\/div>\n<\/details>\n<details style='margin-bottom:10px; padding:10px; background:#f9f9f9; border-radius:5px;'>\n<summary style='font-weight:bold; cursor:pointer;'>\u00c8 adatto per uso esterno?<\/summary>\n<div style='margin-top:10px; color:#555;'>\u00c8 adatto per ambienti interni e per aree esterne coperte.<\/div>\n<\/details>\n<details style='margin-bottom:10px; padding:10px; background:#f9f9f9; border-radius:5px;'>\n<summary style='font-weight:bold; cursor:pointer;'>Come avviene il fissaggio e la conservazione?<\/summary>\n<div style='margin-top:10px; color:#555;'>\u00c8 facile da fissare e da conservare, idealmente in un luogo asciutto e protetto.<\/div>\n<\/details>\n<details style='margin-bottom:10px; padding:10px; background:#f9f9f9; border-radius:5px;'>\n<summary style='font-weight:bold; cursor:pointer;'>Ha un aspetto naturale e una costruzione resistente?<\/summary>\n<div style='margin-top:10px; color:#555;'>S\u00ec, offre un&#8217;estetica naturale e ha una costruzione resistente.<\/div>\n<\/details>\n<\/div>\n","protected":false},"excerpt":{"rendered":"<p>\u00f840cm Domande Frequenti Qual \u00e8 il diametro della corona? Il diametro \u00e8 40 cm. Pu\u00f2 essere appeso alla porta? S\u00ec, \u00e8 pronto per essere appeso alla porta. \u00c8 adatto per uso esterno? \u00c8 adatto per ambienti interni e per aree esterne coperte. Come avviene il fissaggio e la conservazione? \u00c8 facile da fissare e da [&hellip;]<\/p>\n","protected":false},"featured_media":5182398,"comment_status":"closed","ping_status":"open","template":"","meta":[],"product_brand":[],"product_cat":[],"product_tag":[15],"class_list":{"0":"post-5317360","1":"product","2":"type-product","3":"status-publish","4":"has-post-thumbnail","6":"product_tag-uncategorized","8":"first","9":"onbackorder","10":"purchasable","11":"product-type-simple"},"jetpack_sharing_enabled":true,"_links":{"self":[{"href":"https:\/\/gadgettravellers.eu\/it\/wp-json\/wp\/v2\/product\/5317360","targetHints":{"allow":["GET"]}}],"collection":[{"href":"https:\/\/gadgettravellers.eu\/it\/wp-json\/wp\/v2\/product"}],"about":[{"href":"https:\/\/gadgettravellers.eu\/it\/wp-json\/wp\/v2\/types\/product"}],"replies":[{"embeddable":true,"href":"https:\/\/gadgettravellers.eu\/it\/wp-json\/wp\/v2\/comments?post=5317360"}],"wp:featuredmedia":[{"embeddable":true,"href":"https:\/\/gadgettravellers.eu\/it\/wp-json\/wp\/v2\/media\/5182398"}],"wp:attachment":[{"href":"https:\/\/gadgettravellers.eu\/it\/wp-json\/wp\/v2\/media?parent=5317360"}],"wp:term":[{"taxonomy":"product_brand","embeddable":true,"href":"https:\/\/gadgettravellers.eu\/it\/wp-json\/wp\/v2\/product_brand?post=5317360"},{"taxonomy":"product_cat","embeddable":true,"href":"https:\/\/gadgettravellers.eu\/it\/wp-json\/wp\/v2\/product_cat?post=5317360"},{"taxonomy":"product_tag","embeddable":true,"href":"https:\/\/gadgettravellers.eu\/it\/wp-json\/wp\/v2\/product_tag?post=5317360"}],"curies":[{"name":"wp","href":"https:\/\/api.w.org\/{rel}","templated":true}]}}