{"id":5317364,"date":"2026-01-19T14:51:03","date_gmt":"2026-01-19T12:51:03","guid":{"rendered":"https:\/\/gadgettravellers.eu\/shop\/sottopiatto-in-tessuto-44x29cm-xmasfest-1132928\/"},"modified":"2026-04-22T22:54:32","modified_gmt":"2026-04-22T20:54:32","slug":"sottopiatto-in-tessuto-44x29cm-xmasfest-1132928","status":"publish","type":"product","link":"https:\/\/gadgettravellers.eu\/it\/shop\/sottopiatto-in-tessuto-44x29cm-xmasfest-1132928\/","title":{"rendered":"Sottopiatto in tessuto 44x29cm Xmasfest 1132928"},"content":{"rendered":"<p>Sottopiatto in tessuto 44x29cm<\/p>\n<div class='aiseo-faq-section' style='margin-top:30px; border-top:1px solid #eee; padding-top:20px;'>\n<h3>Domande Frequenti<\/h3>\n<details style='margin-bottom:10px; padding:10px; background:#f9f9f9; border-radius:5px;'>\n<summary style='font-weight:bold; cursor:pointer;'>Quali sono le dimensioni del sottopiatto?<\/summary>\n<div style='margin-top:10px; color:#555;'>Le dimensioni sono 44&#215;29 cm.<\/div>\n<\/details>\n<details style='margin-bottom:10px; padding:10px; background:#f9f9f9; border-radius:5px;'>\n<summary style='font-weight:bold; cursor:pointer;'>Di che materiale \u00e8 fatto?<\/summary>\n<div style='margin-top:10px; color:#555;'>\u00c8 un sottopiatto di stoffa.<\/div>\n<\/details>\n<details style='margin-bottom:10px; padding:10px; background:#f9f9f9; border-radius:5px;'>\n<summary style='font-weight:bold; cursor:pointer;'>\u00c8 adatto per la decorazione natalizia?<\/summary>\n<div style='margin-top:10px; color:#555;'>S\u00ec, \u00e8 ideale per la decorazione natalizia della tavola.<\/div>\n<\/details>\n<details style='margin-bottom:10px; padding:10px; background:#f9f9f9; border-radius:5px;'>\n<summary style='font-weight:bold; cursor:pointer;'>Protegge la superficie del tavolo?<\/summary>\n<div style='margin-top:10px; color:#555;'>S\u00ec, \u00e8 adatto per servire e proteggere la superficie.<\/div>\n<\/details>\n<\/div>\n","protected":false},"excerpt":{"rendered":"<p>Sottopiatto in tessuto 44x29cm Domande Frequenti Quali sono le dimensioni del sottopiatto? Le dimensioni sono 44&#215;29 cm. Di che materiale \u00e8 fatto? \u00c8 un sottopiatto di stoffa. \u00c8 adatto per la decorazione natalizia? S\u00ec, \u00e8 ideale per la decorazione natalizia della tavola. Protegge la superficie del tavolo? S\u00ec, \u00e8 adatto per servire e proteggere la [&hellip;]<\/p>\n","protected":false},"featured_media":5182414,"comment_status":"closed","ping_status":"open","template":"","meta":[],"product_brand":[],"product_cat":[],"product_tag":[15],"class_list":{"0":"post-5317364","1":"product","2":"type-product","3":"status-publish","4":"has-post-thumbnail","6":"product_tag-uncategorized","8":"first","9":"onbackorder","10":"purchasable","11":"product-type-simple"},"jetpack_sharing_enabled":true,"_links":{"self":[{"href":"https:\/\/gadgettravellers.eu\/it\/wp-json\/wp\/v2\/product\/5317364","targetHints":{"allow":["GET"]}}],"collection":[{"href":"https:\/\/gadgettravellers.eu\/it\/wp-json\/wp\/v2\/product"}],"about":[{"href":"https:\/\/gadgettravellers.eu\/it\/wp-json\/wp\/v2\/types\/product"}],"replies":[{"embeddable":true,"href":"https:\/\/gadgettravellers.eu\/it\/wp-json\/wp\/v2\/comments?post=5317364"}],"wp:featuredmedia":[{"embeddable":true,"href":"https:\/\/gadgettravellers.eu\/it\/wp-json\/wp\/v2\/media\/5182414"}],"wp:attachment":[{"href":"https:\/\/gadgettravellers.eu\/it\/wp-json\/wp\/v2\/media?parent=5317364"}],"wp:term":[{"taxonomy":"product_brand","embeddable":true,"href":"https:\/\/gadgettravellers.eu\/it\/wp-json\/wp\/v2\/product_brand?post=5317364"},{"taxonomy":"product_cat","embeddable":true,"href":"https:\/\/gadgettravellers.eu\/it\/wp-json\/wp\/v2\/product_cat?post=5317364"},{"taxonomy":"product_tag","embeddable":true,"href":"https:\/\/gadgettravellers.eu\/it\/wp-json\/wp\/v2\/product_tag?post=5317364"}],"curies":[{"name":"wp","href":"https:\/\/api.w.org\/{rel}","templated":true}]}}