{"id":5317365,"date":"2026-01-19T14:51:04","date_gmt":"2026-01-19T12:51:04","guid":{"rendered":"https:\/\/gadgettravellers.eu\/shop\/appendino-per-asciugamani-xmas-figura-44x13cm-xmasfest-1132943\/"},"modified":"2026-04-22T22:54:32","modified_gmt":"2026-04-22T20:54:32","slug":"appendino-per-asciugamani-xmas-figura-44x13cm-xmasfest-1132943","status":"publish","type":"product","link":"https:\/\/gadgettravellers.eu\/it\/shop\/appendino-per-asciugamani-xmas-figura-44x13cm-xmasfest-1132943\/","title":{"rendered":"Appendino per Asciugamani Xmas Figura 44x13cm Xmasfest 1132943"},"content":{"rendered":"<p>Appendi asciugamano 44x13cm<\/p>\n<div class='aiseo-faq-section' style='margin-top:30px; border-top:1px solid #eee; padding-top:20px;'>\n<h3>Domande Frequenti<\/h3>\n<details style='margin-bottom:10px; padding:10px; background:#f9f9f9; border-radius:5px;'>\n<summary style='font-weight:bold; cursor:pointer;'>Quali sono le dimensioni della gruccia?<\/summary>\n<div style='margin-top:10px; color:#555;'>44&#215;13 cm.<\/div>\n<\/details>\n<details style='margin-bottom:10px; padding:10px; background:#f9f9f9; border-radius:5px;'>\n<summary style='font-weight:bold; cursor:pointer;'>In quali ambienti pu\u00f2 essere utilizzato?<\/summary>\n<div style='margin-top:10px; color:#555;'>In bagno o cucina, come elemento pratico e decorativo.<\/div>\n<\/details>\n<details style='margin-bottom:10px; padding:10px; background:#f9f9f9; border-radius:5px;'>\n<summary style='font-weight:bold; cursor:pointer;'>Pu\u00f2 essere usato come regalo?<\/summary>\n<div style='margin-top:10px; color:#555;'>S\u00ec, \u00e8 ideale come regalo stagionale.<\/div>\n<\/details>\n<details style='margin-bottom:10px; padding:10px; background:#f9f9f9; border-radius:5px;'>\n<summary style='font-weight:bold; cursor:pointer;'>La gruccia ha una figura natalizia?<\/summary>\n<div style='margin-top:10px; color:#555;'>S\u00ec, include una figura natalizia come indicato nella descrizione.<\/div>\n<\/details>\n<\/div>\n","protected":false},"excerpt":{"rendered":"<p>Appendi asciugamano 44x13cm Domande Frequenti Quali sono le dimensioni della gruccia? 44&#215;13 cm. In quali ambienti pu\u00f2 essere utilizzato? In bagno o cucina, come elemento pratico e decorativo. Pu\u00f2 essere usato come regalo? S\u00ec, \u00e8 ideale come regalo stagionale. La gruccia ha una figura natalizia? S\u00ec, include una figura natalizia come indicato nella descrizione.<\/p>\n","protected":false},"featured_media":5182435,"comment_status":"closed","ping_status":"open","template":"","meta":[],"product_brand":[],"product_cat":[],"product_tag":[15],"class_list":{"0":"post-5317365","1":"product","2":"type-product","3":"status-publish","4":"has-post-thumbnail","6":"product_tag-uncategorized","8":"first","9":"onbackorder","10":"purchasable","11":"product-type-simple"},"jetpack_sharing_enabled":true,"_links":{"self":[{"href":"https:\/\/gadgettravellers.eu\/it\/wp-json\/wp\/v2\/product\/5317365","targetHints":{"allow":["GET"]}}],"collection":[{"href":"https:\/\/gadgettravellers.eu\/it\/wp-json\/wp\/v2\/product"}],"about":[{"href":"https:\/\/gadgettravellers.eu\/it\/wp-json\/wp\/v2\/types\/product"}],"replies":[{"embeddable":true,"href":"https:\/\/gadgettravellers.eu\/it\/wp-json\/wp\/v2\/comments?post=5317365"}],"wp:featuredmedia":[{"embeddable":true,"href":"https:\/\/gadgettravellers.eu\/it\/wp-json\/wp\/v2\/media\/5182435"}],"wp:attachment":[{"href":"https:\/\/gadgettravellers.eu\/it\/wp-json\/wp\/v2\/media?parent=5317365"}],"wp:term":[{"taxonomy":"product_brand","embeddable":true,"href":"https:\/\/gadgettravellers.eu\/it\/wp-json\/wp\/v2\/product_brand?post=5317365"},{"taxonomy":"product_cat","embeddable":true,"href":"https:\/\/gadgettravellers.eu\/it\/wp-json\/wp\/v2\/product_cat?post=5317365"},{"taxonomy":"product_tag","embeddable":true,"href":"https:\/\/gadgettravellers.eu\/it\/wp-json\/wp\/v2\/product_tag?post=5317365"}],"curies":[{"name":"wp","href":"https:\/\/api.w.org\/{rel}","templated":true}]}}