{"id":5317367,"date":"2026-01-19T14:51:05","date_gmt":"2026-01-19T12:51:05","guid":{"rendered":"https:\/\/gadgettravellers.eu\/shop\/copricuscino-design-macchina-santo-43x43cm-xmasfest-1132939\/"},"modified":"2026-04-22T22:54:33","modified_gmt":"2026-04-22T20:54:33","slug":"copricuscino-design-macchina-santo-43x43cm-xmasfest-1132939","status":"publish","type":"product","link":"https:\/\/gadgettravellers.eu\/it\/shop\/copricuscino-design-macchina-santo-43x43cm-xmasfest-1132939\/","title":{"rendered":"Copricuscino Design Macchina-Santo 43x43cm Xmasfest 1132939"},"content":{"rendered":"<p>Fodera per cuscino 43x43cm<\/p>\n<div class='aiseo-faq-section' style='margin-top:30px; border-top:1px solid #eee; padding-top:20px;'>\n<h3>Domande Frequenti<\/h3>\n<details style='margin-bottom:10px; padding:10px; background:#f9f9f9; border-radius:5px;'>\n<summary style='font-weight:bold; cursor:pointer;'>Quali sono le dimensioni della custodia?<\/summary>\n<div style='margin-top:10px; color:#555;'>La custodia ha dimensioni 43&#215;43 cm.<\/div>\n<\/details>\n<details style='margin-bottom:10px; padding:10px; background:#f9f9f9; border-radius:5px;'>\n<summary style='font-weight:bold; cursor:pointer;'>Il cuscino \u00e8 incluso?<\/summary>\n<div style='margin-top:10px; color:#555;'>No, si tratta solo di una federa per cuscino 43&#215;43 cm.<\/div>\n<\/details>\n<details style='margin-bottom:10px; padding:10px; background:#f9f9f9; border-radius:5px;'>\n<summary style='font-weight:bold; cursor:pointer;'>Che disegno ha la custodia?<\/summary>\n<div style='margin-top:10px; color:#555;'>Disegno natalizio con Santo in macchina.<\/div>\n<\/details>\n<details style='margin-bottom:10px; padding:10px; background:#f9f9f9; border-radius:5px;'>\n<summary style='font-weight:bold; cursor:pointer;'>\u00c8 adatto come regalo?<\/summary>\n<div style='margin-top:10px; color:#555;'>S\u00ec, \u00e8 menzionato come idea per un piccolo regalo e rinnova facilmente la decorazione.<\/div>\n<\/details>\n<\/div>\n","protected":false},"excerpt":{"rendered":"<p>Fodera per cuscino 43x43cm Domande Frequenti Quali sono le dimensioni della custodia? La custodia ha dimensioni 43&#215;43 cm. Il cuscino \u00e8 incluso? No, si tratta solo di una federa per cuscino 43&#215;43 cm. Che disegno ha la custodia? Disegno natalizio con Santo in macchina. \u00c8 adatto come regalo? S\u00ec, \u00e8 menzionato come idea per un [&hellip;]<\/p>\n","protected":false},"featured_media":5182428,"comment_status":"closed","ping_status":"open","template":"","meta":[],"product_brand":[],"product_cat":[],"product_tag":[15],"class_list":{"0":"post-5317367","1":"product","2":"type-product","3":"status-publish","4":"has-post-thumbnail","6":"product_tag-uncategorized","8":"first","9":"onbackorder","10":"purchasable","11":"product-type-simple"},"jetpack_sharing_enabled":true,"_links":{"self":[{"href":"https:\/\/gadgettravellers.eu\/it\/wp-json\/wp\/v2\/product\/5317367","targetHints":{"allow":["GET"]}}],"collection":[{"href":"https:\/\/gadgettravellers.eu\/it\/wp-json\/wp\/v2\/product"}],"about":[{"href":"https:\/\/gadgettravellers.eu\/it\/wp-json\/wp\/v2\/types\/product"}],"replies":[{"embeddable":true,"href":"https:\/\/gadgettravellers.eu\/it\/wp-json\/wp\/v2\/comments?post=5317367"}],"wp:featuredmedia":[{"embeddable":true,"href":"https:\/\/gadgettravellers.eu\/it\/wp-json\/wp\/v2\/media\/5182428"}],"wp:attachment":[{"href":"https:\/\/gadgettravellers.eu\/it\/wp-json\/wp\/v2\/media?parent=5317367"}],"wp:term":[{"taxonomy":"product_brand","embeddable":true,"href":"https:\/\/gadgettravellers.eu\/it\/wp-json\/wp\/v2\/product_brand?post=5317367"},{"taxonomy":"product_cat","embeddable":true,"href":"https:\/\/gadgettravellers.eu\/it\/wp-json\/wp\/v2\/product_cat?post=5317367"},{"taxonomy":"product_tag","embeddable":true,"href":"https:\/\/gadgettravellers.eu\/it\/wp-json\/wp\/v2\/product_tag?post=5317367"}],"curies":[{"name":"wp","href":"https:\/\/api.w.org\/{rel}","templated":true}]}}