{"id":5317368,"date":"2026-01-19T14:51:06","date_gmt":"2026-01-19T12:51:06","guid":{"rendered":"https:\/\/gadgettravellers.eu\/shop\/bambola-seduta-xmas-24x12cm-xmasfest-1132965\/"},"modified":"2026-04-22T22:54:34","modified_gmt":"2026-04-22T20:54:34","slug":"bambola-seduta-xmas-24x12cm-xmasfest-1132965","status":"publish","type":"product","link":"https:\/\/gadgettravellers.eu\/it\/shop\/bambola-seduta-xmas-24x12cm-xmasfest-1132965\/","title":{"rendered":"Bambola Seduta Xmas 24x12cm Xmasfest 1132965"},"content":{"rendered":"<p>24x12cm<\/p>\n<div class='aiseo-faq-section' style='margin-top:30px; border-top:1px solid #eee; padding-top:20px;'>\n<h3>Domande Frequenti<\/h3>\n<details style='margin-bottom:10px; padding:10px; background:#f9f9f9; border-radius:5px;'>\n<summary style='font-weight:bold; cursor:pointer;'>In quali ambienti si adatta questo pupazzetto?<\/summary>\n<div style='margin-top:10px; color:#555;'>Adatto per interni come tavoli, scaffali e vicino all&#8217;albero di Natale.<\/div>\n<\/details>\n<details style='margin-bottom:10px; padding:10px; background:#f9f9f9; border-radius:5px;'>\n<summary style='font-weight:bold; cursor:pointer;'>Quali sono le dimensioni del prodotto?<\/summary>\n<div style='margin-top:10px; color:#555;'>Le dimensioni sono 24&#215;12 cm.<\/div>\n<\/details>\n<details style='margin-bottom:10px; padding:10px; background:#f9f9f9; border-radius:5px;'>\n<summary style='font-weight:bold; cursor:pointer;'>Pu\u00f2 essere usato come regalo?<\/summary>\n<div style='margin-top:10px; color:#555;'>S\u00ec, \u00e8 un&#8217;idea regalo originale che aggiunge immediatamente un&#8217;atmosfera festiva.<\/div>\n<\/details>\n<details style='margin-bottom:10px; padding:10px; background:#f9f9f9; border-radius:5px;'>\n<summary style='font-weight:bold; cursor:pointer;'>Pu\u00f2 essere utilizzato all&#8217;aperto?<\/summary>\n<div style='margin-top:10px; color:#555;'>La descrizione indica l&#8217;uso in ambienti interni, quindi non \u00e8 consigliato per uso esterno.<\/div>\n<\/details>\n<\/div>\n","protected":false},"excerpt":{"rendered":"<p>24x12cm Domande Frequenti In quali ambienti si adatta questo pupazzetto? Adatto per interni come tavoli, scaffali e vicino all&#8217;albero di Natale. Quali sono le dimensioni del prodotto? Le dimensioni sono 24&#215;12 cm. Pu\u00f2 essere usato come regalo? S\u00ec, \u00e8 un&#8217;idea regalo originale che aggiunge immediatamente un&#8217;atmosfera festiva. Pu\u00f2 essere utilizzato all&#8217;aperto? La descrizione indica l&#8217;uso [&hellip;]<\/p>\n","protected":false},"featured_media":5182446,"comment_status":"closed","ping_status":"open","template":"","meta":[],"product_brand":[],"product_cat":[],"product_tag":[15],"class_list":{"0":"post-5317368","1":"product","2":"type-product","3":"status-publish","4":"has-post-thumbnail","6":"product_tag-uncategorized","8":"first","9":"onbackorder","10":"purchasable","11":"product-type-simple"},"jetpack_sharing_enabled":true,"_links":{"self":[{"href":"https:\/\/gadgettravellers.eu\/it\/wp-json\/wp\/v2\/product\/5317368","targetHints":{"allow":["GET"]}}],"collection":[{"href":"https:\/\/gadgettravellers.eu\/it\/wp-json\/wp\/v2\/product"}],"about":[{"href":"https:\/\/gadgettravellers.eu\/it\/wp-json\/wp\/v2\/types\/product"}],"replies":[{"embeddable":true,"href":"https:\/\/gadgettravellers.eu\/it\/wp-json\/wp\/v2\/comments?post=5317368"}],"wp:featuredmedia":[{"embeddable":true,"href":"https:\/\/gadgettravellers.eu\/it\/wp-json\/wp\/v2\/media\/5182446"}],"wp:attachment":[{"href":"https:\/\/gadgettravellers.eu\/it\/wp-json\/wp\/v2\/media?parent=5317368"}],"wp:term":[{"taxonomy":"product_brand","embeddable":true,"href":"https:\/\/gadgettravellers.eu\/it\/wp-json\/wp\/v2\/product_brand?post=5317368"},{"taxonomy":"product_cat","embeddable":true,"href":"https:\/\/gadgettravellers.eu\/it\/wp-json\/wp\/v2\/product_cat?post=5317368"},{"taxonomy":"product_tag","embeddable":true,"href":"https:\/\/gadgettravellers.eu\/it\/wp-json\/wp\/v2\/product_tag?post=5317368"}],"curies":[{"name":"wp","href":"https:\/\/api.w.org\/{rel}","templated":true}]}}