{"id":5317369,"date":"2026-01-19T14:51:07","date_gmt":"2026-01-19T12:51:07","guid":{"rendered":"https:\/\/gadgettravellers.eu\/shop\/yo-yo-con-luce-babbo-natale-o55cm-xmasfest-1132977\/"},"modified":"2026-04-22T22:54:34","modified_gmt":"2026-04-22T20:54:34","slug":"yo-yo-con-luce-babbo-natale-o55cm-xmasfest-1132977","status":"publish","type":"product","link":"https:\/\/gadgettravellers.eu\/it\/shop\/yo-yo-con-luce-babbo-natale-o55cm-xmasfest-1132977\/","title":{"rendered":"Yo-yo con luce Babbo Natale \u00f85,5cm Xmasfest 1132977"},"content":{"rendered":"<p>(abbina) yo-yo con luce \u00f85,5cm<\/p>\n<div class='aiseo-faq-section' style='margin-top:30px; border-top:1px solid #eee; padding-top:20px;'>\n<h3>Domande Frequenti<\/h3>\n<details style='margin-bottom:10px; padding:10px; background:#f9f9f9; border-radius:5px;'>\n<summary style='font-weight:bold; cursor:pointer;'>Qual \u00e8 la dimensione del vasino?<\/summary>\n<div style='margin-top:10px; color:#555;'>Il diametro \u00e8 di circa 5,5 cm.<\/div>\n<\/details>\n<details style='margin-bottom:10px; padding:10px; background:#f9f9f9; border-radius:5px;'>\n<summary style='font-weight:bold; cursor:pointer;'>\u00c8 adatto ai bambini?<\/summary>\n<div style='margin-top:10px; color:#555;'>S\u00ec, \u00e8 destinato e adatto all&#8217;uso da parte dei bambini.<\/div>\n<\/details>\n<details style='margin-bottom:10px; padding:10px; background:#f9f9f9; border-radius:5px;'>\n<summary style='font-weight:bold; cursor:pointer;'>Che design e colori ha?<\/summary>\n<div style='margin-top:10px; color:#555;'>Presenta un design natalizio di Babbo Natale ed \u00e8 disponibile in colori assortiti.<\/div>\n<\/details>\n<details style='margin-bottom:10px; padding:10px; background:#f9f9f9; border-radius:5px;'>\n<summary style='font-weight:bold; cursor:pointer;'>Pu\u00f2 essere usato come regalo o per decorazione?<\/summary>\n<div style='margin-top:10px; color:#555;'>S\u00ec, \u00e8 portatile e ideale come regalo o per la decorazione natalizia.<\/div>\n<\/details>\n<\/div>\n","protected":false},"excerpt":{"rendered":"<p>(abbina) yo-yo con luce \u00f85,5cm Domande Frequenti Qual \u00e8 la dimensione del vasino? Il diametro \u00e8 di circa 5,5 cm. \u00c8 adatto ai bambini? S\u00ec, \u00e8 destinato e adatto all&#8217;uso da parte dei bambini. Che design e colori ha? Presenta un design natalizio di Babbo Natale ed \u00e8 disponibile in colori assortiti. Pu\u00f2 essere usato [&hellip;]<\/p>\n","protected":false},"featured_media":5182457,"comment_status":"closed","ping_status":"open","template":"","meta":[],"product_brand":[],"product_cat":[],"product_tag":[15],"class_list":{"0":"post-5317369","1":"product","2":"type-product","3":"status-publish","4":"has-post-thumbnail","6":"product_tag-uncategorized","8":"first","9":"onbackorder","10":"purchasable","11":"product-type-simple"},"jetpack_sharing_enabled":true,"_links":{"self":[{"href":"https:\/\/gadgettravellers.eu\/it\/wp-json\/wp\/v2\/product\/5317369","targetHints":{"allow":["GET"]}}],"collection":[{"href":"https:\/\/gadgettravellers.eu\/it\/wp-json\/wp\/v2\/product"}],"about":[{"href":"https:\/\/gadgettravellers.eu\/it\/wp-json\/wp\/v2\/types\/product"}],"replies":[{"embeddable":true,"href":"https:\/\/gadgettravellers.eu\/it\/wp-json\/wp\/v2\/comments?post=5317369"}],"wp:featuredmedia":[{"embeddable":true,"href":"https:\/\/gadgettravellers.eu\/it\/wp-json\/wp\/v2\/media\/5182457"}],"wp:attachment":[{"href":"https:\/\/gadgettravellers.eu\/it\/wp-json\/wp\/v2\/media?parent=5317369"}],"wp:term":[{"taxonomy":"product_brand","embeddable":true,"href":"https:\/\/gadgettravellers.eu\/it\/wp-json\/wp\/v2\/product_brand?post=5317369"},{"taxonomy":"product_cat","embeddable":true,"href":"https:\/\/gadgettravellers.eu\/it\/wp-json\/wp\/v2\/product_cat?post=5317369"},{"taxonomy":"product_tag","embeddable":true,"href":"https:\/\/gadgettravellers.eu\/it\/wp-json\/wp\/v2\/product_tag?post=5317369"}],"curies":[{"name":"wp","href":"https:\/\/api.w.org\/{rel}","templated":true}]}}