{"id":5317370,"date":"2026-01-19T14:51:07","date_gmt":"2026-01-19T12:51:07","guid":{"rendered":"https:\/\/gadgettravellers.eu\/shop\/sacco-di-natale-con-figura-70x49cm-xmasfest-1132934\/"},"modified":"2026-04-22T22:54:34","modified_gmt":"2026-04-22T20:54:34","slug":"sacco-di-natale-con-figura-70x49cm-xmasfest-1132934","status":"publish","type":"product","link":"https:\/\/gadgettravellers.eu\/it\/shop\/sacco-di-natale-con-figura-70x49cm-xmasfest-1132934\/","title":{"rendered":"Sacco di Natale con Figura 70x49cm Xmasfest 1132934"},"content":{"rendered":"<p>Sacco 70x49cm<\/p>\n<div class='aiseo-faq-section' style='margin-top:30px; border-top:1px solid #eee; padding-top:20px;'>\n<h3>Domande Frequenti<\/h3>\n<details style='margin-bottom:10px; padding:10px; background:#f9f9f9; border-radius:5px;'>\n<summary style='font-weight:bold; cursor:pointer;'>Quali sono le dimensioni del sacco?<\/summary>\n<div style='margin-top:10px; color:#555;'>Le dimensioni sono 70 x 49 cm.<\/div>\n<\/details>\n<details style='margin-bottom:10px; padding:10px; background:#f9f9f9; border-radius:5px;'>\n<summary style='font-weight:bold; cursor:pointer;'>Come si chiude il sacco?<\/summary>\n<div style='margin-top:10px; color:#555;'>Dispone di chiusura con cordoncino che facilita la rapida sistemazione e chiusura dei regali.<\/div>\n<\/details>\n<details style='margin-bottom:10px; padding:10px; background:#f9f9f9; border-radius:5px;'>\n<summary style='font-weight:bold; cursor:pointer;'>Che tipo di oggetti pu\u00f2 contenere?<\/summary>\n<div style='margin-top:10px; color:#555;'>\u00c8 adatto per giochi, abbigliamento e piccoli regali.<\/div>\n<\/details>\n<details style='margin-bottom:10px; padding:10px; background:#f9f9f9; border-radius:5px;'>\n<summary style='font-weight:bold; cursor:pointer;'>Pu\u00f2 essere riutilizzato?<\/summary>\n<div style='margin-top:10px; color:#555;'>S\u00ec, \u00e8 riutilizzabile e ideale per un uso ripetuto nell&#8217;imballaggio e nella decorazione.<\/div>\n<\/details>\n<\/div>\n","protected":false},"excerpt":{"rendered":"<p>Sacco 70x49cm Domande Frequenti Quali sono le dimensioni del sacco? Le dimensioni sono 70 x 49 cm. Come si chiude il sacco? Dispone di chiusura con cordoncino che facilita la rapida sistemazione e chiusura dei regali. Che tipo di oggetti pu\u00f2 contenere? \u00c8 adatto per giochi, abbigliamento e piccoli regali. Pu\u00f2 essere riutilizzato? S\u00ec, \u00e8 [&hellip;]<\/p>\n","protected":false},"featured_media":5182421,"comment_status":"closed","ping_status":"open","template":"","meta":[],"product_brand":[],"product_cat":[],"product_tag":[15],"class_list":{"0":"post-5317370","1":"product","2":"type-product","3":"status-publish","4":"has-post-thumbnail","6":"product_tag-uncategorized","8":"first","9":"onbackorder","10":"purchasable","11":"product-type-simple"},"jetpack_sharing_enabled":true,"_links":{"self":[{"href":"https:\/\/gadgettravellers.eu\/it\/wp-json\/wp\/v2\/product\/5317370","targetHints":{"allow":["GET"]}}],"collection":[{"href":"https:\/\/gadgettravellers.eu\/it\/wp-json\/wp\/v2\/product"}],"about":[{"href":"https:\/\/gadgettravellers.eu\/it\/wp-json\/wp\/v2\/types\/product"}],"replies":[{"embeddable":true,"href":"https:\/\/gadgettravellers.eu\/it\/wp-json\/wp\/v2\/comments?post=5317370"}],"wp:featuredmedia":[{"embeddable":true,"href":"https:\/\/gadgettravellers.eu\/it\/wp-json\/wp\/v2\/media\/5182421"}],"wp:attachment":[{"href":"https:\/\/gadgettravellers.eu\/it\/wp-json\/wp\/v2\/media?parent=5317370"}],"wp:term":[{"taxonomy":"product_brand","embeddable":true,"href":"https:\/\/gadgettravellers.eu\/it\/wp-json\/wp\/v2\/product_brand?post=5317370"},{"taxonomy":"product_cat","embeddable":true,"href":"https:\/\/gadgettravellers.eu\/it\/wp-json\/wp\/v2\/product_cat?post=5317370"},{"taxonomy":"product_tag","embeddable":true,"href":"https:\/\/gadgettravellers.eu\/it\/wp-json\/wp\/v2\/product_tag?post=5317370"}],"curies":[{"name":"wp","href":"https:\/\/api.w.org\/{rel}","templated":true}]}}