{"id":5317373,"date":"2026-01-19T14:51:09","date_gmt":"2026-01-19T12:51:09","guid":{"rendered":"https:\/\/gadgettravellers.eu\/shop\/cesto-in-feltro-casetta-xmas-20x14x6cm-xmasfest-1132997\/"},"modified":"2026-04-22T22:54:36","modified_gmt":"2026-04-22T20:54:36","slug":"cesto-in-feltro-casetta-xmas-20x14x6cm-xmasfest-1132997","status":"publish","type":"product","link":"https:\/\/gadgettravellers.eu\/it\/shop\/cesto-in-feltro-casetta-xmas-20x14x6cm-xmasfest-1132997\/","title":{"rendered":"Cesto in Feltro Casetta Xmas 20x14x6cm Xmasfest 1132997"},"content":{"rendered":"<p>20x14x6cm<\/p>\n<div class='aiseo-faq-section' style='margin-top:30px; border-top:1px solid #eee; padding-top:20px;'>\n<h3>Domande Frequenti<\/h3>\n<details style='margin-bottom:10px; padding:10px; background:#f9f9f9; border-radius:5px;'>\n<summary style='font-weight:bold; cursor:pointer;'>Di quale materiale \u00e8 fatto il cestino?<\/summary>\n<div style='margin-top:10px; color:#555;'>Il cestino \u00e8 in tessuto di feltro.<\/div>\n<\/details>\n<details style='margin-bottom:10px; padding:10px; background:#f9f9f9; border-radius:5px;'>\n<summary style='font-weight:bold; cursor:pointer;'>Quali sono le sue dimensioni?<\/summary>\n<div style='margin-top:10px; color:#555;'>Le dimensioni sono 20x14x6 cm.<\/div>\n<\/details>\n<details style='margin-bottom:10px; padding:10px; background:#f9f9f9; border-radius:5px;'>\n<summary style='font-weight:bold; cursor:pointer;'>Per quali usi \u00e8 adatto?<\/summary>\n<div style='margin-top:10px; color:#555;'>\u00c8 ideale per la decorazione natalizia, la conservazione di piccoli oggetti, l&#8217;imballaggio dei regali e come decorazione da tavolo.<\/div>\n<\/details>\n<details style='margin-bottom:10px; padding:10px; background:#f9f9f9; border-radius:5px;'>\n<summary style='font-weight:bold; cursor:pointer;'>\u00c8 resistente e riutilizzabile?<\/summary>\n<div style='margin-top:10px; color:#555;'>S\u00ec, \u00e8 descritto come leggero e resistente, adatto per un uso ripetuto a casa, in negozio o durante eventi.<\/div>\n<\/details>\n<\/div>\n","protected":false},"excerpt":{"rendered":"<p>20x14x6cm Domande Frequenti Di quale materiale \u00e8 fatto il cestino? Il cestino \u00e8 in tessuto di feltro. Quali sono le sue dimensioni? Le dimensioni sono 20x14x6 cm. Per quali usi \u00e8 adatto? \u00c8 ideale per la decorazione natalizia, la conservazione di piccoli oggetti, l&#8217;imballaggio dei regali e come decorazione da tavolo. \u00c8 resistente e riutilizzabile? [&hellip;]<\/p>\n","protected":false},"featured_media":5182475,"comment_status":"closed","ping_status":"open","template":"","meta":[],"product_brand":[],"product_cat":[],"product_tag":[15],"class_list":{"0":"post-5317373","1":"product","2":"type-product","3":"status-publish","4":"has-post-thumbnail","6":"product_tag-uncategorized","8":"first","9":"onbackorder","10":"purchasable","11":"product-type-simple"},"jetpack_sharing_enabled":true,"_links":{"self":[{"href":"https:\/\/gadgettravellers.eu\/it\/wp-json\/wp\/v2\/product\/5317373","targetHints":{"allow":["GET"]}}],"collection":[{"href":"https:\/\/gadgettravellers.eu\/it\/wp-json\/wp\/v2\/product"}],"about":[{"href":"https:\/\/gadgettravellers.eu\/it\/wp-json\/wp\/v2\/types\/product"}],"replies":[{"embeddable":true,"href":"https:\/\/gadgettravellers.eu\/it\/wp-json\/wp\/v2\/comments?post=5317373"}],"wp:featuredmedia":[{"embeddable":true,"href":"https:\/\/gadgettravellers.eu\/it\/wp-json\/wp\/v2\/media\/5182475"}],"wp:attachment":[{"href":"https:\/\/gadgettravellers.eu\/it\/wp-json\/wp\/v2\/media?parent=5317373"}],"wp:term":[{"taxonomy":"product_brand","embeddable":true,"href":"https:\/\/gadgettravellers.eu\/it\/wp-json\/wp\/v2\/product_brand?post=5317373"},{"taxonomy":"product_cat","embeddable":true,"href":"https:\/\/gadgettravellers.eu\/it\/wp-json\/wp\/v2\/product_cat?post=5317373"},{"taxonomy":"product_tag","embeddable":true,"href":"https:\/\/gadgettravellers.eu\/it\/wp-json\/wp\/v2\/product_tag?post=5317373"}],"curies":[{"name":"wp","href":"https:\/\/api.w.org\/{rel}","templated":true}]}}