{"id":5317378,"date":"2026-01-19T14:51:12","date_gmt":"2026-01-19T12:51:12","guid":{"rendered":"https:\/\/gadgettravellers.eu\/shop\/san-nanos-con-gambe-lunghe-48cm-xmasfest-1133022\/"},"modified":"2026-04-22T22:54:38","modified_gmt":"2026-04-22T20:54:38","slug":"san-nanos-con-gambe-lunghe-48cm-xmasfest-1133022","status":"publish","type":"product","link":"https:\/\/gadgettravellers.eu\/it\/shop\/san-nanos-con-gambe-lunghe-48cm-xmasfest-1133022\/","title":{"rendered":"San Nanos con Gambe Lunghe 48cm Xmasfest 1133022"},"content":{"rendered":"<p>Con fondo pesante 48cm<\/p>\n<div class='aiseo-faq-section' style='margin-top:30px; border-top:1px solid #eee; padding-top:20px;'>\n<h3>Domande Frequenti<\/h3>\n<details style='margin-bottom:10px; padding:10px; background:#f9f9f9; border-radius:5px;'>\n<summary style='font-weight:bold; cursor:pointer;'>Qual \u00e8 l&#8217;altezza di San Nano?<\/summary>\n<div style='margin-top:10px; color:#555;'>L&#8217;altezza \u00e8 di 48 cm.<\/div>\n<\/details>\n<details style='margin-bottom:10px; padding:10px; background:#f9f9f9; border-radius:5px;'>\n<summary style='font-weight:bold; cursor:pointer;'>\u00c8 adatto per ambienti interni?<\/summary>\n<div style='margin-top:10px; color:#555;'>S\u00ec, \u00e8 destinato all&#8217;uso interno e alla decorazione del pavimento.<\/div>\n<\/details>\n<details style='margin-bottom:10px; padding:10px; background:#f9f9f9; border-radius:5px;'>\n<summary style='font-weight:bold; cursor:pointer;'>Cosa garantisce il fondo pesante?<\/summary>\n<div style='margin-top:10px; color:#555;'>Il fondo pesante offre stabilit\u00e0 e riduce il rischio di ribaltamento.<\/div>\n<\/details>\n<details style='margin-bottom:10px; padding:10px; background:#f9f9f9; border-radius:5px;'>\n<summary style='font-weight:bold; cursor:pointer;'>Dove pu\u00f2 essere posizionato?<\/summary>\n<div style='margin-top:10px; color:#555;'>Idealmente si posiziona sul pavimento in salotti, ingressi o spazi espositivi decorativi.<\/div>\n<\/details>\n<\/div>\n","protected":false},"excerpt":{"rendered":"<p>Con fondo pesante 48cm Domande Frequenti Qual \u00e8 l&#8217;altezza di San Nano? L&#8217;altezza \u00e8 di 48 cm. \u00c8 adatto per ambienti interni? S\u00ec, \u00e8 destinato all&#8217;uso interno e alla decorazione del pavimento. Cosa garantisce il fondo pesante? Il fondo pesante offre stabilit\u00e0 e riduce il rischio di ribaltamento. Dove pu\u00f2 essere posizionato? Idealmente si posiziona [&hellip;]<\/p>\n","protected":false},"featured_media":5182487,"comment_status":"closed","ping_status":"open","template":"","meta":[],"product_brand":[],"product_cat":[],"product_tag":[15],"class_list":{"0":"post-5317378","1":"product","2":"type-product","3":"status-publish","4":"has-post-thumbnail","6":"product_tag-uncategorized","8":"first","9":"onbackorder","10":"purchasable","11":"product-type-simple"},"jetpack_sharing_enabled":true,"_links":{"self":[{"href":"https:\/\/gadgettravellers.eu\/it\/wp-json\/wp\/v2\/product\/5317378","targetHints":{"allow":["GET"]}}],"collection":[{"href":"https:\/\/gadgettravellers.eu\/it\/wp-json\/wp\/v2\/product"}],"about":[{"href":"https:\/\/gadgettravellers.eu\/it\/wp-json\/wp\/v2\/types\/product"}],"replies":[{"embeddable":true,"href":"https:\/\/gadgettravellers.eu\/it\/wp-json\/wp\/v2\/comments?post=5317378"}],"wp:featuredmedia":[{"embeddable":true,"href":"https:\/\/gadgettravellers.eu\/it\/wp-json\/wp\/v2\/media\/5182487"}],"wp:attachment":[{"href":"https:\/\/gadgettravellers.eu\/it\/wp-json\/wp\/v2\/media?parent=5317378"}],"wp:term":[{"taxonomy":"product_brand","embeddable":true,"href":"https:\/\/gadgettravellers.eu\/it\/wp-json\/wp\/v2\/product_brand?post=5317378"},{"taxonomy":"product_cat","embeddable":true,"href":"https:\/\/gadgettravellers.eu\/it\/wp-json\/wp\/v2\/product_cat?post=5317378"},{"taxonomy":"product_tag","embeddable":true,"href":"https:\/\/gadgettravellers.eu\/it\/wp-json\/wp\/v2\/product_tag?post=5317378"}],"curies":[{"name":"wp","href":"https:\/\/api.w.org\/{rel}","templated":true}]}}