{"id":5317379,"date":"2026-01-19T14:51:13","date_gmt":"2026-01-19T12:51:13","guid":{"rendered":"https:\/\/gadgettravellers.eu\/shop\/pennello-in-silicone-circolare-205cm-xmasfest-1133038\/"},"modified":"2026-04-22T22:54:38","modified_gmt":"2026-04-22T20:54:38","slug":"pennello-in-silicone-circolare-205cm-xmasfest-1133038","status":"publish","type":"product","link":"https:\/\/gadgettravellers.eu\/it\/shop\/pennello-in-silicone-circolare-205cm-xmasfest-1133038\/","title":{"rendered":"Pennello in Silicone Circolare 20,5cm Xmasfest 1133038"},"content":{"rendered":"<p>20,5cm<\/p>\n<div class='aiseo-faq-section' style='margin-top:30px; border-top:1px solid #eee; padding-top:20px;'>\n<h3>Domande Frequenti<\/h3>\n<details style='margin-bottom:10px; padding:10px; background:#f9f9f9; border-radius:5px;'>\n<summary style='font-weight:bold; cursor:pointer;'>Di che materiale \u00e8 fatta la testa del pennello?<\/summary>\n<div style='margin-top:10px; color:#555;'>La testa \u00e8 in silicone alimentare, adatta all&#8217;uso con alimenti.<\/div>\n<\/details>\n<details style='margin-bottom:10px; padding:10px; background:#f9f9f9; border-radius:5px;'>\n<summary style='font-weight:bold; cursor:pointer;'>Qual \u00e8 la lunghezza totale del pennello?<\/summary>\n<div style='margin-top:10px; color:#555;'>Il pennello ha una lunghezza totale di 20,5 cm.<\/div>\n<\/details>\n<details style='margin-bottom:10px; padding:10px; background:#f9f9f9; border-radius:5px;'>\n<summary style='font-weight:bold; cursor:pointer;'>Posso lavarlo in lavastoviglie?<\/summary>\n<div style='margin-top:10px; color:#555;'>S\u00ec, \u00e8 adatto per il lavaggio in lavastoviglie.<\/div>\n<\/details>\n<details style='margin-bottom:10px; padding:10px; background:#f9f9f9; border-radius:5px;'>\n<summary style='font-weight:bold; cursor:pointer;'>Per quali lavori si utilizza la testa circolare?<\/summary>\n<div style='margin-top:10px; color:#555;'>\u00c8 ideale per spennellare, spazzolare e glassare oli, marinate e salse.<\/div>\n<\/details>\n<\/div>\n","protected":false},"excerpt":{"rendered":"<p>20,5cm Domande Frequenti Di che materiale \u00e8 fatta la testa del pennello? La testa \u00e8 in silicone alimentare, adatta all&#8217;uso con alimenti. Qual \u00e8 la lunghezza totale del pennello? Il pennello ha una lunghezza totale di 20,5 cm. Posso lavarlo in lavastoviglie? S\u00ec, \u00e8 adatto per il lavaggio in lavastoviglie. Per quali lavori si utilizza [&hellip;]<\/p>\n","protected":false},"featured_media":5182495,"comment_status":"closed","ping_status":"open","template":"","meta":[],"product_brand":[],"product_cat":[],"product_tag":[15],"class_list":{"0":"post-5317379","1":"product","2":"type-product","3":"status-publish","4":"has-post-thumbnail","6":"product_tag-uncategorized","8":"first","9":"onbackorder","10":"purchasable","11":"product-type-simple"},"jetpack_sharing_enabled":true,"_links":{"self":[{"href":"https:\/\/gadgettravellers.eu\/it\/wp-json\/wp\/v2\/product\/5317379","targetHints":{"allow":["GET"]}}],"collection":[{"href":"https:\/\/gadgettravellers.eu\/it\/wp-json\/wp\/v2\/product"}],"about":[{"href":"https:\/\/gadgettravellers.eu\/it\/wp-json\/wp\/v2\/types\/product"}],"replies":[{"embeddable":true,"href":"https:\/\/gadgettravellers.eu\/it\/wp-json\/wp\/v2\/comments?post=5317379"}],"wp:featuredmedia":[{"embeddable":true,"href":"https:\/\/gadgettravellers.eu\/it\/wp-json\/wp\/v2\/media\/5182495"}],"wp:attachment":[{"href":"https:\/\/gadgettravellers.eu\/it\/wp-json\/wp\/v2\/media?parent=5317379"}],"wp:term":[{"taxonomy":"product_brand","embeddable":true,"href":"https:\/\/gadgettravellers.eu\/it\/wp-json\/wp\/v2\/product_brand?post=5317379"},{"taxonomy":"product_cat","embeddable":true,"href":"https:\/\/gadgettravellers.eu\/it\/wp-json\/wp\/v2\/product_cat?post=5317379"},{"taxonomy":"product_tag","embeddable":true,"href":"https:\/\/gadgettravellers.eu\/it\/wp-json\/wp\/v2\/product_tag?post=5317379"}],"curies":[{"name":"wp","href":"https:\/\/api.w.org\/{rel}","templated":true}]}}