{"id":5317381,"date":"2026-01-19T14:51:15","date_gmt":"2026-01-19T12:51:15","guid":{"rendered":"https:\/\/gadgettravellers.eu\/shop\/addobbo-pendolo-renna-palla-6cm-xmasfest-1133043\/"},"modified":"2026-04-22T22:54:39","modified_gmt":"2026-04-22T20:54:39","slug":"addobbo-pendolo-renna-palla-6cm-xmasfest-1133043","status":"publish","type":"product","link":"https:\/\/gadgettravellers.eu\/it\/shop\/addobbo-pendolo-renna-palla-6cm-xmasfest-1133043\/","title":{"rendered":"Addobbo Pendolo Renna Palla 6cm Xmasfest 1133043"},"content":{"rendered":"<p>(potrebbe abbinarsi) palla pelosa 6cm<\/p>\n<div class='aiseo-faq-section' style='margin-top:30px; border-top:1px solid #eee; padding-top:20px;'>\n<h3>Domande Frequenti<\/h3>\n<details style='margin-bottom:10px; padding:10px; background:#f9f9f9; border-radius:5px;'>\n<summary style='font-weight:bold; cursor:pointer;'>Qual \u00e8 la dimensione della palla?<\/summary>\n<div style='margin-top:10px; color:#555;'>Diametro 6 cm.<\/div>\n<\/details>\n<details style='margin-bottom:10px; padding:10px; background:#f9f9f9; border-radius:5px;'>\n<summary style='font-weight:bold; cursor:pointer;'>Qual \u00e8 il tema dell&#8217;ornamento?<\/summary>\n<div style='margin-top:10px; color:#555;'>Ha come tema la renna.<\/div>\n<\/details>\n<details style='margin-bottom:10px; padding:10px; background:#f9f9f9; border-radius:5px;'>\n<summary style='font-weight:bold; cursor:pointer;'>In quali colori \u00e8 disponibile?<\/summary>\n<div style='margin-top:10px; color:#555;'>Disponibile in colori assortiti.<\/div>\n<\/details>\n<details style='margin-bottom:10px; padding:10px; background:#f9f9f9; border-radius:5px;'>\n<summary style='font-weight:bold; cursor:pointer;'>Dove pu\u00f2 essere utilizzato?<\/summary>\n<div style='margin-top:10px; color:#555;'>Ideale per albero, ghirlande e piccole composizioni decorative, leggera e facile da appendere.<\/div>\n<\/details>\n<\/div>\n","protected":false},"excerpt":{"rendered":"<p>(potrebbe abbinarsi) palla pelosa 6cm Domande Frequenti Qual \u00e8 la dimensione della palla? Diametro 6 cm. Qual \u00e8 il tema dell&#8217;ornamento? Ha come tema la renna. In quali colori \u00e8 disponibile? Disponibile in colori assortiti. Dove pu\u00f2 essere utilizzato? Ideale per albero, ghirlande e piccole composizioni decorative, leggera e facile da appendere.<\/p>\n","protected":false},"featured_media":5182509,"comment_status":"closed","ping_status":"open","template":"","meta":[],"product_brand":[],"product_cat":[],"product_tag":[15],"class_list":{"0":"post-5317381","1":"product","2":"type-product","3":"status-publish","4":"has-post-thumbnail","6":"product_tag-uncategorized","8":"first","9":"onbackorder","10":"purchasable","11":"product-type-simple"},"jetpack_sharing_enabled":true,"_links":{"self":[{"href":"https:\/\/gadgettravellers.eu\/it\/wp-json\/wp\/v2\/product\/5317381","targetHints":{"allow":["GET"]}}],"collection":[{"href":"https:\/\/gadgettravellers.eu\/it\/wp-json\/wp\/v2\/product"}],"about":[{"href":"https:\/\/gadgettravellers.eu\/it\/wp-json\/wp\/v2\/types\/product"}],"replies":[{"embeddable":true,"href":"https:\/\/gadgettravellers.eu\/it\/wp-json\/wp\/v2\/comments?post=5317381"}],"wp:featuredmedia":[{"embeddable":true,"href":"https:\/\/gadgettravellers.eu\/it\/wp-json\/wp\/v2\/media\/5182509"}],"wp:attachment":[{"href":"https:\/\/gadgettravellers.eu\/it\/wp-json\/wp\/v2\/media?parent=5317381"}],"wp:term":[{"taxonomy":"product_brand","embeddable":true,"href":"https:\/\/gadgettravellers.eu\/it\/wp-json\/wp\/v2\/product_brand?post=5317381"},{"taxonomy":"product_cat","embeddable":true,"href":"https:\/\/gadgettravellers.eu\/it\/wp-json\/wp\/v2\/product_cat?post=5317381"},{"taxonomy":"product_tag","embeddable":true,"href":"https:\/\/gadgettravellers.eu\/it\/wp-json\/wp\/v2\/product_tag?post=5317381"}],"curies":[{"name":"wp","href":"https:\/\/api.w.org\/{rel}","templated":true}]}}