{"id":5317383,"date":"2026-01-19T14:51:16","date_gmt":"2026-01-19T12:51:16","guid":{"rendered":"https:\/\/gadgettravellers.eu\/shop\/addobbo-pendolo-soldatino-di-legno-12x55cm-xmasfest-1133049\/"},"modified":"2026-04-22T22:54:40","modified_gmt":"2026-04-22T20:54:40","slug":"addobbo-pendolo-soldatino-di-legno-12x55cm-xmasfest-1133049","status":"publish","type":"product","link":"https:\/\/gadgettravellers.eu\/it\/shop\/addobbo-pendolo-soldatino-di-legno-12x55cm-xmasfest-1133049\/","title":{"rendered":"Addobbo Pendolo Soldatino di Legno 12&#215;5,5cm Xmasfest 1133049"},"content":{"rendered":"<p>Legno &#8211; panno 12&#215;5,5cm<\/p>\n<div class='aiseo-faq-section' style='margin-top:30px; border-top:1px solid #eee; padding-top:20px;'>\n<h3>Domande Frequenti<\/h3>\n<details style='margin-bottom:10px; padding:10px; background:#f9f9f9; border-radius:5px;'>\n<summary style='font-weight:bold; cursor:pointer;'>Di quali materiali \u00e8 fatto l&#8217;ornamento?<\/summary>\n<div style='margin-top:10px; color:#555;'>Realizzato in legno con dettagli in feltro.<\/div>\n<\/details>\n<details style='margin-bottom:10px; padding:10px; background:#f9f9f9; border-radius:5px;'>\n<summary style='font-weight:bold; cursor:pointer;'>Quali sono le sue dimensioni?<\/summary>\n<div style='margin-top:10px; color:#555;'>Le dimensioni sono 12 x 5,5 cm.<\/div>\n<\/details>\n<details style='margin-bottom:10px; padding:10px; background:#f9f9f9; border-radius:5px;'>\n<summary style='font-weight:bold; cursor:pointer;'>Pu\u00f2 essere appeso all&#8217;albero di Natale o alla ghirlanda?<\/summary>\n<div style='margin-top:10px; color:#555;'>S\u00ec, \u00e8 appeso ed \u00e8 adatto per l&#8217;albero, la ghirlanda o la decorazione natalizia generale.<\/div>\n<\/details>\n<details style='margin-bottom:10px; padding:10px; background:#f9f9f9; border-radius:5px;'>\n<summary style='font-weight:bold; cursor:pointer;'>Che forma ha l&#8217;ornamento?<\/summary>\n<div style='margin-top:10px; color:#555;'>Ha la forma di un soldato.<\/div>\n<\/details>\n<\/div>\n","protected":false},"excerpt":{"rendered":"<p>Legno &#8211; panno 12&#215;5,5cm Domande Frequenti Di quali materiali \u00e8 fatto l&#8217;ornamento? Realizzato in legno con dettagli in feltro. Quali sono le sue dimensioni? Le dimensioni sono 12 x 5,5 cm. Pu\u00f2 essere appeso all&#8217;albero di Natale o alla ghirlanda? S\u00ec, \u00e8 appeso ed \u00e8 adatto per l&#8217;albero, la ghirlanda o la decorazione natalizia generale. [&hellip;]<\/p>\n","protected":false},"featured_media":5182524,"comment_status":"closed","ping_status":"open","template":"","meta":[],"product_brand":[],"product_cat":[],"product_tag":[15],"class_list":{"0":"post-5317383","1":"product","2":"type-product","3":"status-publish","4":"has-post-thumbnail","6":"product_tag-uncategorized","8":"first","9":"onbackorder","10":"purchasable","11":"product-type-simple"},"jetpack_sharing_enabled":true,"_links":{"self":[{"href":"https:\/\/gadgettravellers.eu\/it\/wp-json\/wp\/v2\/product\/5317383","targetHints":{"allow":["GET"]}}],"collection":[{"href":"https:\/\/gadgettravellers.eu\/it\/wp-json\/wp\/v2\/product"}],"about":[{"href":"https:\/\/gadgettravellers.eu\/it\/wp-json\/wp\/v2\/types\/product"}],"replies":[{"embeddable":true,"href":"https:\/\/gadgettravellers.eu\/it\/wp-json\/wp\/v2\/comments?post=5317383"}],"wp:featuredmedia":[{"embeddable":true,"href":"https:\/\/gadgettravellers.eu\/it\/wp-json\/wp\/v2\/media\/5182524"}],"wp:attachment":[{"href":"https:\/\/gadgettravellers.eu\/it\/wp-json\/wp\/v2\/media?parent=5317383"}],"wp:term":[{"taxonomy":"product_brand","embeddable":true,"href":"https:\/\/gadgettravellers.eu\/it\/wp-json\/wp\/v2\/product_brand?post=5317383"},{"taxonomy":"product_cat","embeddable":true,"href":"https:\/\/gadgettravellers.eu\/it\/wp-json\/wp\/v2\/product_cat?post=5317383"},{"taxonomy":"product_tag","embeddable":true,"href":"https:\/\/gadgettravellers.eu\/it\/wp-json\/wp\/v2\/product_tag?post=5317383"}],"curies":[{"name":"wp","href":"https:\/\/api.w.org\/{rel}","templated":true}]}}