{"id":5317384,"date":"2026-01-19T14:51:16","date_gmt":"2026-01-19T12:51:16","guid":{"rendered":"https:\/\/gadgettravellers.eu\/shop\/addobbo-pendolo-targhetta-con-santo-9x5cm-xmasfest-1133045\/"},"modified":"2026-04-22T22:54:40","modified_gmt":"2026-04-22T20:54:40","slug":"addobbo-pendolo-targhetta-con-santo-9x5cm-xmasfest-1133045","status":"publish","type":"product","link":"https:\/\/gadgettravellers.eu\/it\/shop\/addobbo-pendolo-targhetta-con-santo-9x5cm-xmasfest-1133045\/","title":{"rendered":"Addobbo Pendolo Targhetta con Santo 9x5cm Xmasfest 1133045"},"content":{"rendered":"<p>Legno 9x5cm<\/p>\n<div class='aiseo-faq-section' style='margin-top:30px; border-top:1px solid #eee; padding-top:20px;'>\n<h3>Domande Frequenti<\/h3>\n<details style='margin-bottom:10px; padding:10px; background:#f9f9f9; border-radius:5px;'>\n<summary style='font-weight:bold; cursor:pointer;'>Di che materiale \u00e8 il gioiello?<\/summary>\n<div style='margin-top:10px; color:#555;'>\u00c8 una decorazione natalizia appesa in legno a forma di targhetta.<\/div>\n<\/details>\n<details style='margin-bottom:10px; padding:10px; background:#f9f9f9; border-radius:5px;'>\n<summary style='font-weight:bold; cursor:pointer;'>Quali sono le dimensioni del prodotto?<\/summary>\n<div style='margin-top:10px; color:#555;'>Le dimensioni sono 9&#215;5 cm.<\/div>\n<\/details>\n<details style='margin-bottom:10px; padding:10px; background:#f9f9f9; border-radius:5px;'>\n<summary style='font-weight:bold; cursor:pointer;'>Come si appende l&#8217;ornamento?<\/summary>\n<div style='margin-top:10px; color:#555;'>Dispone di un foro e di un cordino per un facile appendimento.<\/div>\n<\/details>\n<details style='margin-bottom:10px; padding:10px; background:#f9f9f9; border-radius:5px;'>\n<summary style='font-weight:bold; cursor:pointer;'>Pu\u00f2 essere usato come regalo?<\/summary>\n<div style='margin-top:10px; color:#555;'>S\u00ec, \u00e8 adatto come piccolo regalo o souvenir per feste e anniversari.<\/div>\n<\/details>\n<\/div>\n","protected":false},"excerpt":{"rendered":"<p>Legno 9x5cm Domande Frequenti Di che materiale \u00e8 il gioiello? \u00c8 una decorazione natalizia appesa in legno a forma di targhetta. Quali sono le dimensioni del prodotto? Le dimensioni sono 9&#215;5 cm. Come si appende l&#8217;ornamento? Dispone di un foro e di un cordino per un facile appendimento. Pu\u00f2 essere usato come regalo? S\u00ec, \u00e8 [&hellip;]<\/p>\n","protected":false},"featured_media":5182516,"comment_status":"closed","ping_status":"open","template":"","meta":[],"product_brand":[],"product_cat":[],"product_tag":[15],"class_list":{"0":"post-5317384","1":"product","2":"type-product","3":"status-publish","4":"has-post-thumbnail","6":"product_tag-uncategorized","8":"first","9":"onbackorder","10":"purchasable","11":"product-type-simple"},"jetpack_sharing_enabled":true,"_links":{"self":[{"href":"https:\/\/gadgettravellers.eu\/it\/wp-json\/wp\/v2\/product\/5317384","targetHints":{"allow":["GET"]}}],"collection":[{"href":"https:\/\/gadgettravellers.eu\/it\/wp-json\/wp\/v2\/product"}],"about":[{"href":"https:\/\/gadgettravellers.eu\/it\/wp-json\/wp\/v2\/types\/product"}],"replies":[{"embeddable":true,"href":"https:\/\/gadgettravellers.eu\/it\/wp-json\/wp\/v2\/comments?post=5317384"}],"wp:featuredmedia":[{"embeddable":true,"href":"https:\/\/gadgettravellers.eu\/it\/wp-json\/wp\/v2\/media\/5182516"}],"wp:attachment":[{"href":"https:\/\/gadgettravellers.eu\/it\/wp-json\/wp\/v2\/media?parent=5317384"}],"wp:term":[{"taxonomy":"product_brand","embeddable":true,"href":"https:\/\/gadgettravellers.eu\/it\/wp-json\/wp\/v2\/product_brand?post=5317384"},{"taxonomy":"product_cat","embeddable":true,"href":"https:\/\/gadgettravellers.eu\/it\/wp-json\/wp\/v2\/product_cat?post=5317384"},{"taxonomy":"product_tag","embeddable":true,"href":"https:\/\/gadgettravellers.eu\/it\/wp-json\/wp\/v2\/product_tag?post=5317384"}],"curies":[{"name":"wp","href":"https:\/\/api.w.org\/{rel}","templated":true}]}}